{"id":1416,"date":"2025-08-22T08:17:25","date_gmt":"2025-08-22T08:17:25","guid":{"rendered":"https:\/\/rannahotell.ee\/green-key\/"},"modified":"2025-09-19T11:41:28","modified_gmt":"2025-09-19T11:41:28","slug":"green-key","status":"publish","type":"page","link":"https:\/\/rannahotell.ee\/fi\/green-key\/","title":{"rendered":"Green Key"},"content":{"rendered":"\n<div class=\"wp-block-cover alignfull\"><img loading=\"lazy\" decoding=\"async\" width=\"1000\" height=\"667\" class=\"wp-block-cover__image-background wp-image-494 size-full\" alt=\"\" src=\"https:\/\/rannahotell.ee\/wp-content\/uploads\/2025\/08\/estonia-ranna-hotel-outside-111.jpg\" style=\"object-position:58% 77%\" data-object-fit=\"cover\" data-object-position=\"58% 77%\" srcset=\"https:\/\/rannahotell.ee\/wp-content\/uploads\/2025\/08\/estonia-ranna-hotel-outside-111.jpg 1000w, https:\/\/rannahotell.ee\/wp-content\/uploads\/2025\/08\/estonia-ranna-hotel-outside-111-300x200.jpg 300w, https:\/\/rannahotell.ee\/wp-content\/uploads\/2025\/08\/estonia-ranna-hotel-outside-111-768x512.jpg 768w\" sizes=\"auto, (max-width: 1000px) 100vw, 1000px\" \/><span aria-hidden=\"true\" class=\"wp-block-cover__background has-background-dim-0 has-background-dim\"><\/span><div class=\"wp-block-cover__inner-container is-layout-flow wp-block-cover-is-layout-flow\">\n<p class=\"has-text-align-center has-large-font-size\"><\/p>\n<\/div><\/div>\n\n\n\n<div style=\"height:30px\" aria-hidden=\"true\" class=\"wp-block-spacer\"><\/div>\n\n\n\n<h1 class=\"wp-block-heading has-text-align-center\">GREEN KEY<\/h1>\n\n\n\n<hr class=\"wp-block-separator has-alpha-channel-opacity\"\/>\n\n\n\n<p class=\"has-text-align-center\" style=\"font-size:18px\">Olemme iloisia voidessamme kertoa, ett\u00e4 Rannahotell on saanut arvostetun kansainv\u00e4lisen<br>Green Key-ymp\u00e4rist\u00f6merkin! T\u00e4m\u00e4 tunnustus vahvistaa sitoutumisemme<br>ymp\u00e4rist\u00f6yst\u00e4v\u00e4llisemm\u00e4n ja kest\u00e4v\u00e4mm\u00e4n hotelliel\u00e4myksen luomiseen.<\/p>\n\n\n\n<p class=\"has-text-align-center\" style=\"font-size:18px\">Hotellimme on t\u00e4rke\u00e4 osa P\u00e4rnun historiaa ja rantakulttuuria, mutta katsomme my\u00f6s<br>tulevaisuuteen \u2013 etsimme jatkuvasti keinoja tarjota vieraillemme mukavuutta samalla, kun<br>suojelemme luontoa ja tuemme paikallista yhteis\u00f6\u00e4. Green Key -sertifikaatti vahvistaa, ett\u00e4<br>toimimme vastuullisesti ja edist\u00e4mme aktiivisesti ymp\u00e4rist\u00f6n kest\u00e4vyytt\u00e4.<\/p>\n\n\n\n<figure class=\"wp-block-image aligncenter size-full is-resized\"><img loading=\"lazy\" decoding=\"async\" width=\"265\" height=\"334\" src=\"https:\/\/rannahotell.ee\/wp-content\/uploads\/2025\/08\/greenkey_logo_varviline.png\" alt=\"\" class=\"wp-image-496\" style=\"width:100px\" srcset=\"https:\/\/rannahotell.ee\/wp-content\/uploads\/2025\/08\/greenkey_logo_varviline.png 265w, https:\/\/rannahotell.ee\/wp-content\/uploads\/2025\/08\/greenkey_logo_varviline-238x300.png 238w\" sizes=\"auto, (max-width: 265px) 100vw, 265px\" \/><\/figure>\n\n\n\n<div style=\"height:10px\" aria-hidden=\"true\" class=\"wp-block-spacer\"><\/div>\n\n\n\n<div class=\"wp-block-columns alignwide is-layout-flex wp-container-core-columns-is-layout-706b8d5c wp-block-columns-is-layout-flex\" style=\"padding-top:var(--wp--preset--spacing--30);padding-right:var(--wp--preset--spacing--40);padding-bottom:var(--wp--preset--spacing--30);padding-left:var(--wp--preset--spacing--40)\">\n<div class=\"wp-block-column animated rotateInDownLeft slow has-light-beige-background-color has-background is-layout-flow wp-block-column-is-layout-flow\" style=\"padding-top:var(--wp--preset--spacing--40);padding-bottom:var(--wp--preset--spacing--40)\">\n<div class=\"wp-block-cover is-light\" style=\"min-height:288px;aspect-ratio:unset;\"><img loading=\"lazy\" decoding=\"async\" width=\"768\" height=\"1024\" class=\"wp-block-cover__image-background wp-image-145 size-large\" alt=\"\" src=\"https:\/\/rannahotell.ee\/wp-content\/uploads\/2025\/07\/toad_rannahotellis-768x1024.jpg\" data-object-fit=\"cover\" srcset=\"https:\/\/rannahotell.ee\/wp-content\/uploads\/2025\/07\/toad_rannahotellis-768x1024.jpg 768w, https:\/\/rannahotell.ee\/wp-content\/uploads\/2025\/07\/toad_rannahotellis-225x300.jpg 225w, https:\/\/rannahotell.ee\/wp-content\/uploads\/2025\/07\/toad_rannahotellis-1152x1536.jpg 1152w, https:\/\/rannahotell.ee\/wp-content\/uploads\/2025\/07\/toad_rannahotellis.jpg 1536w\" sizes=\"auto, (max-width: 768px) 100vw, 768px\" \/><span aria-hidden=\"true\" class=\"wp-block-cover__background has-background-dim-0 has-background-dim\" style=\"background-color:#8a8b83\"><\/span><div class=\"wp-block-cover__inner-container is-layout-constrained wp-block-cover-is-layout-constrained\">\n<p class=\"has-text-align-center has-large-font-size\"><\/p>\n<\/div><\/div>\n\n\n\n<ul class=\"wp-block-list\">\n<li>Pyyhkeiden uudelleenk\u00e4ytt\u00f6 \u2013 Jos j\u00e4t\u00e4t pyyhkeen telineeseen, emme vaihda sit\u00e4, mik\u00e4 auttaa v\u00e4hent\u00e4m\u00e4\u00e4n pesuveden kulutusta.<\/li>\n<\/ul>\n<\/div>\n\n\n\n<div class=\"wp-block-column is-layout-flow wp-block-column-is-layout-flow\" style=\"padding-top:var(--wp--preset--spacing--40);padding-bottom:var(--wp--preset--spacing--40)\">\n<div class=\"wp-block-cover is-light\" style=\"min-height:284px;aspect-ratio:unset;\"><img loading=\"lazy\" decoding=\"async\" width=\"768\" height=\"1024\" class=\"wp-block-cover__image-background wp-image-495 size-large\" alt=\"\" src=\"https:\/\/rannahotell.ee\/wp-content\/uploads\/2025\/08\/green_key_rannahotellis-768x1024.jpg\" data-object-fit=\"cover\" srcset=\"https:\/\/rannahotell.ee\/wp-content\/uploads\/2025\/08\/green_key_rannahotellis-768x1024.jpg 768w, https:\/\/rannahotell.ee\/wp-content\/uploads\/2025\/08\/green_key_rannahotellis-225x300.jpg 225w, https:\/\/rannahotell.ee\/wp-content\/uploads\/2025\/08\/green_key_rannahotellis-1152x1536.jpg 1152w, https:\/\/rannahotell.ee\/wp-content\/uploads\/2025\/08\/green_key_rannahotellis.jpg 1536w\" sizes=\"auto, (max-width: 768px) 100vw, 768px\" \/><span aria-hidden=\"true\" class=\"wp-block-cover__background has-background-dim-0 has-background-dim\" style=\"background-color:#708e8e\"><\/span><div class=\"wp-block-cover__inner-container is-layout-constrained wp-block-cover-is-layout-constrained\">\n<p class=\"has-text-align-center has-large-font-size\"><\/p>\n<\/div><\/div>\n\n\n\n<ul class=\"wp-block-list\">\n<li>T\u00e4ytett\u00e4v\u00e4t hygieniatuotteet \u2013 Olemme korvanneet kertak\u00e4ytt\u00f6iset shampoo- ja suihkugeelipullot uudelleenk\u00e4ytett\u00e4vill\u00e4 annostelijoilla kaikissa huoneissa, mik\u00e4 v\u00e4hent\u00e4\u00e4 muovij\u00e4tett\u00e4.<\/li>\n<\/ul>\n<\/div>\n\n\n\n<div class=\"wp-block-column has-light-beige-background-color has-background is-layout-flow wp-block-column-is-layout-flow\" style=\"padding-top:var(--wp--preset--spacing--40);padding-bottom:var(--wp--preset--spacing--40)\">\n<div class=\"wp-block-cover\" style=\"min-height:285px;aspect-ratio:unset;\"><img decoding=\"async\" class=\"wp-block-cover__image-background wp-image-662 size-full\" alt=\"\" src=\"https:\/\/rannahotell.ee\/wp-content\/uploads\/2025\/08\/kastmine.jpg\" data-object-fit=\"cover\"\/><span aria-hidden=\"true\" class=\"wp-block-cover__background has-background-dim-0 has-background-dim\" style=\"background-color:#555c5e\"><\/span><div class=\"wp-block-cover__inner-container is-layout-constrained wp-block-cover-is-layout-constrained\">\n<p class=\"has-text-align-center has-large-font-size\"><\/p>\n<\/div><\/div>\n\n\n\n<ul class=\"wp-block-list\">\n<li>Veden s\u00e4\u00e4st\u00e4minen viheralueilla \u2013 Kastamme kukat ja viheralueet aamulla haihtumisen v\u00e4hent\u00e4miseksi ja resurssien s\u00e4\u00e4st\u00e4miseksi.<\/li>\n<\/ul>\n<\/div>\n\n\n\n<div class=\"wp-block-column animated rotateInDownRight slow is-layout-flow wp-block-column-is-layout-flow\" style=\"padding-top:var(--wp--preset--spacing--40);padding-bottom:var(--wp--preset--spacing--40)\">\n<div class=\"wp-block-cover is-light\" style=\"min-height:284px;aspect-ratio:unset;\"><img loading=\"lazy\" decoding=\"async\" width=\"940\" height=\"788\" class=\"wp-block-cover__image-background wp-image-497 size-full\" alt=\"\" src=\"https:\/\/rannahotell.ee\/wp-content\/uploads\/2025\/08\/kraan-1.png\" data-object-fit=\"cover\" srcset=\"https:\/\/rannahotell.ee\/wp-content\/uploads\/2025\/08\/kraan-1.png 940w, https:\/\/rannahotell.ee\/wp-content\/uploads\/2025\/08\/kraan-1-300x251.png 300w, https:\/\/rannahotell.ee\/wp-content\/uploads\/2025\/08\/kraan-1-768x644.png 768w\" sizes=\"auto, (max-width: 940px) 100vw, 940px\" \/><span aria-hidden=\"true\" class=\"wp-block-cover__background has-background-dim-0 has-background-dim\" style=\"background-color:#ced2db\"><\/span><div class=\"wp-block-cover__inner-container is-layout-constrained wp-block-cover-is-layout-constrained\">\n<p class=\"has-text-align-center has-large-font-size\"><\/p>\n<\/div><\/div>\n\n\n\n<ul class=\"wp-block-list\">\n<li>Juo hanavett\u00e4 \u2013 Hanavetemme on korkealaatuista ja turvallista juoda. Nauti siit\u00e4 suoraan hanasta ja auta v\u00e4hent\u00e4m\u00e4\u00e4n muovipullojen kulutusta.<\/li>\n<\/ul>\n<\/div>\n<\/div>\n\n\n\n<div class=\"wp-block-columns alignwide is-layout-flex wp-container-core-columns-is-layout-ef350914 wp-block-columns-is-layout-flex\" style=\"padding-top:var(--wp--preset--spacing--30);padding-bottom:var(--wp--preset--spacing--30)\">\n<div class=\"wp-block-column animated rotateInDownLeft slow is-layout-flow wp-block-column-is-layout-flow\" style=\"padding-top:var(--wp--preset--spacing--40);padding-bottom:var(--wp--preset--spacing--40)\">\n<div class=\"wp-block-cover is-light\" style=\"min-height:288px;aspect-ratio:unset;\"><img decoding=\"async\" class=\"wp-block-cover__image-background wp-image-663 size-full\" alt=\"\" src=\"https:\/\/rannahotell.ee\/wp-content\/uploads\/2025\/08\/toit.jpg\" data-object-fit=\"cover\"\/><span aria-hidden=\"true\" class=\"wp-block-cover__background has-background-dim-0 has-background-dim\" style=\"background-color:#bca3a0\"><\/span><div class=\"wp-block-cover__inner-container is-layout-constrained wp-block-cover-is-layout-constrained\">\n<p class=\"has-text-align-center has-large-font-size\"><\/p>\n<\/div><\/div>\n\n\n\n<ul class=\"wp-block-list\">\n<li>Paikallisten raaka-aineiden k\u00e4ytt\u00f6 \u2013 Teemme yhteisty\u00f6t\u00e4 paikallisten ruokatuottajien kanssa varmistaaksemme, ett\u00e4 ravintolamme tarjoaa mahdollisimman paljonpaikallisia tuotteita.<\/li>\n<\/ul>\n\n\n\n<p><\/p>\n<\/div>\n\n\n\n<div class=\"wp-block-column has-light-beige-background-color has-background is-layout-flow wp-block-column-is-layout-flow\" style=\"padding-top:var(--wp--preset--spacing--40);padding-bottom:var(--wp--preset--spacing--40)\">\n<div class=\"wp-block-cover is-light\" style=\"min-height:284px;aspect-ratio:unset;\"><img loading=\"lazy\" decoding=\"async\" width=\"1024\" height=\"738\" class=\"wp-block-cover__image-background wp-image-664 size-large\" alt=\"\" src=\"https:\/\/rannahotell.ee\/wp-content\/uploads\/2025\/08\/valgus-1024x738.jpg\" data-object-fit=\"cover\" srcset=\"https:\/\/rannahotell.ee\/wp-content\/uploads\/2025\/08\/valgus-1024x738.jpg 1024w, https:\/\/rannahotell.ee\/wp-content\/uploads\/2025\/08\/valgus-300x216.jpg 300w, https:\/\/rannahotell.ee\/wp-content\/uploads\/2025\/08\/valgus-768x554.jpg 768w, https:\/\/rannahotell.ee\/wp-content\/uploads\/2025\/08\/valgus.jpg 1357w\" sizes=\"auto, (max-width: 1024px) 100vw, 1024px\" \/><span aria-hidden=\"true\" class=\"wp-block-cover__background has-background-dim-0 has-background-dim\" style=\"background-color:#d4ccc3\"><\/span><div class=\"wp-block-cover__inner-container is-layout-constrained wp-block-cover-is-layout-constrained\">\n<p class=\"has-text-align-center has-large-font-size\"><\/p>\n<\/div><\/div>\n\n\n\n<ul class=\"wp-block-list\">\n<li>Energiatehokas valaistus \u2013 K\u00e4yt\u00e4mme LED-valaistusta huoneissa ja yleisiss\u00e4 tiloissa sek\u00e4 mahdollisuuksien mukaan liiketunnistimilla toimivia valoja tarpeettoman energiankulutuksen v\u00e4ltt\u00e4miseksi.<\/li>\n<\/ul>\n<\/div>\n\n\n\n<div class=\"wp-block-column is-layout-flow wp-block-column-is-layout-flow\" style=\"padding-top:var(--wp--preset--spacing--40);padding-bottom:var(--wp--preset--spacing--40)\">\n<div class=\"wp-block-cover is-light\" style=\"min-height:285px;aspect-ratio:unset;\"><img decoding=\"async\" class=\"wp-block-cover__image-background wp-image-665 size-full\" alt=\"\" src=\"https:\/\/rannahotell.ee\/wp-content\/uploads\/2025\/08\/voodipesu-ja-ratikud-1.jpg\" data-object-fit=\"cover\"\/><span aria-hidden=\"true\" class=\"wp-block-cover__background has-background-dim-0 has-background-dim\" style=\"background-color:#aea39f\"><\/span><div class=\"wp-block-cover__inner-container is-layout-constrained wp-block-cover-is-layout-constrained\">\n<p class=\"has-text-align-center has-large-font-size\"><\/p>\n<\/div><\/div>\n\n\n\n<ul class=\"wp-block-list\">\n<li>Vuodevaatteiden vaihtok\u00e4yt\u00e4nt\u00f6 \u2013 Vuodevaatteet vaihdetaan nelj\u00e4 p\u00e4iv\u00e4n v\u00e4lein tai vierailun p\u00e4\u00e4ttyess\u00e4. Jos haluat useammin vaihtoa, ilmoita siit\u00e4 meille.<\/li>\n<\/ul>\n<\/div>\n\n\n\n<div class=\"wp-block-column animated rotateInDownRight slow has-light-beige-background-color has-background is-layout-flow wp-block-column-is-layout-flow\" style=\"padding-top:var(--wp--preset--spacing--40);padding-bottom:var(--wp--preset--spacing--40)\">\n<div class=\"wp-block-cover\" style=\"min-height:286px;aspect-ratio:unset;\"><img decoding=\"async\" class=\"wp-block-cover__image-background wp-image-667 size-full\" alt=\"\" src=\"https:\/\/rannahotell.ee\/wp-content\/uploads\/2025\/08\/AdobeStock_847588752.jpeg\" data-object-fit=\"cover\"\/><span aria-hidden=\"true\" class=\"wp-block-cover__background has-background-dim-0 has-background-dim\" style=\"background-color:#778281\"><\/span><div class=\"wp-block-cover__inner-container is-layout-constrained wp-block-cover-is-layout-constrained\">\n<p class=\"has-text-align-center has-large-font-size\"><\/p>\n<\/div><\/div>\n\n\n\n<ul class=\"wp-block-list\">\n<li>Ymp\u00e4rist\u00f6yst\u00e4v\u00e4lliset puhdistusaineet \u2013 K\u00e4yt\u00e4mme kest\u00e4vi\u00e4 puhdistusaineita varmistaaksemme, ett\u00e4 hotellimme sis\u00e4tilat ja ymp\u00e4rist\u00f6 pysyv\u00e4t kemikaalittomina.<\/li>\n<\/ul>\n<\/div>\n<\/div>\n\n\n\n<div style=\"height:30px\" aria-hidden=\"true\" class=\"wp-block-spacer\"><\/div>\n\n\n\n<p class=\"has-text-align-center\">Tavoitteenamme on tarjota rentouttava rantaloma P\u00e4rnussa samalla, kun toimimme<br>vastuullisesti ja kest\u00e4v\u00e4sti.<strong><a href=\"https:\/\/www.greenkey.global\/\" target=\"_blank\" rel=\"noreferrer noopener\"> Lue lis\u00e4\u00e4 Green Key -ohjelmasta.<\/a><\/strong><\/p>\n\n\n\n<div style=\"height:20px\" aria-hidden=\"true\" class=\"wp-block-spacer\"><\/div>\n\n\n\n<p><\/p>\n","protected":false},"excerpt":{"rendered":"<p>GREEN KEY Olemme iloisia voidessamme kertoa, ett\u00e4 Rannahotell on saanut arvostetun kansainv\u00e4lisenGreen Key-ymp\u00e4rist\u00f6merkin! T\u00e4m\u00e4 tunnustus vahvistaa sitoutumisemmeymp\u00e4rist\u00f6yst\u00e4v\u00e4llisemm\u00e4n ja kest\u00e4v\u00e4mm\u00e4n hotelliel\u00e4myksen luomiseen. Hotellimme on t\u00e4rke\u00e4 osa P\u00e4rnun historiaa ja rantakulttuuria, mutta katsomme my\u00f6stulevaisuuteen \u2013 etsimme jatkuvasti keinoja tarjota vieraillemme mukavuutta samalla, kunsuojelemme luontoa ja tuemme paikallista yhteis\u00f6\u00e4. Green Key -sertifikaatti vahvistaa, ett\u00e4toimimme vastuullisesti ja edist\u00e4mme aktiivisesti [&hellip;]<\/p>\n","protected":false},"author":3,"featured_media":0,"parent":0,"menu_order":0,"comment_status":"closed","ping_status":"closed","template":"","meta":{"footnotes":""},"class_list":["post-1416","page","type-page","status-publish","hentry"],"yoast_head":"<!-- This site is optimized with the Yoast SEO plugin v27.0 - https:\/\/yoast.com\/product\/yoast-seo-wordpress\/ -->\n<title>Green Key - P\u00e4rnu Rannahotell<\/title>\n<meta name=\"robots\" content=\"index, follow, max-snippet:-1, max-image-preview:large, max-video-preview:-1\" \/>\n<link rel=\"canonical\" href=\"https:\/\/rannahotell.ee\/fi\/green-key\/\" \/>\n<meta property=\"og:locale\" content=\"fi_FI\" \/>\n<meta property=\"og:type\" content=\"article\" \/>\n<meta property=\"og:title\" content=\"Green Key - P\u00e4rnu Rannahotell\" \/>\n<meta property=\"og:description\" content=\"GREEN KEY Olemme iloisia voidessamme kertoa, ett\u00e4 Rannahotell on saanut arvostetun kansainv\u00e4lisenGreen Key-ymp\u00e4rist\u00f6merkin! T\u00e4m\u00e4 tunnustus vahvistaa sitoutumisemmeymp\u00e4rist\u00f6yst\u00e4v\u00e4llisemm\u00e4n ja kest\u00e4v\u00e4mm\u00e4n hotelliel\u00e4myksen luomiseen. Hotellimme on t\u00e4rke\u00e4 osa P\u00e4rnun historiaa ja rantakulttuuria, mutta katsomme my\u00f6stulevaisuuteen \u2013 etsimme jatkuvasti keinoja tarjota vieraillemme mukavuutta samalla, kunsuojelemme luontoa ja tuemme paikallista yhteis\u00f6\u00e4. Green Key -sertifikaatti vahvistaa, ett\u00e4toimimme vastuullisesti ja edist\u00e4mme aktiivisesti [&hellip;]\" \/>\n<meta property=\"og:url\" content=\"https:\/\/rannahotell.ee\/fi\/green-key\/\" \/>\n<meta property=\"og:site_name\" content=\"P\u00e4rnu Rannahotell\" \/>\n<meta property=\"article:modified_time\" content=\"2025-09-19T11:41:28+00:00\" \/>\n<meta property=\"og:image\" content=\"https:\/\/rannahotell.ee\/wp-content\/uploads\/2025\/08\/estonia-ranna-hotel-outside-111.jpg\" \/>\n<meta name=\"twitter:card\" content=\"summary_large_image\" \/>\n<script type=\"application\/ld+json\" class=\"yoast-schema-graph\">{\"@context\":\"https:\/\/schema.org\",\"@graph\":[{\"@type\":\"WebPage\",\"@id\":\"https:\/\/rannahotell.ee\/fi\/green-key\/\",\"url\":\"https:\/\/rannahotell.ee\/fi\/green-key\/\",\"name\":\"Green Key - P\u00e4rnu Rannahotell\",\"isPartOf\":{\"@id\":\"https:\/\/rannahotell.ee\/fi\/#website\"},\"primaryImageOfPage\":{\"@id\":\"https:\/\/rannahotell.ee\/fi\/green-key\/#primaryimage\"},\"image\":{\"@id\":\"https:\/\/rannahotell.ee\/fi\/green-key\/#primaryimage\"},\"thumbnailUrl\":\"https:\/\/rannahotell.ee\/wp-content\/uploads\/2025\/08\/estonia-ranna-hotel-outside-111.jpg\",\"datePublished\":\"2025-08-22T08:17:25+00:00\",\"dateModified\":\"2025-09-19T11:41:28+00:00\",\"breadcrumb\":{\"@id\":\"https:\/\/rannahotell.ee\/fi\/green-key\/#breadcrumb\"},\"inLanguage\":\"fi\",\"potentialAction\":[{\"@type\":\"ReadAction\",\"target\":[\"https:\/\/rannahotell.ee\/fi\/green-key\/\"]}]},{\"@type\":\"ImageObject\",\"inLanguage\":\"fi\",\"@id\":\"https:\/\/rannahotell.ee\/fi\/green-key\/#primaryimage\",\"url\":\"https:\/\/rannahotell.ee\/wp-content\/uploads\/2025\/08\/estonia-ranna-hotel-outside-111.jpg\",\"contentUrl\":\"https:\/\/rannahotell.ee\/wp-content\/uploads\/2025\/08\/estonia-ranna-hotel-outside-111.jpg\"},{\"@type\":\"BreadcrumbList\",\"@id\":\"https:\/\/rannahotell.ee\/fi\/green-key\/#breadcrumb\",\"itemListElement\":[{\"@type\":\"ListItem\",\"position\":1,\"name\":\"Home\",\"item\":\"https:\/\/rannahotell.ee\/fi\/\"},{\"@type\":\"ListItem\",\"position\":2,\"name\":\"Green Key\"}]},{\"@type\":\"WebSite\",\"@id\":\"https:\/\/rannahotell.ee\/fi\/#website\",\"url\":\"https:\/\/rannahotell.ee\/fi\/\",\"name\":\"P\u00e4rnu Rannahotell\",\"description\":\"Arhitektuurip\u00e4rl P\u00e4rnu parima restoraniga\",\"potentialAction\":[{\"@type\":\"SearchAction\",\"target\":{\"@type\":\"EntryPoint\",\"urlTemplate\":\"https:\/\/rannahotell.ee\/fi\/?s={search_term_string}\"},\"query-input\":{\"@type\":\"PropertyValueSpecification\",\"valueRequired\":true,\"valueName\":\"search_term_string\"}}],\"inLanguage\":\"fi\"}]}<\/script>\n<!-- \/ Yoast SEO plugin. -->","yoast_head_json":{"title":"Green Key - P\u00e4rnu Rannahotell","robots":{"index":"index","follow":"follow","max-snippet":"max-snippet:-1","max-image-preview":"max-image-preview:large","max-video-preview":"max-video-preview:-1"},"canonical":"https:\/\/rannahotell.ee\/fi\/green-key\/","og_locale":"fi_FI","og_type":"article","og_title":"Green Key - P\u00e4rnu Rannahotell","og_description":"GREEN KEY Olemme iloisia voidessamme kertoa, ett\u00e4 Rannahotell on saanut arvostetun kansainv\u00e4lisenGreen Key-ymp\u00e4rist\u00f6merkin! T\u00e4m\u00e4 tunnustus vahvistaa sitoutumisemmeymp\u00e4rist\u00f6yst\u00e4v\u00e4llisemm\u00e4n ja kest\u00e4v\u00e4mm\u00e4n hotelliel\u00e4myksen luomiseen. Hotellimme on t\u00e4rke\u00e4 osa P\u00e4rnun historiaa ja rantakulttuuria, mutta katsomme my\u00f6stulevaisuuteen \u2013 etsimme jatkuvasti keinoja tarjota vieraillemme mukavuutta samalla, kunsuojelemme luontoa ja tuemme paikallista yhteis\u00f6\u00e4. Green Key -sertifikaatti vahvistaa, ett\u00e4toimimme vastuullisesti ja edist\u00e4mme aktiivisesti [&hellip;]","og_url":"https:\/\/rannahotell.ee\/fi\/green-key\/","og_site_name":"P\u00e4rnu Rannahotell","article_modified_time":"2025-09-19T11:41:28+00:00","og_image":[{"url":"https:\/\/rannahotell.ee\/wp-content\/uploads\/2025\/08\/estonia-ranna-hotel-outside-111.jpg","type":"","width":"","height":""}],"twitter_card":"summary_large_image","schema":{"@context":"https:\/\/schema.org","@graph":[{"@type":"WebPage","@id":"https:\/\/rannahotell.ee\/fi\/green-key\/","url":"https:\/\/rannahotell.ee\/fi\/green-key\/","name":"Green Key - P\u00e4rnu Rannahotell","isPartOf":{"@id":"https:\/\/rannahotell.ee\/fi\/#website"},"primaryImageOfPage":{"@id":"https:\/\/rannahotell.ee\/fi\/green-key\/#primaryimage"},"image":{"@id":"https:\/\/rannahotell.ee\/fi\/green-key\/#primaryimage"},"thumbnailUrl":"https:\/\/rannahotell.ee\/wp-content\/uploads\/2025\/08\/estonia-ranna-hotel-outside-111.jpg","datePublished":"2025-08-22T08:17:25+00:00","dateModified":"2025-09-19T11:41:28+00:00","breadcrumb":{"@id":"https:\/\/rannahotell.ee\/fi\/green-key\/#breadcrumb"},"inLanguage":"fi","potentialAction":[{"@type":"ReadAction","target":["https:\/\/rannahotell.ee\/fi\/green-key\/"]}]},{"@type":"ImageObject","inLanguage":"fi","@id":"https:\/\/rannahotell.ee\/fi\/green-key\/#primaryimage","url":"https:\/\/rannahotell.ee\/wp-content\/uploads\/2025\/08\/estonia-ranna-hotel-outside-111.jpg","contentUrl":"https:\/\/rannahotell.ee\/wp-content\/uploads\/2025\/08\/estonia-ranna-hotel-outside-111.jpg"},{"@type":"BreadcrumbList","@id":"https:\/\/rannahotell.ee\/fi\/green-key\/#breadcrumb","itemListElement":[{"@type":"ListItem","position":1,"name":"Home","item":"https:\/\/rannahotell.ee\/fi\/"},{"@type":"ListItem","position":2,"name":"Green Key"}]},{"@type":"WebSite","@id":"https:\/\/rannahotell.ee\/fi\/#website","url":"https:\/\/rannahotell.ee\/fi\/","name":"P\u00e4rnu Rannahotell","description":"Arhitektuurip\u00e4rl P\u00e4rnu parima restoraniga","potentialAction":[{"@type":"SearchAction","target":{"@type":"EntryPoint","urlTemplate":"https:\/\/rannahotell.ee\/fi\/?s={search_term_string}"},"query-input":{"@type":"PropertyValueSpecification","valueRequired":true,"valueName":"search_term_string"}}],"inLanguage":"fi"}]}},"_links":{"self":[{"href":"https:\/\/rannahotell.ee\/fi\/wp-json\/wp\/v2\/pages\/1416","targetHints":{"allow":["GET"]}}],"collection":[{"href":"https:\/\/rannahotell.ee\/fi\/wp-json\/wp\/v2\/pages"}],"about":[{"href":"https:\/\/rannahotell.ee\/fi\/wp-json\/wp\/v2\/types\/page"}],"author":[{"embeddable":true,"href":"https:\/\/rannahotell.ee\/fi\/wp-json\/wp\/v2\/users\/3"}],"replies":[{"embeddable":true,"href":"https:\/\/rannahotell.ee\/fi\/wp-json\/wp\/v2\/comments?post=1416"}],"version-history":[{"count":2,"href":"https:\/\/rannahotell.ee\/fi\/wp-json\/wp\/v2\/pages\/1416\/revisions"}],"predecessor-version":[{"id":1609,"href":"https:\/\/rannahotell.ee\/fi\/wp-json\/wp\/v2\/pages\/1416\/revisions\/1609"}],"wp:attachment":[{"href":"https:\/\/rannahotell.ee\/fi\/wp-json\/wp\/v2\/media?parent=1416"}],"curies":[{"name":"wp","href":"https:\/\/api.w.org\/{rel}","templated":true}]}}