{"id":1399,"date":"2025-08-22T08:37:08","date_gmt":"2025-08-22T08:37:08","guid":{"rendered":"https:\/\/rannahotell.ee\/korralda-sundmus-rannahotellis\/"},"modified":"2025-09-19T11:49:57","modified_gmt":"2025-09-19T11:49:57","slug":"tapahtumat","status":"publish","type":"page","link":"https:\/\/rannahotell.ee\/fi\/tapahtumat\/","title":{"rendered":"Tapahtumat"},"content":{"rendered":"\n<div class=\"wp-block-cover alignfull\"><img loading=\"lazy\" decoding=\"async\" width=\"2560\" height=\"1709\" class=\"wp-block-cover__image-background wp-image-1584 size-full\" alt=\"\" src=\"https:\/\/rannahotell.ee\/wp-content\/uploads\/2025\/09\/A-H-250-scaled.jpg\" style=\"object-position:53% 38%\" data-object-fit=\"cover\" data-object-position=\"53% 38%\" srcset=\"https:\/\/rannahotell.ee\/wp-content\/uploads\/2025\/09\/A-H-250-scaled.jpg 2560w, https:\/\/rannahotell.ee\/wp-content\/uploads\/2025\/09\/A-H-250-300x200.jpg 300w, https:\/\/rannahotell.ee\/wp-content\/uploads\/2025\/09\/A-H-250-1024x684.jpg 1024w, https:\/\/rannahotell.ee\/wp-content\/uploads\/2025\/09\/A-H-250-768x513.jpg 768w, https:\/\/rannahotell.ee\/wp-content\/uploads\/2025\/09\/A-H-250-1536x1025.jpg 1536w, https:\/\/rannahotell.ee\/wp-content\/uploads\/2025\/09\/A-H-250-2048x1367.jpg 2048w, https:\/\/rannahotell.ee\/wp-content\/uploads\/2025\/09\/A-H-250-1568x1047.jpg 1568w\" sizes=\"auto, (max-width: 2560px) 100vw, 2560px\" \/><span aria-hidden=\"true\" class=\"wp-block-cover__background has-background-dim-0 has-background-dim\"><\/span><div class=\"wp-block-cover__inner-container is-layout-flow wp-block-cover-is-layout-flow\">\n<p class=\"has-text-align-center has-large-font-size\"><\/p>\n<\/div><\/div>\n\n\n\n<div style=\"height:30px\" aria-hidden=\"true\" class=\"wp-block-spacer\"><\/div>\n\n\n\n<h1 class=\"wp-block-heading has-text-align-center\">TAPAHTUMAT<\/h1>\n\n\n\n<hr class=\"wp-block-separator has-alpha-channel-opacity\"\/>\n\n\n\n<div style=\"height:10px\" aria-hidden=\"true\" class=\"wp-block-spacer\"><\/div>\n\n\n\n<div class=\"wp-block-columns alignwide is-layout-flex wp-container-core-columns-is-layout-1a2ddb66 wp-block-columns-is-layout-flex\" style=\"padding-right:var(--wp--preset--spacing--30);padding-left:var(--wp--preset--spacing--30)\">\n<div class=\"wp-block-column animated fadeInLeft slow is-layout-flow wp-block-column-is-layout-flow\" style=\"padding-right:var(--wp--preset--spacing--30);padding-left:var(--wp--preset--spacing--30)\">\n<div class=\"wp-block-cover is-light\"><img loading=\"lazy\" decoding=\"async\" width=\"1024\" height=\"682\" class=\"wp-block-cover__image-background wp-image-140 size-large\" alt=\"\" src=\"https:\/\/rannahotell.ee\/wp-content\/uploads\/2025\/07\/RH385_large-1024x682.jpg\" data-object-fit=\"cover\" srcset=\"https:\/\/rannahotell.ee\/wp-content\/uploads\/2025\/07\/RH385_large-1024x682.jpg 1024w, https:\/\/rannahotell.ee\/wp-content\/uploads\/2025\/07\/RH385_large-300x200.jpg 300w, https:\/\/rannahotell.ee\/wp-content\/uploads\/2025\/07\/RH385_large-768x512.jpg 768w, https:\/\/rannahotell.ee\/wp-content\/uploads\/2025\/07\/RH385_large.jpg 1280w\" sizes=\"auto, (max-width: 1024px) 100vw, 1024px\" \/><span aria-hidden=\"true\" class=\"wp-block-cover__background has-background-dim-0 has-background-dim\"><\/span><div class=\"wp-block-cover__inner-container is-layout-constrained wp-block-cover-is-layout-constrained\">\n<p class=\"has-text-align-center has-large-font-size\"><\/p>\n<\/div><\/div>\n\n\n\n<h2 class=\"wp-block-heading has-text-align-center\" style=\"text-transform:uppercase\">Syntym\u00e4p\u00e4iv\u00e4t<\/h2>\n\n\n\n<p class=\"has-text-align-center\">Syntym\u00e4p\u00e4iv\u00e4 on erityinen! Rannahotellissa on mahdollista j\u00e4rjest\u00e4\u00e4 yksityinen tilaisuus tai hienot juhlat.&nbsp;<br><\/p>\n\n\n\n<div class=\"wp-block-buttons is-content-justification-center is-layout-flex wp-container-core-buttons-is-layout-a89b3969 wp-block-buttons-is-layout-flex\">\n<div class=\"wp-block-button\"><a class=\"wp-block-button__link has-text-align-center wp-element-button\" href=\"https:\/\/rannahotell.ee\/fi\/syntymapaivat\/\">L\u00c4HET\u00c4 KIRJE<\/a><\/div>\n<\/div>\n<\/div>\n\n\n\n<div class=\"wp-block-column is-layout-flow wp-block-column-is-layout-flow\" style=\"padding-right:var(--wp--preset--spacing--30);padding-left:var(--wp--preset--spacing--30)\">\n<div class=\"wp-block-cover\"><img loading=\"lazy\" decoding=\"async\" width=\"1024\" height=\"683\" class=\"wp-block-cover__image-background wp-image-506 size-large\" alt=\"\" src=\"https:\/\/rannahotell.ee\/wp-content\/uploads\/2025\/08\/Helena-ja-Keio-476-1024x683.jpg\" data-object-fit=\"cover\" srcset=\"https:\/\/rannahotell.ee\/wp-content\/uploads\/2025\/08\/Helena-ja-Keio-476-1024x683.jpg 1024w, https:\/\/rannahotell.ee\/wp-content\/uploads\/2025\/08\/Helena-ja-Keio-476-300x200.jpg 300w, https:\/\/rannahotell.ee\/wp-content\/uploads\/2025\/08\/Helena-ja-Keio-476-768x512.jpg 768w, https:\/\/rannahotell.ee\/wp-content\/uploads\/2025\/08\/Helena-ja-Keio-476-1536x1024.jpg 1536w\" sizes=\"auto, (max-width: 1024px) 100vw, 1024px\" \/><span aria-hidden=\"true\" class=\"wp-block-cover__background has-background-dim-0 has-background-dim\"><\/span><div class=\"wp-block-cover__inner-container is-layout-constrained wp-block-cover-is-layout-constrained\">\n<p class=\"has-text-align-center has-large-font-size\"><\/p>\n<\/div><\/div>\n\n\n\n<h2 class=\"wp-block-heading has-text-align-center\">H\u00c4\u00c4T<\/h2>\n\n\n\n<p class=\"has-text-align-center\">Onnellisessa avioliitossa rakastutaan yh\u00e4 uudelleen, viel\u00e4p\u00e4 samaan ihmiseen. Kauniiseen h\u00e4\u00e4juhlaan tarvitaan hyv\u00e4\u00e4 seuraa, hyv\u00e4\u00e4 illallista, ruusun tuoksua ja tietenkin pitk\u00e4\u00e4 mekkoa. Meren rannalla sijaitseva Rantahotelli on aidosti romanttinen h\u00e4\u00e4paikka.<br><\/p>\n\n\n\n<div class=\"wp-block-buttons is-content-justification-center is-layout-flex wp-container-core-buttons-is-layout-a89b3969 wp-block-buttons-is-layout-flex\">\n<div class=\"wp-block-button\"><a class=\"wp-block-button__link wp-element-button\" href=\"https:\/\/rannahotell.ee\/fi\/haat\/\">L\u00c4HET\u00c4 KIRJE<\/a><\/div>\n<\/div>\n<\/div>\n\n\n\n<div class=\"wp-block-column animated fadeInRight slow is-layout-flow wp-block-column-is-layout-flow\" style=\"padding-right:var(--wp--preset--spacing--30);padding-left:var(--wp--preset--spacing--30)\">\n<div class=\"wp-block-cover\"><img loading=\"lazy\" decoding=\"async\" width=\"960\" height=\"640\" class=\"wp-block-cover__image-background wp-image-507 size-full\" alt=\"\" src=\"https:\/\/rannahotell.ee\/wp-content\/uploads\/2025\/08\/Joulud.jpg\" data-object-fit=\"cover\" srcset=\"https:\/\/rannahotell.ee\/wp-content\/uploads\/2025\/08\/Joulud.jpg 960w, https:\/\/rannahotell.ee\/wp-content\/uploads\/2025\/08\/Joulud-300x200.jpg 300w, https:\/\/rannahotell.ee\/wp-content\/uploads\/2025\/08\/Joulud-768x512.jpg 768w\" sizes=\"auto, (max-width: 960px) 100vw, 960px\" \/><span aria-hidden=\"true\" class=\"wp-block-cover__background has-background-dim-0 has-background-dim\"><\/span><div class=\"wp-block-cover__inner-container is-layout-constrained wp-block-cover-is-layout-constrained\">\n<p class=\"has-text-align-center has-large-font-size\"><\/p>\n<\/div><\/div>\n\n\n\n<h2 class=\"wp-block-heading has-text-align-center\">JOULU JA FIRMAJUHLAT<\/h2>\n\n\n\n<p class=\"has-text-align-center\">Iloinen tiimi on toimivan yrityksen selk\u00e4ranka. Rannahotellissa voit j\u00e4rjest\u00e4\u00e4 mukavan tapaamisen henkil\u00f6kunnalle ja kumppaneille. &nbsp; &nbsp;<br><\/p>\n\n\n\n<div class=\"wp-block-buttons is-content-justification-center is-layout-flex wp-container-core-buttons-is-layout-a89b3969 wp-block-buttons-is-layout-flex\">\n<div class=\"wp-block-button\"><a class=\"wp-block-button__link wp-element-button\" href=\"https:\/\/rannahotell.ee\/fi\/joulu-ja-firmajuhlat\/\">L\u00c4HET\u00c4 KIRJE<\/a><\/div>\n<\/div>\n<\/div>\n<\/div>\n\n\n\n<div style=\"height:10px\" aria-hidden=\"true\" class=\"wp-block-spacer\"><\/div>\n","protected":false},"excerpt":{"rendered":"<p>TAPAHTUMAT Syntym\u00e4p\u00e4iv\u00e4t Syntym\u00e4p\u00e4iv\u00e4 on erityinen! Rannahotellissa on mahdollista j\u00e4rjest\u00e4\u00e4 yksityinen tilaisuus tai hienot juhlat.&nbsp; H\u00c4\u00c4T Onnellisessa avioliitossa rakastutaan yh\u00e4 uudelleen, viel\u00e4p\u00e4 samaan ihmiseen. Kauniiseen h\u00e4\u00e4juhlaan tarvitaan hyv\u00e4\u00e4 seuraa, hyv\u00e4\u00e4 illallista, ruusun tuoksua ja tietenkin pitk\u00e4\u00e4 mekkoa. Meren rannalla sijaitseva Rantahotelli on aidosti romanttinen h\u00e4\u00e4paikka. JOULU JA FIRMAJUHLAT Iloinen tiimi on toimivan yrityksen selk\u00e4ranka. Rannahotellissa voit [&hellip;]<\/p>\n","protected":false},"author":3,"featured_media":0,"parent":0,"menu_order":0,"comment_status":"closed","ping_status":"closed","template":"","meta":{"footnotes":""},"class_list":["post-1399","page","type-page","status-publish","hentry"],"yoast_head":"<!-- This site is optimized with the Yoast SEO plugin v27.4 - https:\/\/yoast.com\/product\/yoast-seo-wordpress\/ -->\n<title>Tapahtumat - P\u00e4rnu Rannahotell<\/title>\n<meta name=\"robots\" content=\"index, follow, max-snippet:-1, max-image-preview:large, max-video-preview:-1\" \/>\n<link rel=\"canonical\" href=\"https:\/\/rannahotell.ee\/fi\/tapahtumat\/\" \/>\n<meta property=\"og:locale\" content=\"fi_FI\" \/>\n<meta property=\"og:type\" content=\"article\" \/>\n<meta property=\"og:title\" content=\"Tapahtumat - P\u00e4rnu Rannahotell\" \/>\n<meta property=\"og:description\" content=\"TAPAHTUMAT Syntym\u00e4p\u00e4iv\u00e4t Syntym\u00e4p\u00e4iv\u00e4 on erityinen! Rannahotellissa on mahdollista j\u00e4rjest\u00e4\u00e4 yksityinen tilaisuus tai hienot juhlat.&nbsp; H\u00c4\u00c4T Onnellisessa avioliitossa rakastutaan yh\u00e4 uudelleen, viel\u00e4p\u00e4 samaan ihmiseen. Kauniiseen h\u00e4\u00e4juhlaan tarvitaan hyv\u00e4\u00e4 seuraa, hyv\u00e4\u00e4 illallista, ruusun tuoksua ja tietenkin pitk\u00e4\u00e4 mekkoa. Meren rannalla sijaitseva Rantahotelli on aidosti romanttinen h\u00e4\u00e4paikka. JOULU JA FIRMAJUHLAT Iloinen tiimi on toimivan yrityksen selk\u00e4ranka. Rannahotellissa voit [&hellip;]\" \/>\n<meta property=\"og:url\" content=\"https:\/\/rannahotell.ee\/fi\/tapahtumat\/\" \/>\n<meta property=\"og:site_name\" content=\"P\u00e4rnu Rannahotell\" \/>\n<meta property=\"article:modified_time\" content=\"2025-09-19T11:49:57+00:00\" \/>\n<meta property=\"og:image\" content=\"https:\/\/rannahotell.ee\/wp-content\/uploads\/2025\/09\/A-H-250-scaled.jpg\" \/>\n<meta name=\"twitter:card\" content=\"summary_large_image\" \/>\n<meta name=\"twitter:label1\" content=\"Arvioitu lukuaika\" \/>\n\t<meta name=\"twitter:data1\" content=\"2 minuuttia\" \/>\n<script type=\"application\/ld+json\" class=\"yoast-schema-graph\">{\"@context\":\"https:\\\/\\\/schema.org\",\"@graph\":[{\"@type\":\"WebPage\",\"@id\":\"https:\\\/\\\/rannahotell.ee\\\/fi\\\/tapahtumat\\\/\",\"url\":\"https:\\\/\\\/rannahotell.ee\\\/fi\\\/tapahtumat\\\/\",\"name\":\"Tapahtumat - P\u00e4rnu Rannahotell\",\"isPartOf\":{\"@id\":\"https:\\\/\\\/rannahotell.ee\\\/fi\\\/#website\"},\"primaryImageOfPage\":{\"@id\":\"https:\\\/\\\/rannahotell.ee\\\/fi\\\/tapahtumat\\\/#primaryimage\"},\"image\":{\"@id\":\"https:\\\/\\\/rannahotell.ee\\\/fi\\\/tapahtumat\\\/#primaryimage\"},\"thumbnailUrl\":\"https:\\\/\\\/rannahotell.ee\\\/wp-content\\\/uploads\\\/2025\\\/09\\\/A-H-250-scaled.jpg\",\"datePublished\":\"2025-08-22T08:37:08+00:00\",\"dateModified\":\"2025-09-19T11:49:57+00:00\",\"breadcrumb\":{\"@id\":\"https:\\\/\\\/rannahotell.ee\\\/fi\\\/tapahtumat\\\/#breadcrumb\"},\"inLanguage\":\"fi\",\"potentialAction\":[{\"@type\":\"ReadAction\",\"target\":[\"https:\\\/\\\/rannahotell.ee\\\/fi\\\/tapahtumat\\\/\"]}]},{\"@type\":\"ImageObject\",\"inLanguage\":\"fi\",\"@id\":\"https:\\\/\\\/rannahotell.ee\\\/fi\\\/tapahtumat\\\/#primaryimage\",\"url\":\"https:\\\/\\\/rannahotell.ee\\\/wp-content\\\/uploads\\\/2025\\\/09\\\/A-H-250-scaled.jpg\",\"contentUrl\":\"https:\\\/\\\/rannahotell.ee\\\/wp-content\\\/uploads\\\/2025\\\/09\\\/A-H-250-scaled.jpg\"},{\"@type\":\"BreadcrumbList\",\"@id\":\"https:\\\/\\\/rannahotell.ee\\\/fi\\\/tapahtumat\\\/#breadcrumb\",\"itemListElement\":[{\"@type\":\"ListItem\",\"position\":1,\"name\":\"Home\",\"item\":\"https:\\\/\\\/rannahotell.ee\\\/fi\\\/\"},{\"@type\":\"ListItem\",\"position\":2,\"name\":\"Tapahtumat\"}]},{\"@type\":\"WebSite\",\"@id\":\"https:\\\/\\\/rannahotell.ee\\\/fi\\\/#website\",\"url\":\"https:\\\/\\\/rannahotell.ee\\\/fi\\\/\",\"name\":\"P\u00e4rnu Rannahotell\",\"description\":\"Arhitektuurip\u00e4rl P\u00e4rnu parima restoraniga\",\"potentialAction\":[{\"@type\":\"SearchAction\",\"target\":{\"@type\":\"EntryPoint\",\"urlTemplate\":\"https:\\\/\\\/rannahotell.ee\\\/fi\\\/?s={search_term_string}\"},\"query-input\":{\"@type\":\"PropertyValueSpecification\",\"valueRequired\":true,\"valueName\":\"search_term_string\"}}],\"inLanguage\":\"fi\"}]}<\/script>\n<!-- \/ Yoast SEO plugin. -->","yoast_head_json":{"title":"Tapahtumat - P\u00e4rnu Rannahotell","robots":{"index":"index","follow":"follow","max-snippet":"max-snippet:-1","max-image-preview":"max-image-preview:large","max-video-preview":"max-video-preview:-1"},"canonical":"https:\/\/rannahotell.ee\/fi\/tapahtumat\/","og_locale":"fi_FI","og_type":"article","og_title":"Tapahtumat - P\u00e4rnu Rannahotell","og_description":"TAPAHTUMAT Syntym\u00e4p\u00e4iv\u00e4t Syntym\u00e4p\u00e4iv\u00e4 on erityinen! Rannahotellissa on mahdollista j\u00e4rjest\u00e4\u00e4 yksityinen tilaisuus tai hienot juhlat.&nbsp; H\u00c4\u00c4T Onnellisessa avioliitossa rakastutaan yh\u00e4 uudelleen, viel\u00e4p\u00e4 samaan ihmiseen. Kauniiseen h\u00e4\u00e4juhlaan tarvitaan hyv\u00e4\u00e4 seuraa, hyv\u00e4\u00e4 illallista, ruusun tuoksua ja tietenkin pitk\u00e4\u00e4 mekkoa. Meren rannalla sijaitseva Rantahotelli on aidosti romanttinen h\u00e4\u00e4paikka. JOULU JA FIRMAJUHLAT Iloinen tiimi on toimivan yrityksen selk\u00e4ranka. Rannahotellissa voit [&hellip;]","og_url":"https:\/\/rannahotell.ee\/fi\/tapahtumat\/","og_site_name":"P\u00e4rnu Rannahotell","article_modified_time":"2025-09-19T11:49:57+00:00","og_image":[{"url":"https:\/\/rannahotell.ee\/wp-content\/uploads\/2025\/09\/A-H-250-scaled.jpg","type":"","width":"","height":""}],"twitter_card":"summary_large_image","twitter_misc":{"Arvioitu lukuaika":"2 minuuttia"},"schema":{"@context":"https:\/\/schema.org","@graph":[{"@type":"WebPage","@id":"https:\/\/rannahotell.ee\/fi\/tapahtumat\/","url":"https:\/\/rannahotell.ee\/fi\/tapahtumat\/","name":"Tapahtumat - P\u00e4rnu Rannahotell","isPartOf":{"@id":"https:\/\/rannahotell.ee\/fi\/#website"},"primaryImageOfPage":{"@id":"https:\/\/rannahotell.ee\/fi\/tapahtumat\/#primaryimage"},"image":{"@id":"https:\/\/rannahotell.ee\/fi\/tapahtumat\/#primaryimage"},"thumbnailUrl":"https:\/\/rannahotell.ee\/wp-content\/uploads\/2025\/09\/A-H-250-scaled.jpg","datePublished":"2025-08-22T08:37:08+00:00","dateModified":"2025-09-19T11:49:57+00:00","breadcrumb":{"@id":"https:\/\/rannahotell.ee\/fi\/tapahtumat\/#breadcrumb"},"inLanguage":"fi","potentialAction":[{"@type":"ReadAction","target":["https:\/\/rannahotell.ee\/fi\/tapahtumat\/"]}]},{"@type":"ImageObject","inLanguage":"fi","@id":"https:\/\/rannahotell.ee\/fi\/tapahtumat\/#primaryimage","url":"https:\/\/rannahotell.ee\/wp-content\/uploads\/2025\/09\/A-H-250-scaled.jpg","contentUrl":"https:\/\/rannahotell.ee\/wp-content\/uploads\/2025\/09\/A-H-250-scaled.jpg"},{"@type":"BreadcrumbList","@id":"https:\/\/rannahotell.ee\/fi\/tapahtumat\/#breadcrumb","itemListElement":[{"@type":"ListItem","position":1,"name":"Home","item":"https:\/\/rannahotell.ee\/fi\/"},{"@type":"ListItem","position":2,"name":"Tapahtumat"}]},{"@type":"WebSite","@id":"https:\/\/rannahotell.ee\/fi\/#website","url":"https:\/\/rannahotell.ee\/fi\/","name":"P\u00e4rnu Rannahotell","description":"Arhitektuurip\u00e4rl P\u00e4rnu parima restoraniga","potentialAction":[{"@type":"SearchAction","target":{"@type":"EntryPoint","urlTemplate":"https:\/\/rannahotell.ee\/fi\/?s={search_term_string}"},"query-input":{"@type":"PropertyValueSpecification","valueRequired":true,"valueName":"search_term_string"}}],"inLanguage":"fi"}]}},"_links":{"self":[{"href":"https:\/\/rannahotell.ee\/fi\/wp-json\/wp\/v2\/pages\/1399","targetHints":{"allow":["GET"]}}],"collection":[{"href":"https:\/\/rannahotell.ee\/fi\/wp-json\/wp\/v2\/pages"}],"about":[{"href":"https:\/\/rannahotell.ee\/fi\/wp-json\/wp\/v2\/types\/page"}],"author":[{"embeddable":true,"href":"https:\/\/rannahotell.ee\/fi\/wp-json\/wp\/v2\/users\/3"}],"replies":[{"embeddable":true,"href":"https:\/\/rannahotell.ee\/fi\/wp-json\/wp\/v2\/comments?post=1399"}],"version-history":[{"count":5,"href":"https:\/\/rannahotell.ee\/fi\/wp-json\/wp\/v2\/pages\/1399\/revisions"}],"predecessor-version":[{"id":1618,"href":"https:\/\/rannahotell.ee\/fi\/wp-json\/wp\/v2\/pages\/1399\/revisions\/1618"}],"wp:attachment":[{"href":"https:\/\/rannahotell.ee\/fi\/wp-json\/wp\/v2\/media?parent=1399"}],"curies":[{"name":"wp","href":"https:\/\/api.w.org\/{rel}","templated":true}]}}