{"id":1366,"date":"2025-08-22T09:56:34","date_gmt":"2025-08-22T09:56:34","guid":{"rendered":"https:\/\/rannahotell.ee\/eripakkumised\/"},"modified":"2025-11-07T11:07:16","modified_gmt":"2025-11-07T11:07:16","slug":"tarjoukset","status":"publish","type":"page","link":"https:\/\/rannahotell.ee\/fi\/tarjoukset\/","title":{"rendered":"Tarjoukset"},"content":{"rendered":"\n<div class=\"wp-block-cover alignfull is-light\"><img loading=\"lazy\" decoding=\"async\" width=\"2560\" height=\"1705\" class=\"wp-block-cover__image-background wp-image-126 size-full\" alt=\"\" src=\"https:\/\/rannahotell.ee\/wp-content\/uploads\/2025\/07\/rannahotell-x-droon-54-scaled.jpg\" data-object-fit=\"cover\" srcset=\"https:\/\/rannahotell.ee\/wp-content\/uploads\/2025\/07\/rannahotell-x-droon-54-scaled.jpg 2560w, https:\/\/rannahotell.ee\/wp-content\/uploads\/2025\/07\/rannahotell-x-droon-54-300x200.jpg 300w, https:\/\/rannahotell.ee\/wp-content\/uploads\/2025\/07\/rannahotell-x-droon-54-1024x682.jpg 1024w, https:\/\/rannahotell.ee\/wp-content\/uploads\/2025\/07\/rannahotell-x-droon-54-768x512.jpg 768w, https:\/\/rannahotell.ee\/wp-content\/uploads\/2025\/07\/rannahotell-x-droon-54-1536x1023.jpg 1536w, https:\/\/rannahotell.ee\/wp-content\/uploads\/2025\/07\/rannahotell-x-droon-54-2048x1364.jpg 2048w, https:\/\/rannahotell.ee\/wp-content\/uploads\/2025\/07\/rannahotell-x-droon-54-1568x1045.jpg 1568w\" sizes=\"auto, (max-width: 2560px) 100vw, 2560px\" \/><span aria-hidden=\"true\" class=\"wp-block-cover__background has-background-dim-0 has-background-dim\"><\/span><div class=\"wp-block-cover__inner-container is-layout-flow wp-block-cover-is-layout-flow\">\n<p class=\"has-text-align-center has-large-font-size\"><\/p>\n<\/div><\/div>\n\n\n\n<div style=\"height:30px\" aria-hidden=\"true\" class=\"wp-block-spacer\"><\/div>\n\n\n\n<h1 class=\"wp-block-heading has-text-align-center\">TARJOUKSET<\/h1>\n\n\n\n<hr class=\"wp-block-separator has-alpha-channel-opacity\"\/>\n\n\n\n<div style=\"height:13px\" aria-hidden=\"true\" class=\"wp-block-spacer\"><\/div>\n\n\n\t\t<div class=\"wp-block-edhotels-offers custom-three-blocks offers auto alignwide\"><div class=\"wp-offer-columns\">\n\t\t\t\t\t<div class=\"wp-offer-column\">\n\t\t\t\t<div class=\"offer-inner\">\n\t\t\t\t\t\t\t\t\t\t\t\t\t\t\t<h4>\n\t\t\t\t\t\t<span>Hinta alkaen<\/span>\n\t\t\t\t\t\t300 \u20ac\t\t\t\t\t<\/h4>\n\t\t\t\t\t\t\t\t\t\t<a href=\"https:\/\/rannahotell.ee\/fi\/offer\/white-beach-golf\/\"><figure class=\"wp-block-image\"><img loading=\"lazy\" decoding=\"async\" width=\"1024\" height=\"683\" src=\"https:\/\/rannahotell.ee\/wp-content\/uploads\/2025\/08\/GOLF_BAY-1024x683.jpg\" class=\"attachment-large size-large wp-post-image\" alt=\"\" srcset=\"https:\/\/rannahotell.ee\/wp-content\/uploads\/2025\/08\/GOLF_BAY-1024x683.jpg 1024w, https:\/\/rannahotell.ee\/wp-content\/uploads\/2025\/08\/GOLF_BAY-300x200.jpg 300w, https:\/\/rannahotell.ee\/wp-content\/uploads\/2025\/08\/GOLF_BAY-768x512.jpg 768w, https:\/\/rannahotell.ee\/wp-content\/uploads\/2025\/08\/GOLF_BAY.jpg 1125w\" sizes=\"auto, (max-width: 1024px) 100vw, 1024px\" \/><\/figure><\/a>\n\t\t\t\t\t<div class=\"offer-text-wrapper\">\n\t\t\t\t\t\t<h3><a href=\"https:\/\/rannahotell.ee\/fi\/offer\/white-beach-golf\/\">GOLFPAKETTI\u00a0WHITE BEACH GOLF<\/a><\/h3>\n\t\t\t\t\t\t<p>Arkkitehti Kosti Kurosen suunnittelema White Beach Golf -kentt\u00e4 on 18-reik\u00e4inen, links-tyyppinen kentt\u00e4. Vuonna 2005 avattu kentt\u00e4 tarjoaa runsaasti haastetta ammattilaisille, mutta my\u00f6s aloittelijoilla on mahdollisuus onnistua.<\/p>\n\t\t\t\t\t\t\t\t\t\t\t\t<div class=\"button-wrapper\">\n\t\t\t\t\t\t\t\t\t\t\t\t\t\t\t<div class=\"wp-block-button is-style-outline\">\n\t\t\t\t\t\t\t\t\t<a class=\"wp-block-button__link\" href=\"https:\/\/rannahotell.ee\/fi\/offer\/white-beach-golf\/\">Read more<\/a>\n\t\t\t\t\t\t\t\t<\/div>\n\t\t\t\t\t\t\t\t\t\t\t\t\t\t\t\t\t\t\t\t<\/div>\n\t\t\t\t\t\t\t\t\t\t\t<\/div>\n\t\t\t\t<\/div>\n\t\t\t<\/div>\n\t\t\t\t\t\t<div class=\"wp-offer-column\">\n\t\t\t\t<div class=\"offer-inner\">\n\t\t\t\t\t\t\t\t\t\t\t\t\t\t\t<h4>\n\t\t\t\t\t\t<span>Hinta alkaen<\/span>\n\t\t\t\t\t\t245 \u20ac\t\t\t\t\t<\/h4>\n\t\t\t\t\t\t\t\t\t\t<a href=\"https:\/\/rannahotell.ee\/fi\/offer\/golfpaketti-parnu-bay-links\/\"><figure class=\"wp-block-image\"><img loading=\"lazy\" decoding=\"async\" width=\"510\" height=\"340\" src=\"https:\/\/rannahotell.ee\/wp-content\/uploads\/2025\/08\/WBG2_veebi.jpg\" class=\"attachment-large size-large wp-post-image\" alt=\"\" srcset=\"https:\/\/rannahotell.ee\/wp-content\/uploads\/2025\/08\/WBG2_veebi.jpg 510w, https:\/\/rannahotell.ee\/wp-content\/uploads\/2025\/08\/WBG2_veebi-300x200.jpg 300w\" sizes=\"auto, (max-width: 510px) 100vw, 510px\" \/><\/figure><\/a>\n\t\t\t\t\t<div class=\"offer-text-wrapper\">\n\t\t\t\t\t\t<h3><a href=\"https:\/\/rannahotell.ee\/fi\/offer\/golfpaketti-parnu-bay-links\/\">GOLFPAKETTI &#8211; P\u00c4RNU BAY LINKS<\/a><\/h3>\n\t\t\t\t\t\t<p id=\"block-ed4b21be-4b65-452c-b2be-cd5d4023a708\" class=\"block-editor-rich-text__editable block-editor-block-list__block wp-block is-selected wp-block-paragraph rich-text\" role=\"document\" contenteditable=\"true\" aria-multiline=\"true\" aria-label=\"Block: Paragraph\" data-block=\"ed4b21be-4b65-452c-b2be-cd5d4023a708\" data-type=\"core\/paragraph\" data-title=\"L\u00f5ik\" data-empty=\"false\" data-wp-block-attribute-key=\"content\">Olette tervetullut tutustuma P\u00e4rnu Bay Golf Linksin vieh\u00e4tyksiin, todelliseen links-kentt\u00e4\u00e4n, joka tarjoaa unohtumattomia hetki\u00e4 ja haasteita aivan rannikon l\u00e4heisyydess\u00e4.<\/p>\n\t\t\t\t\t\t\t\t\t\t\t\t<div class=\"button-wrapper\">\n\t\t\t\t\t\t\t\t\t\t\t\t\t\t\t<div class=\"wp-block-button is-style-outline\">\n\t\t\t\t\t\t\t\t\t<a class=\"wp-block-button__link\" href=\"https:\/\/rannahotell.ee\/fi\/offer\/golfpaketti-parnu-bay-links\/\">Read more<\/a>\n\t\t\t\t\t\t\t\t<\/div>\n\t\t\t\t\t\t\t\t\t\t\t\t\t\t\t\t\t\t\t\t<\/div>\n\t\t\t\t\t\t\t\t\t\t\t<\/div>\n\t\t\t\t<\/div>\n\t\t\t<\/div>\n\t\t\t\t\t\t<div class=\"wp-offer-column\">\n\t\t\t\t<div class=\"offer-inner\">\n\t\t\t\t\t\t\t\t\t\t\t\t\t\t\t<h4>\n\t\t\t\t\t\t<span>Hinta alkaen<\/span>\n\t\t\t\t\t\t150 \u20ac\t\t\t\t\t<\/h4>\n\t\t\t\t\t\t\t\t\t\t<a href=\"https:\/\/rannahotell.ee\/fi\/offer\/teatteripaketti\/\"><figure class=\"wp-block-image\"><img loading=\"lazy\" decoding=\"async\" width=\"1024\" height=\"683\" src=\"https:\/\/rannahotell.ee\/wp-content\/uploads\/2025\/08\/TEATRIPAKETT-2-1024x683-1.jpeg\" class=\"attachment-large size-large wp-post-image\" alt=\"\" srcset=\"https:\/\/rannahotell.ee\/wp-content\/uploads\/2025\/08\/TEATRIPAKETT-2-1024x683-1.jpeg 1024w, https:\/\/rannahotell.ee\/wp-content\/uploads\/2025\/08\/TEATRIPAKETT-2-1024x683-1-300x200.jpeg 300w, https:\/\/rannahotell.ee\/wp-content\/uploads\/2025\/08\/TEATRIPAKETT-2-1024x683-1-768x512.jpeg 768w\" sizes=\"auto, (max-width: 1024px) 100vw, 1024px\" \/><\/figure><\/a>\n\t\t\t\t\t<div class=\"offer-text-wrapper\">\n\t\t\t\t\t\t<h3><a href=\"https:\/\/rannahotell.ee\/fi\/offer\/teatteripaketti\/\">TEATTERIPAKETTI<\/a><\/h3>\n\t\t\t\t\t\t<p>Teatteripaketti kahdelle, johon sis\u00e4ltyy majoitus Rannahotellissa.\u00a0Rannahotell yhdist\u00e4\u00e4 kulttuuri- ja luontoel\u00e4mykset, jotka saavat yhdess\u00e4 aikaan sopusointuisen loman.\u00a0<\/p>\n\t\t\t\t\t\t\t\t\t\t\t\t<div class=\"button-wrapper\">\n\t\t\t\t\t\t\t\t\t\t\t\t\t\t\t<div class=\"wp-block-button is-style-outline\">\n\t\t\t\t\t\t\t\t\t<a class=\"wp-block-button__link\" href=\"https:\/\/rannahotell.ee\/fi\/offer\/teatteripaketti\/\">Read more<\/a>\n\t\t\t\t\t\t\t\t<\/div>\n\t\t\t\t\t\t\t\t\t\t\t\t\t\t\t\t\t\t\t\t<\/div>\n\t\t\t\t\t\t\t\t\t\t\t<\/div>\n\t\t\t\t<\/div>\n\t\t\t<\/div>\n\t\t\t\t\t\t<div class=\"wp-offer-column\">\n\t\t\t\t<div class=\"offer-inner\">\n\t\t\t\t\t\t\t\t\t\t\t\t\t\t\t<h4>\n\t\t\t\t\t\t<span>Hinta alkaen<\/span>\n\t\t\t\t\t\t268 \u20ac\t\t\t\t\t<\/h4>\n\t\t\t\t\t\t\t\t\t\t<a href=\"https:\/\/rannahotell.ee\/fi\/offer\/perepuhkus\/\"><figure class=\"wp-block-image\"><img loading=\"lazy\" decoding=\"async\" width=\"1024\" height=\"683\" src=\"https:\/\/rannahotell.ee\/wp-content\/uploads\/2025\/08\/Laps-toas-1024x683.jpg\" class=\"attachment-large size-large wp-post-image\" alt=\"\" srcset=\"https:\/\/rannahotell.ee\/wp-content\/uploads\/2025\/08\/Laps-toas-1024x683.jpg 1024w, https:\/\/rannahotell.ee\/wp-content\/uploads\/2025\/08\/Laps-toas-300x200.jpg 300w, https:\/\/rannahotell.ee\/wp-content\/uploads\/2025\/08\/Laps-toas-768x512.jpg 768w, https:\/\/rannahotell.ee\/wp-content\/uploads\/2025\/08\/Laps-toas-1536x1024.jpg 1536w, https:\/\/rannahotell.ee\/wp-content\/uploads\/2025\/08\/Laps-toas-1568x1045.jpg 1568w, https:\/\/rannahotell.ee\/wp-content\/uploads\/2025\/08\/Laps-toas.jpg 1875w\" sizes=\"auto, (max-width: 1024px) 100vw, 1024px\" \/><\/figure><\/a>\n\t\t\t\t\t<div class=\"offer-text-wrapper\">\n\t\t\t\t\t\t<h3><a href=\"https:\/\/rannahotell.ee\/fi\/offer\/perepuhkus\/\">PERHELOMA SAUNAKESKUKSESSE<\/a><\/h3>\n\t\t\t\t\t\t<p>Perheloma Rannahotellissa ja k\u00e4ynti Estonia Resort Hotel &amp; Spa saunakeskuksessa. Vie perheesi lomalle, ja viett\u00e4k\u00e4\u00e4 yhdess\u00e4 hauska p\u00e4iv\u00e4 Estonia Resort Hotel &amp; Spa!<\/p>\n\t\t\t\t\t\t\t\t\t\t\t\t<div class=\"button-wrapper\">\n\t\t\t\t\t\t\t\t\t\t\t\t\t\t\t<div class=\"wp-block-button is-style-outline\">\n\t\t\t\t\t\t\t\t\t<a class=\"wp-block-button__link\" href=\"https:\/\/rannahotell.ee\/fi\/offer\/perepuhkus\/\">Read more<\/a>\n\t\t\t\t\t\t\t\t<\/div>\n\t\t\t\t\t\t\t\t\t\t\t\t\t\t\t\t\t\t\t\t<\/div>\n\t\t\t\t\t\t\t\t\t\t\t<\/div>\n\t\t\t\t<\/div>\n\t\t\t<\/div>\n\t\t\t\t\t<\/div><\/div>\n\t","protected":false},"excerpt":{"rendered":"<p>TARJOUKSET<\/p>\n","protected":false},"author":3,"featured_media":0,"parent":0,"menu_order":0,"comment_status":"closed","ping_status":"closed","template":"","meta":{"footnotes":""},"class_list":["post-1366","page","type-page","status-publish","hentry"],"yoast_head":"<!-- This site is optimized with the Yoast SEO plugin v27.4 - https:\/\/yoast.com\/product\/yoast-seo-wordpress\/ -->\n<title>Tarjoukset - P\u00e4rnu Rannahotell<\/title>\n<meta name=\"robots\" content=\"index, follow, max-snippet:-1, max-image-preview:large, max-video-preview:-1\" \/>\n<link rel=\"canonical\" href=\"https:\/\/rannahotell.ee\/fi\/tarjoukset\/\" \/>\n<meta property=\"og:locale\" content=\"fi_FI\" \/>\n<meta property=\"og:type\" content=\"article\" \/>\n<meta property=\"og:title\" content=\"Tarjoukset - P\u00e4rnu Rannahotell\" \/>\n<meta property=\"og:description\" content=\"TARJOUKSET\" \/>\n<meta property=\"og:url\" content=\"https:\/\/rannahotell.ee\/fi\/tarjoukset\/\" \/>\n<meta property=\"og:site_name\" content=\"P\u00e4rnu Rannahotell\" \/>\n<meta property=\"article:modified_time\" content=\"2025-11-07T11:07:16+00:00\" \/>\n<meta property=\"og:image\" content=\"https:\/\/rannahotell.ee\/wp-content\/uploads\/2025\/07\/rannahotell-x-droon-54-scaled.jpg\" \/>\n\t<meta property=\"og:image:width\" content=\"2560\" \/>\n\t<meta property=\"og:image:height\" content=\"1705\" \/>\n\t<meta property=\"og:image:type\" content=\"image\/jpeg\" \/>\n<meta name=\"twitter:card\" content=\"summary_large_image\" \/>\n<script type=\"application\/ld+json\" class=\"yoast-schema-graph\">{\"@context\":\"https:\\\/\\\/schema.org\",\"@graph\":[{\"@type\":\"WebPage\",\"@id\":\"https:\\\/\\\/rannahotell.ee\\\/fi\\\/tarjoukset\\\/\",\"url\":\"https:\\\/\\\/rannahotell.ee\\\/fi\\\/tarjoukset\\\/\",\"name\":\"Tarjoukset - P\u00e4rnu Rannahotell\",\"isPartOf\":{\"@id\":\"https:\\\/\\\/rannahotell.ee\\\/fi\\\/#website\"},\"primaryImageOfPage\":{\"@id\":\"https:\\\/\\\/rannahotell.ee\\\/fi\\\/tarjoukset\\\/#primaryimage\"},\"image\":{\"@id\":\"https:\\\/\\\/rannahotell.ee\\\/fi\\\/tarjoukset\\\/#primaryimage\"},\"thumbnailUrl\":\"https:\\\/\\\/rannahotell.ee\\\/wp-content\\\/uploads\\\/2025\\\/07\\\/rannahotell-x-droon-54-scaled.jpg\",\"datePublished\":\"2025-08-22T09:56:34+00:00\",\"dateModified\":\"2025-11-07T11:07:16+00:00\",\"breadcrumb\":{\"@id\":\"https:\\\/\\\/rannahotell.ee\\\/fi\\\/tarjoukset\\\/#breadcrumb\"},\"inLanguage\":\"fi\",\"potentialAction\":[{\"@type\":\"ReadAction\",\"target\":[\"https:\\\/\\\/rannahotell.ee\\\/fi\\\/tarjoukset\\\/\"]}]},{\"@type\":\"ImageObject\",\"inLanguage\":\"fi\",\"@id\":\"https:\\\/\\\/rannahotell.ee\\\/fi\\\/tarjoukset\\\/#primaryimage\",\"url\":\"https:\\\/\\\/rannahotell.ee\\\/wp-content\\\/uploads\\\/2025\\\/07\\\/rannahotell-x-droon-54-scaled.jpg\",\"contentUrl\":\"https:\\\/\\\/rannahotell.ee\\\/wp-content\\\/uploads\\\/2025\\\/07\\\/rannahotell-x-droon-54-scaled.jpg\"},{\"@type\":\"BreadcrumbList\",\"@id\":\"https:\\\/\\\/rannahotell.ee\\\/fi\\\/tarjoukset\\\/#breadcrumb\",\"itemListElement\":[{\"@type\":\"ListItem\",\"position\":1,\"name\":\"Home\",\"item\":\"https:\\\/\\\/rannahotell.ee\\\/fi\\\/\"},{\"@type\":\"ListItem\",\"position\":2,\"name\":\"Tarjoukset\"}]},{\"@type\":\"WebSite\",\"@id\":\"https:\\\/\\\/rannahotell.ee\\\/fi\\\/#website\",\"url\":\"https:\\\/\\\/rannahotell.ee\\\/fi\\\/\",\"name\":\"P\u00e4rnu Rannahotell\",\"description\":\"Arhitektuurip\u00e4rl P\u00e4rnu parima restoraniga\",\"potentialAction\":[{\"@type\":\"SearchAction\",\"target\":{\"@type\":\"EntryPoint\",\"urlTemplate\":\"https:\\\/\\\/rannahotell.ee\\\/fi\\\/?s={search_term_string}\"},\"query-input\":{\"@type\":\"PropertyValueSpecification\",\"valueRequired\":true,\"valueName\":\"search_term_string\"}}],\"inLanguage\":\"fi\"}]}<\/script>\n<!-- \/ Yoast SEO plugin. -->","yoast_head_json":{"title":"Tarjoukset - P\u00e4rnu Rannahotell","robots":{"index":"index","follow":"follow","max-snippet":"max-snippet:-1","max-image-preview":"max-image-preview:large","max-video-preview":"max-video-preview:-1"},"canonical":"https:\/\/rannahotell.ee\/fi\/tarjoukset\/","og_locale":"fi_FI","og_type":"article","og_title":"Tarjoukset - P\u00e4rnu Rannahotell","og_description":"TARJOUKSET","og_url":"https:\/\/rannahotell.ee\/fi\/tarjoukset\/","og_site_name":"P\u00e4rnu Rannahotell","article_modified_time":"2025-11-07T11:07:16+00:00","og_image":[{"width":2560,"height":1705,"url":"https:\/\/rannahotell.ee\/wp-content\/uploads\/2025\/07\/rannahotell-x-droon-54-scaled.jpg","type":"image\/jpeg"}],"twitter_card":"summary_large_image","schema":{"@context":"https:\/\/schema.org","@graph":[{"@type":"WebPage","@id":"https:\/\/rannahotell.ee\/fi\/tarjoukset\/","url":"https:\/\/rannahotell.ee\/fi\/tarjoukset\/","name":"Tarjoukset - P\u00e4rnu Rannahotell","isPartOf":{"@id":"https:\/\/rannahotell.ee\/fi\/#website"},"primaryImageOfPage":{"@id":"https:\/\/rannahotell.ee\/fi\/tarjoukset\/#primaryimage"},"image":{"@id":"https:\/\/rannahotell.ee\/fi\/tarjoukset\/#primaryimage"},"thumbnailUrl":"https:\/\/rannahotell.ee\/wp-content\/uploads\/2025\/07\/rannahotell-x-droon-54-scaled.jpg","datePublished":"2025-08-22T09:56:34+00:00","dateModified":"2025-11-07T11:07:16+00:00","breadcrumb":{"@id":"https:\/\/rannahotell.ee\/fi\/tarjoukset\/#breadcrumb"},"inLanguage":"fi","potentialAction":[{"@type":"ReadAction","target":["https:\/\/rannahotell.ee\/fi\/tarjoukset\/"]}]},{"@type":"ImageObject","inLanguage":"fi","@id":"https:\/\/rannahotell.ee\/fi\/tarjoukset\/#primaryimage","url":"https:\/\/rannahotell.ee\/wp-content\/uploads\/2025\/07\/rannahotell-x-droon-54-scaled.jpg","contentUrl":"https:\/\/rannahotell.ee\/wp-content\/uploads\/2025\/07\/rannahotell-x-droon-54-scaled.jpg"},{"@type":"BreadcrumbList","@id":"https:\/\/rannahotell.ee\/fi\/tarjoukset\/#breadcrumb","itemListElement":[{"@type":"ListItem","position":1,"name":"Home","item":"https:\/\/rannahotell.ee\/fi\/"},{"@type":"ListItem","position":2,"name":"Tarjoukset"}]},{"@type":"WebSite","@id":"https:\/\/rannahotell.ee\/fi\/#website","url":"https:\/\/rannahotell.ee\/fi\/","name":"P\u00e4rnu Rannahotell","description":"Arhitektuurip\u00e4rl P\u00e4rnu parima restoraniga","potentialAction":[{"@type":"SearchAction","target":{"@type":"EntryPoint","urlTemplate":"https:\/\/rannahotell.ee\/fi\/?s={search_term_string}"},"query-input":{"@type":"PropertyValueSpecification","valueRequired":true,"valueName":"search_term_string"}}],"inLanguage":"fi"}]}},"_links":{"self":[{"href":"https:\/\/rannahotell.ee\/fi\/wp-json\/wp\/v2\/pages\/1366","targetHints":{"allow":["GET"]}}],"collection":[{"href":"https:\/\/rannahotell.ee\/fi\/wp-json\/wp\/v2\/pages"}],"about":[{"href":"https:\/\/rannahotell.ee\/fi\/wp-json\/wp\/v2\/types\/page"}],"author":[{"embeddable":true,"href":"https:\/\/rannahotell.ee\/fi\/wp-json\/wp\/v2\/users\/3"}],"replies":[{"embeddable":true,"href":"https:\/\/rannahotell.ee\/fi\/wp-json\/wp\/v2\/comments?post=1366"}],"version-history":[{"count":4,"href":"https:\/\/rannahotell.ee\/fi\/wp-json\/wp\/v2\/pages\/1366\/revisions"}],"predecessor-version":[{"id":1750,"href":"https:\/\/rannahotell.ee\/fi\/wp-json\/wp\/v2\/pages\/1366\/revisions\/1750"}],"wp:attachment":[{"href":"https:\/\/rannahotell.ee\/fi\/wp-json\/wp\/v2\/media?parent=1366"}],"curies":[{"name":"wp","href":"https:\/\/api.w.org\/{rel}","templated":true}]}}