{"id":1359,"date":"2025-08-12T19:41:48","date_gmt":"2025-08-12T19:41:48","guid":{"rendered":"https:\/\/rannahotell.ee\/anika-paevaspaa\/"},"modified":"2025-10-15T09:32:43","modified_gmt":"2025-10-15T09:32:43","slug":"anika-spa","status":"publish","type":"page","link":"https:\/\/rannahotell.ee\/fi\/anika-spa\/","title":{"rendered":"Anika Spa"},"content":{"rendered":"\n<div class=\"wp-block-cover alignfull\"><img loading=\"lazy\" decoding=\"async\" width=\"2560\" height=\"1707\" class=\"wp-block-cover__image-background wp-image-154 size-full\" alt=\"\" src=\"https:\/\/rannahotell.ee\/wp-content\/uploads\/2025\/07\/massage-scaled.jpeg\" style=\"object-position:46% 36%\" data-object-fit=\"cover\" data-object-position=\"46% 36%\" srcset=\"https:\/\/rannahotell.ee\/wp-content\/uploads\/2025\/07\/massage-scaled.jpeg 2560w, https:\/\/rannahotell.ee\/wp-content\/uploads\/2025\/07\/massage-300x200.jpeg 300w, https:\/\/rannahotell.ee\/wp-content\/uploads\/2025\/07\/massage-1024x683.jpeg 1024w, https:\/\/rannahotell.ee\/wp-content\/uploads\/2025\/07\/massage-768x512.jpeg 768w, https:\/\/rannahotell.ee\/wp-content\/uploads\/2025\/07\/massage-1536x1024.jpeg 1536w, https:\/\/rannahotell.ee\/wp-content\/uploads\/2025\/07\/massage-2048x1365.jpeg 2048w, https:\/\/rannahotell.ee\/wp-content\/uploads\/2025\/07\/massage-1568x1045.jpeg 1568w\" sizes=\"auto, (max-width: 2560px) 100vw, 2560px\" \/><span aria-hidden=\"true\" class=\"wp-block-cover__background has-black-background-color has-background-dim-10 has-background-dim\"><\/span><div class=\"wp-block-cover__inner-container is-layout-flow wp-block-cover-is-layout-flow\">\n<p class=\"has-text-align-center has-large-font-size\"><\/p>\n<\/div><\/div>\n\n\n\n<div style=\"height:30px\" aria-hidden=\"true\" class=\"wp-block-spacer\"><\/div>\n\n\n\n<h1 class=\"wp-block-heading has-text-align-center\">ANIKA SPA<\/h1>\n\n\n\n<hr class=\"wp-block-separator has-alpha-channel-opacity\"\/>\n\n\n\n<p class=\"has-text-align-center\" style=\"font-size:18px\">Meill\u00e4 on ilo kutsua teid\u00e4t Rannahotelliin nauttimaan kylpyl\u00e4hoidoistamme!<\/p>\n\n\n\n<p class=\"has-text-align-center\" style=\"font-size:18px\">Kylpyl\u00e4hoitovalikoimamme tarjoaa laajan valikoiman ammattimaisia \u200b\u200bkasvo- ja vartalohoitoja sek\u00e4 hierontoja.<\/p>\n\n\n\n<div style=\"height:30px\" aria-hidden=\"true\" class=\"wp-block-spacer mobile-spacer-5\"><\/div>\n\n\n\n<div class=\"wp-block-cover alignfull has-parallax\" style=\"min-height:386px;aspect-ratio:unset;\"><div class=\"wp-block-cover__image-background wp-image-293 size-large has-parallax\" style=\"background-position:50% 50%;background-image:url(https:\/\/rannahotell.ee\/wp-content\/uploads\/2025\/08\/SPA_Rannahotell-1-1024x528.jpeg)\"><\/div><span aria-hidden=\"true\" class=\"wp-block-cover__background has-background-dim-40 has-background-dim\" style=\"background-color:#806a50\"><\/span><div class=\"wp-block-cover__inner-container is-layout-constrained wp-block-cover-is-layout-constrained\">\n<div class=\"wp-block-columns is-layout-flex wp-container-core-columns-is-layout-28f84493 wp-block-columns-is-layout-flex\">\n<div class=\"wp-block-column is-layout-flow wp-block-column-is-layout-flow\">\n<div class=\"wp-block-cover is-light\"><span aria-hidden=\"true\" class=\"wp-block-cover__background has-light-beige-background-color has-background-dim-80 has-background-dim\"><\/span><div class=\"wp-block-cover__inner-container is-layout-constrained wp-block-cover-is-layout-constrained\">\n<p class=\"has-text-align-center has-medium-font-size\"><strong>Lis\u00e4tiedon saamiseksi ja varausten tekemiseksi soittakaa numeroon tai l\u00e4het\u00e4 s\u00e4hk\u00f6postia:<\/strong><\/p>\n\n\n\n<p class=\"has-text-align-center has-black-color has-text-color has-link-color wp-elements-3741f20483cc01c21e889d15f608d45f\"><a href=\"mailto:anikaspaeesti@gmail.com\" target=\"_blank\" rel=\"noreferrer noopener\">anikaspaeesti@gmail.com<\/a><\/p>\n\n\n\n<p class=\"has-text-align-center has-link-color wp-elements-d31c0e39f32b3fc129997fc79cdb1891\"><strong>Kestopigmentointi<\/strong> <br><a href=\"tel:+37253045155\" target=\"_blank\" rel=\"noreferrer noopener\">+372 53 04 51 55<\/a><\/p>\n<\/div><\/div>\n<\/div>\n<\/div>\n<\/div><\/div>\n\n\n\n<div style=\"height:30px\" aria-hidden=\"true\" class=\"wp-block-spacer mobile-spacer-5\"><\/div>\n\n\n\n<div class=\"wp-block-buttons alignwide is-content-justification-center is-layout-flex wp-container-core-buttons-is-layout-a89b3969 wp-block-buttons-is-layout-flex\">\n<div class=\"wp-block-button\"><a class=\"wp-block-button__link wp-element-button\" href=\"https:\/\/rannahotell.ee\/fi\/anika-spa\/#naohoolitsused\">KASVOHOIDOT<\/a><\/div>\n\n\n\n<div class=\"wp-block-button\"><a class=\"wp-block-button__link wp-element-button\" href=\"https:\/\/rannahotell.ee\/fi\/anika-spa\/#manikuur\">MANIKYYRI &amp; PEDIKYYRI<\/a><\/div>\n\n\n\n<div class=\"wp-block-button\"><a class=\"wp-block-button__link wp-element-button\" href=\"https:\/\/rannahotell.ee\/fi\/anika-spa\/#massaaz\">HIERONTAHOIDOT<\/a><\/div>\n\n\n\n<div class=\"wp-block-button\"><a class=\"wp-block-button__link wp-element-button\" href=\"https:\/\/rannahotell.ee\/fi\/anika-spa\/#kehahoolitsused\">VARTALOHOIDOT<\/a><\/div>\n\n\n\n<div class=\"wp-block-button\"><a class=\"wp-block-button__link wp-element-button\" href=\"https:\/\/rannahotell.ee\/fi\/anika-spa\/#lisateenused\">LIS\u00c4PALVELUT<\/a><\/div>\n<\/div>\n\n\n\n<div style=\"height:30px\" aria-hidden=\"true\" class=\"wp-block-spacer mobile-spacer-5\"><\/div>\n\n\n\n<div class=\"wp-block-cover alignwide is-light\" id=\"naohoolitsused\"><img decoding=\"async\" class=\"wp-block-cover__image-background wp-image-294 size-full\" alt=\"\" src=\"https:\/\/rannahotell.ee\/wp-content\/uploads\/2025\/08\/AdobeStock_1374974821.jpeg\" data-object-fit=\"cover\"\/><span aria-hidden=\"true\" class=\"wp-block-cover__background has-background-dim\" style=\"background-color:#a2988e\"><\/span><div class=\"wp-block-cover__inner-container is-layout-constrained wp-block-cover-is-layout-constrained\">\n<div class=\"wp-block-cover is-light\"><span aria-hidden=\"true\" class=\"wp-block-cover__background has-light-beige-background-color has-background-dim-80 has-background-dim\"><\/span><div class=\"wp-block-cover__inner-container is-layout-constrained wp-block-cover-is-layout-constrained\">\n<div style=\"height:7px\" aria-hidden=\"true\" class=\"wp-block-spacer\"><\/div>\n\n\n\n<h2 class=\"wp-block-heading has-text-align-center\" style=\"font-size:30px\">KASVOHOIDOT<\/h2>\n\n\n\n<div style=\"height:7px\" aria-hidden=\"true\" class=\"wp-block-spacer\"><\/div>\n\n\n\n<h3 class=\"wp-block-heading has-text-align-center\">ULTRA\u00c4\u00c4NI KASVOHOITO HIERONALLA<br>50 minuuttia &#8211; 65 \u20ac<\/h3>\n\n\n\n<p class=\"has-text-align-center\">Kasvo puhdistus | ultra\u00e4\u00e4nilaite kasvo ja hieronta | naamio | voide<\/p>\n\n\n\n<div style=\"height:7px\" aria-hidden=\"true\" class=\"wp-block-spacer\"><\/div>\n\n\n\n<h3 class=\"wp-block-heading has-text-align-center\">EXPRESS KASVOHOITO<br>25 minuuttia &#8211; 35 \u20ac<\/h3>\n\n\n\n<p class=\"has-text-align-center\">Kasvo puhdistus | kasvo kuorinta | kasvohieronta | kosteuttava naamio | kosteuttava voide<\/p>\n\n\n\n<div style=\"height:7px\" aria-hidden=\"true\" class=\"wp-block-spacer\"><\/div>\n\n\n\n<h3 class=\"wp-block-heading has-text-align-center\">KLASSINEN KASVOHOITO<br>50 minuuttia &#8211; 70 \u20ac<\/h3>\n\n\n\n<p class=\"has-text-align-center\">Kasvo puhdistus | kasvo kuorinta | kasvohieronta | kosteuttava naamio | kosteuttava voide<\/p>\n\n\n\n<div style=\"height:7px\" aria-hidden=\"true\" class=\"wp-block-spacer\"><\/div>\n\n\n\n<h3 class=\"wp-block-heading has-text-align-center\">SPA-KASVOHOITO SELK\u00c4HIERONTALLA<br>70 minuuttia &#8211; 85 \u20ac<\/h3>\n\n\n\n<p class=\"has-text-align-center\">Alkakylpy | selk\u00e4hieronta | kasvo puhdistus | kasvo syvapuhdistus | kosteuttavanaamio | kosteuttava voide<\/p>\n\n\n\n<h3 class=\"wp-block-heading has-text-align-center\">SPA-KASVOHOITO AROMAATTISELLA HIERONNALLA<br>110 minuuttia &#8211; 120\u20ac<\/h3>\n\n\n\n<p class=\"has-text-align-center\">Jalkakylpy | selk\u00e4hieronta | kasvo puhdistus | kasvo syvapuhdistus | kasvohieronta | naamio silmille ja kasvoille | kosteuttava voide<\/p>\n\n\n\n<div style=\"height:7px\" aria-hidden=\"true\" class=\"wp-block-spacer\"><\/div>\n\n\n\n<h3 class=\"wp-block-heading has-text-align-center\">ULTRA\u00c4\u00c4NI KASVOHOITO<br>35 minuuttia &#8211; 40 \u20ac<\/h3>\n\n\n\n<p class=\"has-text-align-center\">Kasvo puhdistus | ultra\u00e4\u00e4nilaite kasvo ja hieronta | klassinen kasvohieronta | naamio | voide<\/p>\n\n\n\n<p class=\"has-text-align-center\"><\/p>\n<\/div><\/div>\n<\/div><\/div>\n\n\n\n<div class=\"wp-block-cover alignwide\" id=\"manikuur\"><img loading=\"lazy\" decoding=\"async\" width=\"2560\" height=\"1435\" class=\"wp-block-cover__image-background wp-image-299 size-full\" alt=\"\" src=\"https:\/\/rannahotell.ee\/wp-content\/uploads\/2025\/08\/manicure-scaled.jpeg\" style=\"object-position:54% 44%\" data-object-fit=\"cover\" data-object-position=\"54% 44%\" srcset=\"https:\/\/rannahotell.ee\/wp-content\/uploads\/2025\/08\/manicure-scaled.jpeg 2560w, https:\/\/rannahotell.ee\/wp-content\/uploads\/2025\/08\/manicure-300x168.jpeg 300w, https:\/\/rannahotell.ee\/wp-content\/uploads\/2025\/08\/manicure-1024x574.jpeg 1024w, https:\/\/rannahotell.ee\/wp-content\/uploads\/2025\/08\/manicure-768x430.jpeg 768w, https:\/\/rannahotell.ee\/wp-content\/uploads\/2025\/08\/manicure-1536x861.jpeg 1536w, https:\/\/rannahotell.ee\/wp-content\/uploads\/2025\/08\/manicure-2048x1148.jpeg 2048w, https:\/\/rannahotell.ee\/wp-content\/uploads\/2025\/08\/manicure-1568x879.jpeg 1568w\" sizes=\"auto, (max-width: 2560px) 100vw, 2560px\" \/><span aria-hidden=\"true\" class=\"wp-block-cover__background has-background-dim\" style=\"background-color:#756251\"><\/span><div class=\"wp-block-cover__inner-container is-layout-constrained wp-block-cover-is-layout-constrained\">\n<div class=\"wp-block-cover is-light\"><span aria-hidden=\"true\" class=\"wp-block-cover__background has-light-beige-background-color has-background-dim-80 has-background-dim\"><\/span><div class=\"wp-block-cover__inner-container is-layout-constrained wp-block-cover-is-layout-constrained\">\n<div style=\"height:7px\" aria-hidden=\"true\" class=\"wp-block-spacer\"><\/div>\n\n\n\n<h2 class=\"wp-block-heading has-text-align-center\" style=\"font-size:30px\">MANIKYYRI &amp; PEDIKYYRI<\/h2>\n\n\n\n<div style=\"height:7px\" aria-hidden=\"true\" class=\"wp-block-spacer\"><\/div>\n\n\n\n<h3 class=\"wp-block-heading has-text-align-center\">VIRKIST\u00c4V\u00c4 MANIKYYRI<br>45 minuuttia&nbsp;&#8211; 40 \u20ac<\/h3>\n\n\n\n<p class=\"has-text-align-center\">K\u00e4sikylpy | kynsien leikkaaminen ja viilaus | kynsivallin siistiminen ja leikkaaminen &nbsp;<\/p>\n\n\n\n<div style=\"height:7px\" aria-hidden=\"true\" class=\"wp-block-spacer\"><\/div>\n\n\n\n<p class=\"has-text-align-center\"><strong>MANIKYYRI LIS\u00c4PALVELUT:<\/strong><br>KYNSIEN LAKKAUS&nbsp;15 minuuttia 5 \u20ac<\/p>\n\n\n\n<div style=\"height:7px\" aria-hidden=\"true\" class=\"wp-block-spacer\"><\/div>\n\n\n\n<h3 class=\"wp-block-heading has-text-align-center\">VIRKIST\u00c4V\u00c4 PEDIKYYRI<br>45-60 minuuttia&nbsp; &#8211; 45 \u20ac<\/h3>\n\n\n\n<p class=\"has-text-align-center\">Jalkakylpy | kynsien leikkaaminen ja viilaus | kynsivallin siistiminen ja leikkaaminen<\/p>\n\n\n\n<p class=\"has-text-align-center\"><strong>PEDIKYYRI LIS\u00c4PALVELUT:<\/strong><br>KYNSIEN LAKKAUS 15 minuuttia&nbsp;5 \u20ac<br>GEELILAKAN POISTO&nbsp; 20 minuuttia 5 \u20ac<\/p>\n\n\n\n<p class=\"has-text-align-center\"><\/p>\n<\/div><\/div>\n<\/div><\/div>\n\n\n\n<div class=\"wp-block-cover alignwide\" id=\"massaaz\"><img loading=\"lazy\" decoding=\"async\" width=\"2560\" height=\"1435\" class=\"wp-block-cover__image-background wp-image-310 size-full\" alt=\"\" src=\"https:\/\/rannahotell.ee\/wp-content\/uploads\/2025\/08\/MASSAAZ-scaled.jpeg\" style=\"object-position:19% 52%\" data-object-fit=\"cover\" data-object-position=\"19% 52%\" srcset=\"https:\/\/rannahotell.ee\/wp-content\/uploads\/2025\/08\/MASSAAZ-scaled.jpeg 2560w, https:\/\/rannahotell.ee\/wp-content\/uploads\/2025\/08\/MASSAAZ-300x168.jpeg 300w, https:\/\/rannahotell.ee\/wp-content\/uploads\/2025\/08\/MASSAAZ-1024x574.jpeg 1024w, https:\/\/rannahotell.ee\/wp-content\/uploads\/2025\/08\/MASSAAZ-768x430.jpeg 768w, https:\/\/rannahotell.ee\/wp-content\/uploads\/2025\/08\/MASSAAZ-1536x861.jpeg 1536w, https:\/\/rannahotell.ee\/wp-content\/uploads\/2025\/08\/MASSAAZ-2048x1148.jpeg 2048w, https:\/\/rannahotell.ee\/wp-content\/uploads\/2025\/08\/MASSAAZ-1568x879.jpeg 1568w\" sizes=\"auto, (max-width: 2560px) 100vw, 2560px\" \/><span aria-hidden=\"true\" class=\"wp-block-cover__background has-background-dim\" style=\"background-color:#967761\"><\/span><div class=\"wp-block-cover__inner-container is-layout-constrained wp-block-cover-is-layout-constrained\">\n<div class=\"wp-block-cover is-light\"><span aria-hidden=\"true\" class=\"wp-block-cover__background has-light-beige-background-color has-background-dim-80 has-background-dim\"><\/span><div class=\"wp-block-cover__inner-container is-layout-constrained wp-block-cover-is-layout-constrained\">\n<div style=\"height:7px\" aria-hidden=\"true\" class=\"wp-block-spacer\"><\/div>\n\n\n\n<h2 class=\"wp-block-heading has-text-align-center\" style=\"font-size:30px;text-transform:uppercase\">Hierontahoidot<\/h2>\n\n\n\n<div style=\"height:7px\" aria-hidden=\"true\" class=\"wp-block-spacer\"><\/div>\n\n\n\n<h3 class=\"wp-block-heading has-text-align-center\">LASTENHIERONTA (12v asti)<br>30 minuuttia- 25 \u20ac<br>45 minuuttia &#8211; 35 \u20ac<\/h3>\n\n\n\n<p class=\"has-text-align-center\"><\/p>\n\n\n\n<p><\/p>\n\n\n\n<h3 class=\"wp-block-heading has-text-align-center\">AROMIHIERONTA<br>60 minuuttia &#8211; 60 \u20ac<\/h3>\n\n\n\n<div style=\"height:7px\" aria-hidden=\"true\" class=\"wp-block-spacer\"><\/div>\n\n\n\n<h3 class=\"wp-block-heading has-text-align-center\">RUOTSALAINEN HIERONTA<br>60 minuuttia &#8211; 60 \u20ac<\/h3>\n\n\n\n<div style=\"height:7px\" aria-hidden=\"true\" class=\"wp-block-spacer\"><\/div>\n\n\n\n<h3 class=\"wp-block-heading has-text-align-center\">OLKAV\u00c4LIHIERONTA<br>30 minuuttia &#8211; 40 \u20ac<\/h3>\n\n\n\n<div style=\"height:7px\" aria-hidden=\"true\" class=\"wp-block-spacer\"><\/div>\n\n\n\n<h3 class=\"wp-block-heading has-text-align-center\">THAI JALKAHIERONTA<br>75 minuuttia- 60 \u20ac<\/h3>\n<\/div><\/div>\n<\/div><\/div>\n\n\n\n<div class=\"wp-block-cover alignwide is-light\" id=\"kehahoolitsused\"><img loading=\"lazy\" decoding=\"async\" width=\"2464\" height=\"1856\" class=\"wp-block-cover__image-background wp-image-312 size-full\" alt=\"\" src=\"https:\/\/rannahotell.ee\/wp-content\/uploads\/2025\/08\/Kehahoolitsus.jpeg\" data-object-fit=\"cover\" srcset=\"https:\/\/rannahotell.ee\/wp-content\/uploads\/2025\/08\/Kehahoolitsus.jpeg 2464w, https:\/\/rannahotell.ee\/wp-content\/uploads\/2025\/08\/Kehahoolitsus-300x226.jpeg 300w, https:\/\/rannahotell.ee\/wp-content\/uploads\/2025\/08\/Kehahoolitsus-1024x771.jpeg 1024w, https:\/\/rannahotell.ee\/wp-content\/uploads\/2025\/08\/Kehahoolitsus-768x578.jpeg 768w, https:\/\/rannahotell.ee\/wp-content\/uploads\/2025\/08\/Kehahoolitsus-1536x1157.jpeg 1536w, https:\/\/rannahotell.ee\/wp-content\/uploads\/2025\/08\/Kehahoolitsus-2048x1543.jpeg 2048w, https:\/\/rannahotell.ee\/wp-content\/uploads\/2025\/08\/Kehahoolitsus-1568x1181.jpeg 1568w\" sizes=\"auto, (max-width: 2464px) 100vw, 2464px\" \/><span aria-hidden=\"true\" class=\"wp-block-cover__background has-background-dim\" style=\"background-color:#d7b9a9\"><\/span><div class=\"wp-block-cover__inner-container is-layout-constrained wp-block-cover-is-layout-constrained\">\n<div class=\"wp-block-cover is-light\"><span aria-hidden=\"true\" class=\"wp-block-cover__background has-light-beige-background-color has-background-dim-80 has-background-dim\"><\/span><div class=\"wp-block-cover__inner-container is-layout-constrained wp-block-cover-is-layout-constrained\">\n<div style=\"height:7px\" aria-hidden=\"true\" class=\"wp-block-spacer\"><\/div>\n\n\n\n<h2 class=\"wp-block-heading has-text-align-center\" style=\"font-size:30px;text-transform:uppercase\">Vartalohoidot<\/h2>\n\n\n\n<div style=\"height:7px\" aria-hidden=\"true\" class=\"wp-block-spacer\"><\/div>\n\n\n\n<h3 class=\"wp-block-heading has-text-align-center\">SELLULIITIA V\u00c4HENT\u00c4V\u00c4T VARTALONK\u00c4\u00c4RE<br>90 minuuttia &#8211; 80 \u20ac<\/h3>\n\n\n\n<p class=\"has-text-align-center\">Aktiivnen vartalon kuorinta | vartalonk\u00e4\u00e4re | vartalovoide<\/p>\n\n\n\n<div style=\"height:7px\" aria-hidden=\"true\" class=\"wp-block-spacer\"><\/div>\n\n\n\n<h3 class=\"wp-block-heading has-text-align-center\">MUOTOILEVA VARTALONK\u00c4\u00c4RE<br>120-180 minuuttia &#8211; 95 \u20ac<\/h3>\n\n\n\n<p class=\"has-text-align-center\">Aktiivnen vartalon kuorinta | vartalonk\u00e4\u00e4re | vartalovoide<\/p>\n<\/div><\/div>\n<\/div><\/div>\n\n\n\n<div class=\"wp-block-cover alignwide is-light\" id=\"lisateenused\"><img decoding=\"async\" class=\"wp-block-cover__image-background wp-image-315 size-full\" alt=\"\" src=\"https:\/\/rannahotell.ee\/wp-content\/uploads\/2025\/08\/vahatamine.jpeg\" data-object-fit=\"cover\"\/><span aria-hidden=\"true\" class=\"wp-block-cover__background has-background-dim\" style=\"background-color:#f0e4dc\"><\/span><div class=\"wp-block-cover__inner-container is-layout-constrained wp-block-cover-is-layout-constrained\">\n<div class=\"wp-block-cover is-light\"><span aria-hidden=\"true\" class=\"wp-block-cover__background has-light-beige-background-color has-background-dim-80 has-background-dim\"><\/span><div class=\"wp-block-cover__inner-container is-layout-constrained wp-block-cover-is-layout-constrained\">\n<div style=\"height:7px\" aria-hidden=\"true\" class=\"wp-block-spacer\"><\/div>\n\n\n\n<h2 class=\"wp-block-heading has-text-align-center has-large-font-size\">LIS\u00c4PALVELUT<\/h2>\n\n\n\n<div style=\"height:7px\" aria-hidden=\"true\" class=\"wp-block-spacer\"><\/div>\n\n\n\n<h3 class=\"wp-block-heading has-text-align-center\">KARVANPOISTO<br>10-35 \u20ac<\/h3>\n\n\n\n<div style=\"height:7px\" aria-hidden=\"true\" class=\"wp-block-spacer\"><\/div>\n\n\n\n<h3 class=\"wp-block-heading has-text-align-center\">RIPSIEN JA KULMAKARVOJEN HOITO<br>10-25 \u20ac<\/h3>\n\n\n\n<p class=\"has-text-align-center\">Kulmakarvojen korjaus ja v\u00e4rj\u00e4ys | ripsien v\u00e4rjaminen<\/p>\n<\/div><\/div>\n<\/div><\/div>\n\n\n\n<p><\/p>\n","protected":false},"excerpt":{"rendered":"<p>ANIKA SPA Meill\u00e4 on ilo kutsua teid\u00e4t Rannahotelliin nauttimaan kylpyl\u00e4hoidoistamme! Kylpyl\u00e4hoitovalikoimamme tarjoaa laajan valikoiman ammattimaisia \u200b\u200bkasvo- ja vartalohoitoja sek\u00e4 hierontoja.<\/p>\n","protected":false},"author":3,"featured_media":0,"parent":0,"menu_order":0,"comment_status":"closed","ping_status":"closed","template":"","meta":{"footnotes":""},"class_list":["post-1359","page","type-page","status-publish","hentry"],"yoast_head":"<!-- This site is optimized with the Yoast SEO plugin v27.0 - https:\/\/yoast.com\/product\/yoast-seo-wordpress\/ -->\n<title>Anika Spa - P\u00e4rnu Rannahotell<\/title>\n<meta name=\"robots\" content=\"index, follow, max-snippet:-1, max-image-preview:large, max-video-preview:-1\" \/>\n<link rel=\"canonical\" href=\"https:\/\/rannahotell.ee\/fi\/anika-spa\/\" \/>\n<meta property=\"og:locale\" content=\"fi_FI\" \/>\n<meta property=\"og:type\" content=\"article\" \/>\n<meta property=\"og:title\" content=\"Anika Spa - P\u00e4rnu Rannahotell\" \/>\n<meta property=\"og:description\" content=\"ANIKA SPA Meill\u00e4 on ilo kutsua teid\u00e4t Rannahotelliin nauttimaan kylpyl\u00e4hoidoistamme! Kylpyl\u00e4hoitovalikoimamme tarjoaa laajan valikoiman ammattimaisia \u200b\u200bkasvo- ja vartalohoitoja sek\u00e4 hierontoja.\" \/>\n<meta property=\"og:url\" content=\"https:\/\/rannahotell.ee\/fi\/anika-spa\/\" \/>\n<meta property=\"og:site_name\" content=\"P\u00e4rnu Rannahotell\" \/>\n<meta property=\"article:modified_time\" content=\"2025-10-15T09:32:43+00:00\" \/>\n<meta property=\"og:image\" content=\"https:\/\/rannahotell.ee\/wp-content\/uploads\/2025\/07\/massage-scaled.jpeg\" \/>\n<meta name=\"twitter:card\" content=\"summary_large_image\" \/>\n<meta name=\"twitter:label1\" content=\"Arvioitu lukuaika\" \/>\n\t<meta name=\"twitter:data1\" content=\"3 minuuttia\" \/>\n<script type=\"application\/ld+json\" class=\"yoast-schema-graph\">{\"@context\":\"https:\/\/schema.org\",\"@graph\":[{\"@type\":\"WebPage\",\"@id\":\"https:\/\/rannahotell.ee\/fi\/anika-spa\/\",\"url\":\"https:\/\/rannahotell.ee\/fi\/anika-spa\/\",\"name\":\"Anika Spa - P\u00e4rnu Rannahotell\",\"isPartOf\":{\"@id\":\"https:\/\/rannahotell.ee\/fi\/#website\"},\"primaryImageOfPage\":{\"@id\":\"https:\/\/rannahotell.ee\/fi\/anika-spa\/#primaryimage\"},\"image\":{\"@id\":\"https:\/\/rannahotell.ee\/fi\/anika-spa\/#primaryimage\"},\"thumbnailUrl\":\"https:\/\/rannahotell.ee\/wp-content\/uploads\/2025\/07\/massage-scaled.jpeg\",\"datePublished\":\"2025-08-12T19:41:48+00:00\",\"dateModified\":\"2025-10-15T09:32:43+00:00\",\"breadcrumb\":{\"@id\":\"https:\/\/rannahotell.ee\/fi\/anika-spa\/#breadcrumb\"},\"inLanguage\":\"fi\",\"potentialAction\":[{\"@type\":\"ReadAction\",\"target\":[\"https:\/\/rannahotell.ee\/fi\/anika-spa\/\"]}]},{\"@type\":\"ImageObject\",\"inLanguage\":\"fi\",\"@id\":\"https:\/\/rannahotell.ee\/fi\/anika-spa\/#primaryimage\",\"url\":\"https:\/\/rannahotell.ee\/wp-content\/uploads\/2025\/07\/massage-scaled.jpeg\",\"contentUrl\":\"https:\/\/rannahotell.ee\/wp-content\/uploads\/2025\/07\/massage-scaled.jpeg\"},{\"@type\":\"BreadcrumbList\",\"@id\":\"https:\/\/rannahotell.ee\/fi\/anika-spa\/#breadcrumb\",\"itemListElement\":[{\"@type\":\"ListItem\",\"position\":1,\"name\":\"Home\",\"item\":\"https:\/\/rannahotell.ee\/fi\/\"},{\"@type\":\"ListItem\",\"position\":2,\"name\":\"Anika Spa\"}]},{\"@type\":\"WebSite\",\"@id\":\"https:\/\/rannahotell.ee\/fi\/#website\",\"url\":\"https:\/\/rannahotell.ee\/fi\/\",\"name\":\"P\u00e4rnu Rannahotell\",\"description\":\"Arhitektuurip\u00e4rl P\u00e4rnu parima restoraniga\",\"potentialAction\":[{\"@type\":\"SearchAction\",\"target\":{\"@type\":\"EntryPoint\",\"urlTemplate\":\"https:\/\/rannahotell.ee\/fi\/?s={search_term_string}\"},\"query-input\":{\"@type\":\"PropertyValueSpecification\",\"valueRequired\":true,\"valueName\":\"search_term_string\"}}],\"inLanguage\":\"fi\"}]}<\/script>\n<!-- \/ Yoast SEO plugin. -->","yoast_head_json":{"title":"Anika Spa - P\u00e4rnu Rannahotell","robots":{"index":"index","follow":"follow","max-snippet":"max-snippet:-1","max-image-preview":"max-image-preview:large","max-video-preview":"max-video-preview:-1"},"canonical":"https:\/\/rannahotell.ee\/fi\/anika-spa\/","og_locale":"fi_FI","og_type":"article","og_title":"Anika Spa - P\u00e4rnu Rannahotell","og_description":"ANIKA SPA Meill\u00e4 on ilo kutsua teid\u00e4t Rannahotelliin nauttimaan kylpyl\u00e4hoidoistamme! Kylpyl\u00e4hoitovalikoimamme tarjoaa laajan valikoiman ammattimaisia \u200b\u200bkasvo- ja vartalohoitoja sek\u00e4 hierontoja.","og_url":"https:\/\/rannahotell.ee\/fi\/anika-spa\/","og_site_name":"P\u00e4rnu Rannahotell","article_modified_time":"2025-10-15T09:32:43+00:00","og_image":[{"url":"https:\/\/rannahotell.ee\/wp-content\/uploads\/2025\/07\/massage-scaled.jpeg","type":"","width":"","height":""}],"twitter_card":"summary_large_image","twitter_misc":{"Arvioitu lukuaika":"3 minuuttia"},"schema":{"@context":"https:\/\/schema.org","@graph":[{"@type":"WebPage","@id":"https:\/\/rannahotell.ee\/fi\/anika-spa\/","url":"https:\/\/rannahotell.ee\/fi\/anika-spa\/","name":"Anika Spa - P\u00e4rnu Rannahotell","isPartOf":{"@id":"https:\/\/rannahotell.ee\/fi\/#website"},"primaryImageOfPage":{"@id":"https:\/\/rannahotell.ee\/fi\/anika-spa\/#primaryimage"},"image":{"@id":"https:\/\/rannahotell.ee\/fi\/anika-spa\/#primaryimage"},"thumbnailUrl":"https:\/\/rannahotell.ee\/wp-content\/uploads\/2025\/07\/massage-scaled.jpeg","datePublished":"2025-08-12T19:41:48+00:00","dateModified":"2025-10-15T09:32:43+00:00","breadcrumb":{"@id":"https:\/\/rannahotell.ee\/fi\/anika-spa\/#breadcrumb"},"inLanguage":"fi","potentialAction":[{"@type":"ReadAction","target":["https:\/\/rannahotell.ee\/fi\/anika-spa\/"]}]},{"@type":"ImageObject","inLanguage":"fi","@id":"https:\/\/rannahotell.ee\/fi\/anika-spa\/#primaryimage","url":"https:\/\/rannahotell.ee\/wp-content\/uploads\/2025\/07\/massage-scaled.jpeg","contentUrl":"https:\/\/rannahotell.ee\/wp-content\/uploads\/2025\/07\/massage-scaled.jpeg"},{"@type":"BreadcrumbList","@id":"https:\/\/rannahotell.ee\/fi\/anika-spa\/#breadcrumb","itemListElement":[{"@type":"ListItem","position":1,"name":"Home","item":"https:\/\/rannahotell.ee\/fi\/"},{"@type":"ListItem","position":2,"name":"Anika Spa"}]},{"@type":"WebSite","@id":"https:\/\/rannahotell.ee\/fi\/#website","url":"https:\/\/rannahotell.ee\/fi\/","name":"P\u00e4rnu Rannahotell","description":"Arhitektuurip\u00e4rl P\u00e4rnu parima restoraniga","potentialAction":[{"@type":"SearchAction","target":{"@type":"EntryPoint","urlTemplate":"https:\/\/rannahotell.ee\/fi\/?s={search_term_string}"},"query-input":{"@type":"PropertyValueSpecification","valueRequired":true,"valueName":"search_term_string"}}],"inLanguage":"fi"}]}},"_links":{"self":[{"href":"https:\/\/rannahotell.ee\/fi\/wp-json\/wp\/v2\/pages\/1359","targetHints":{"allow":["GET"]}}],"collection":[{"href":"https:\/\/rannahotell.ee\/fi\/wp-json\/wp\/v2\/pages"}],"about":[{"href":"https:\/\/rannahotell.ee\/fi\/wp-json\/wp\/v2\/types\/page"}],"author":[{"embeddable":true,"href":"https:\/\/rannahotell.ee\/fi\/wp-json\/wp\/v2\/users\/3"}],"replies":[{"embeddable":true,"href":"https:\/\/rannahotell.ee\/fi\/wp-json\/wp\/v2\/comments?post=1359"}],"version-history":[{"count":6,"href":"https:\/\/rannahotell.ee\/fi\/wp-json\/wp\/v2\/pages\/1359\/revisions"}],"predecessor-version":[{"id":1677,"href":"https:\/\/rannahotell.ee\/fi\/wp-json\/wp\/v2\/pages\/1359\/revisions\/1677"}],"wp:attachment":[{"href":"https:\/\/rannahotell.ee\/fi\/wp-json\/wp\/v2\/media?parent=1359"}],"curies":[{"name":"wp","href":"https:\/\/api.w.org\/{rel}","templated":true}]}}