{"id":1340,"date":"2025-07-17T06:59:14","date_gmt":"2025-07-17T06:59:14","guid":{"rendered":"https:\/\/rannahotell.ee\/restoran\/"},"modified":"2026-04-07T11:16:03","modified_gmt":"2026-04-07T11:16:03","slug":"ravintola","status":"publish","type":"page","link":"https:\/\/rannahotell.ee\/fi\/ravintola\/","title":{"rendered":"Ravintola"},"content":{"rendered":"\n<div class=\"wp-block-cover alignfull is-light\"><img loading=\"lazy\" decoding=\"async\" width=\"2560\" height=\"1707\" class=\"wp-block-cover__image-background wp-image-143 size-full\" alt=\"\" src=\"https:\/\/rannahotell.ee\/wp-content\/uploads\/2025\/07\/suve_resto_rannahotell-scaled.jpg\" data-object-fit=\"cover\" srcset=\"https:\/\/rannahotell.ee\/wp-content\/uploads\/2025\/07\/suve_resto_rannahotell-scaled.jpg 2560w, https:\/\/rannahotell.ee\/wp-content\/uploads\/2025\/07\/suve_resto_rannahotell-300x200.jpg 300w, https:\/\/rannahotell.ee\/wp-content\/uploads\/2025\/07\/suve_resto_rannahotell-1024x683.jpg 1024w, https:\/\/rannahotell.ee\/wp-content\/uploads\/2025\/07\/suve_resto_rannahotell-768x512.jpg 768w, https:\/\/rannahotell.ee\/wp-content\/uploads\/2025\/07\/suve_resto_rannahotell-1536x1024.jpg 1536w, https:\/\/rannahotell.ee\/wp-content\/uploads\/2025\/07\/suve_resto_rannahotell-2048x1365.jpg 2048w, https:\/\/rannahotell.ee\/wp-content\/uploads\/2025\/07\/suve_resto_rannahotell-1568x1045.jpg 1568w\" sizes=\"auto, (max-width: 2560px) 100vw, 2560px\" \/><span aria-hidden=\"true\" class=\"wp-block-cover__background has-background-dim-0 has-background-dim\"><\/span><div class=\"wp-block-cover__inner-container is-layout-flow wp-block-cover-is-layout-flow\">\n<p class=\"has-text-align-center has-large-font-size\"><\/p>\n<\/div><\/div>\n\n\n\n<div style=\"height:30px\" aria-hidden=\"true\" class=\"wp-block-spacer\"><\/div>\n\n\n\n<h1 class=\"wp-block-heading has-text-align-center\">RAVINTOLA<\/h1>\n\n\n\n<hr class=\"wp-block-separator has-alpha-channel-opacity\"\/>\n\n\n\n<p class=\"has-text-align-center\" style=\"font-size:18px\">Rannahotelli Ravintola seuraa 1930-luvun glamouria ja tarjoaa maailmanluokan, herkullisia skandinaavisia ruokia.<\/p>\n\n\n\n<p class=\"has-text-align-center\" style=\"font-size:18px\">Meill\u00e4 kannattaa vierailla elegantissa ravintolassa, jossa on korkeat katot ja tilava merin\u00e4k\u00f6ala sek\u00e4 upea makuel\u00e4mys. Haluaisit istua ravintolan merin\u00e4k\u00f6alalla kes\u00e4terassilla auringonnoususta auringonlaskuun.<\/p>\n\n\n\n<div class=\"wp-block-buttons is-content-justification-center is-layout-flex wp-container-core-buttons-is-layout-a89b3969 wp-block-buttons-is-layout-flex\">\n<div class=\"wp-block-button is-style-outline is-style-outline--1\"><a class=\"wp-block-button__link wp-element-button\" href=\"https:\/\/my.matterport.com\/show\/?m=su5j87D2k8G\" target=\"_blank\" rel=\"noreferrer noopener\">VIRTUAALIKIERROS<\/a><\/div>\n<\/div>\n\n\n\n<div style=\"height:30px\" aria-hidden=\"true\" class=\"wp-block-spacer\"><\/div>\n\n\n\n<h2 class=\"wp-block-heading has-text-align-center\">RUOKALISTA<\/h2>\n\n\n\n<hr class=\"wp-block-separator has-alpha-channel-opacity\"\/>\n\n\n\n<div class=\"wp-block-buttons is-content-justification-center is-layout-flex wp-container-core-buttons-is-layout-a89b3969 wp-block-buttons-is-layout-flex\">\n<div class=\"wp-block-button\"><a class=\"wp-block-button__link wp-element-button\" href=\"https:\/\/rannahotell.ee\/fi\/ruokalista\/\">A LA CARTE <\/a><\/div>\n\n\n\n<div class=\"wp-block-button\"><a class=\"wp-block-button__link wp-element-button\" href=\"https:\/\/rannahotell.ee\/wp-content\/uploads\/2025\/09\/rannahotell-2307.pdf\">JUOMALISTA<\/a><\/div>\n<\/div>\n\n\n\n<div style=\"height:30px\" aria-hidden=\"true\" class=\"wp-block-spacer\"><\/div>\n\n\n\n<div class=\"wp-block-cover alignfull is-light has-parallax animated rotateInDownRight slower\" style=\"min-height:386px;aspect-ratio:unset;\"><div class=\"wp-block-cover__image-background wp-image-811 size-large has-parallax\" style=\"background-position:50% 50%;background-image:url(https:\/\/rannahotell.ee\/wp-content\/uploads\/2025\/07\/restoran2-1024x683.jpg)\"><\/div><span aria-hidden=\"true\" class=\"wp-block-cover__background has-background-dim-40 has-background-dim\" style=\"background-color:#a0a599\"><\/span><div class=\"wp-block-cover__inner-container is-layout-constrained wp-block-cover-is-layout-constrained\">\n<div class=\"wp-block-columns is-layout-flex wp-container-core-columns-is-layout-28f84493 wp-block-columns-is-layout-flex\">\n<div class=\"wp-block-column is-layout-flow wp-block-column-is-layout-flow\">\n<div class=\"wp-block-cover is-light has-custom-content-position is-position-top-center\"><span aria-hidden=\"true\" class=\"wp-block-cover__background has-light-beige-background-color has-background-dim-80 has-background-dim\"><\/span><div class=\"wp-block-cover__inner-container is-layout-constrained wp-block-cover-is-layout-constrained\">\n<div style=\"height:80px\" aria-hidden=\"true\" class=\"wp-block-spacer\"><\/div>\n\n\n\n<p class=\"has-text-align-center has-medium-font-size\"><strong>OLEMME AUKI<\/strong><\/p>\n\n\n\n<p class=\"has-text-align-center\">Perjantai 18-23<\/p>\n\n\n\n<p class=\"has-text-align-center\">Lauantai 18-23<\/p>\n\n\n\n<p class=\"has-text-align-center\">Keitti\u00f6 sulkeutuu klo 22.00<\/p>\n\n\n\n<p>Olemme suljettuna 10.4 erikoistapahtuman vuoksi.<\/p>\n\n\n\n<p>Varauksen tekemiseksi kirjoita meille osoitteeseen info@rannahotell.ee<\/p>\n\n\n\n<div class=\"wp-block-buttons is-content-justification-center is-layout-flex wp-container-core-buttons-is-layout-a89b3969 wp-block-buttons-is-layout-flex\">\n<div class=\"wp-block-button\"><a class=\"wp-block-button__link wp-element-button\" href=\"https:\/\/v2.tableonline.fi\/instabook\/bookings\/FvJaVbF?locale=ee\" target=\"_blank\" rel=\"noreferrer noopener\">VARAA P\u00d6YT\u00c4<\/a><\/div>\n<\/div>\n<\/div><\/div>\n<\/div>\n\n\n\n<div class=\"wp-block-column is-layout-flow wp-container-core-column-is-layout-b108c007 wp-block-column-is-layout-flow\" style=\"padding-right:0;padding-left:0\">\n<div class=\"wp-block-cover is-light has-custom-content-position is-position-top-center\"><span aria-hidden=\"true\" class=\"wp-block-cover__background has-light-beige-background-color has-background-dim-80 has-background-dim\"><\/span><div class=\"wp-block-cover__inner-container is-layout-constrained wp-block-cover-is-layout-constrained\">\n<div style=\"height:80px\" aria-hidden=\"true\" class=\"wp-block-spacer\"><\/div>\n\n\n\n<p class=\"has-text-align-center has-medium-font-size\"><strong><strong>AAMIAINEN<\/strong><\/strong><\/p>\n\n\n\n<p class=\"has-text-align-center has-medium-font-size\">Tarjoillaan p\u00e4ivitt\u00e4in klo 8\u201311.<\/p>\n\n\n\n<p class=\"has-text-align-center\"><strong>Hinta hotellissa majoittumattomalle asiakkaalle:<\/strong><br>Aikuinen 25 \u20ac<br>Alkaen 3 v 15 \u20ac<br>0\u20133 v ilmaiseksi<\/p>\n<\/div><\/div>\n<\/div>\n<\/div>\n<\/div><\/div>\n\n\n\n<p><\/p>\n","protected":false},"excerpt":{"rendered":"<p>RAVINTOLA Rannahotelli Ravintola seuraa 1930-luvun glamouria ja tarjoaa maailmanluokan, herkullisia skandinaavisia ruokia. Meill\u00e4 kannattaa vierailla elegantissa ravintolassa, jossa on korkeat katot ja tilava merin\u00e4k\u00f6ala sek\u00e4 upea makuel\u00e4mys. Haluaisit istua ravintolan merin\u00e4k\u00f6alalla kes\u00e4terassilla auringonnoususta auringonlaskuun. RUOKALISTA<\/p>\n","protected":false},"author":3,"featured_media":0,"parent":0,"menu_order":0,"comment_status":"closed","ping_status":"closed","template":"","meta":{"footnotes":""},"class_list":["post-1340","page","type-page","status-publish","hentry"],"yoast_head":"<!-- This site is optimized with the Yoast SEO plugin v27.4 - https:\/\/yoast.com\/product\/yoast-seo-wordpress\/ -->\n<title>Ravintola - P\u00e4rnu Rannahotell<\/title>\n<meta name=\"robots\" content=\"index, follow, max-snippet:-1, max-image-preview:large, max-video-preview:-1\" \/>\n<link rel=\"canonical\" href=\"https:\/\/rannahotell.ee\/fi\/ravintola\/\" \/>\n<meta property=\"og:locale\" content=\"fi_FI\" \/>\n<meta property=\"og:type\" content=\"article\" \/>\n<meta property=\"og:title\" content=\"Ravintola - P\u00e4rnu Rannahotell\" \/>\n<meta property=\"og:description\" content=\"RAVINTOLA Rannahotelli Ravintola seuraa 1930-luvun glamouria ja tarjoaa maailmanluokan, herkullisia skandinaavisia ruokia. Meill\u00e4 kannattaa vierailla elegantissa ravintolassa, jossa on korkeat katot ja tilava merin\u00e4k\u00f6ala sek\u00e4 upea makuel\u00e4mys. Haluaisit istua ravintolan merin\u00e4k\u00f6alalla kes\u00e4terassilla auringonnoususta auringonlaskuun. RUOKALISTA\" \/>\n<meta property=\"og:url\" content=\"https:\/\/rannahotell.ee\/fi\/ravintola\/\" \/>\n<meta property=\"og:site_name\" content=\"P\u00e4rnu Rannahotell\" \/>\n<meta property=\"article:modified_time\" content=\"2026-04-07T11:16:03+00:00\" \/>\n<meta property=\"og:image\" content=\"https:\/\/rannahotell.ee\/wp-content\/uploads\/2025\/07\/suve_resto_rannahotell-scaled.jpg\" \/>\n\t<meta property=\"og:image:width\" content=\"2560\" \/>\n\t<meta property=\"og:image:height\" content=\"1707\" \/>\n\t<meta property=\"og:image:type\" content=\"image\/jpeg\" \/>\n<meta name=\"twitter:card\" content=\"summary_large_image\" \/>\n<meta name=\"twitter:label1\" content=\"Arvioitu lukuaika\" \/>\n\t<meta name=\"twitter:data1\" content=\"1 minuutti\" \/>\n<script type=\"application\/ld+json\" class=\"yoast-schema-graph\">{\"@context\":\"https:\\\/\\\/schema.org\",\"@graph\":[{\"@type\":\"WebPage\",\"@id\":\"https:\\\/\\\/rannahotell.ee\\\/fi\\\/ravintola\\\/\",\"url\":\"https:\\\/\\\/rannahotell.ee\\\/fi\\\/ravintola\\\/\",\"name\":\"Ravintola - P\u00e4rnu Rannahotell\",\"isPartOf\":{\"@id\":\"https:\\\/\\\/rannahotell.ee\\\/fi\\\/#website\"},\"primaryImageOfPage\":{\"@id\":\"https:\\\/\\\/rannahotell.ee\\\/fi\\\/ravintola\\\/#primaryimage\"},\"image\":{\"@id\":\"https:\\\/\\\/rannahotell.ee\\\/fi\\\/ravintola\\\/#primaryimage\"},\"thumbnailUrl\":\"https:\\\/\\\/rannahotell.ee\\\/wp-content\\\/uploads\\\/2025\\\/07\\\/suve_resto_rannahotell-scaled.jpg\",\"datePublished\":\"2025-07-17T06:59:14+00:00\",\"dateModified\":\"2026-04-07T11:16:03+00:00\",\"breadcrumb\":{\"@id\":\"https:\\\/\\\/rannahotell.ee\\\/fi\\\/ravintola\\\/#breadcrumb\"},\"inLanguage\":\"fi\",\"potentialAction\":[{\"@type\":\"ReadAction\",\"target\":[\"https:\\\/\\\/rannahotell.ee\\\/fi\\\/ravintola\\\/\"]}]},{\"@type\":\"ImageObject\",\"inLanguage\":\"fi\",\"@id\":\"https:\\\/\\\/rannahotell.ee\\\/fi\\\/ravintola\\\/#primaryimage\",\"url\":\"https:\\\/\\\/rannahotell.ee\\\/wp-content\\\/uploads\\\/2025\\\/07\\\/suve_resto_rannahotell-scaled.jpg\",\"contentUrl\":\"https:\\\/\\\/rannahotell.ee\\\/wp-content\\\/uploads\\\/2025\\\/07\\\/suve_resto_rannahotell-scaled.jpg\"},{\"@type\":\"BreadcrumbList\",\"@id\":\"https:\\\/\\\/rannahotell.ee\\\/fi\\\/ravintola\\\/#breadcrumb\",\"itemListElement\":[{\"@type\":\"ListItem\",\"position\":1,\"name\":\"Home\",\"item\":\"https:\\\/\\\/rannahotell.ee\\\/fi\\\/\"},{\"@type\":\"ListItem\",\"position\":2,\"name\":\"Ravintola\"}]},{\"@type\":\"WebSite\",\"@id\":\"https:\\\/\\\/rannahotell.ee\\\/fi\\\/#website\",\"url\":\"https:\\\/\\\/rannahotell.ee\\\/fi\\\/\",\"name\":\"P\u00e4rnu Rannahotell\",\"description\":\"Arhitektuurip\u00e4rl P\u00e4rnu parima restoraniga\",\"potentialAction\":[{\"@type\":\"SearchAction\",\"target\":{\"@type\":\"EntryPoint\",\"urlTemplate\":\"https:\\\/\\\/rannahotell.ee\\\/fi\\\/?s={search_term_string}\"},\"query-input\":{\"@type\":\"PropertyValueSpecification\",\"valueRequired\":true,\"valueName\":\"search_term_string\"}}],\"inLanguage\":\"fi\"}]}<\/script>\n<!-- \/ Yoast SEO plugin. -->","yoast_head_json":{"title":"Ravintola - P\u00e4rnu Rannahotell","robots":{"index":"index","follow":"follow","max-snippet":"max-snippet:-1","max-image-preview":"max-image-preview:large","max-video-preview":"max-video-preview:-1"},"canonical":"https:\/\/rannahotell.ee\/fi\/ravintola\/","og_locale":"fi_FI","og_type":"article","og_title":"Ravintola - P\u00e4rnu Rannahotell","og_description":"RAVINTOLA Rannahotelli Ravintola seuraa 1930-luvun glamouria ja tarjoaa maailmanluokan, herkullisia skandinaavisia ruokia. Meill\u00e4 kannattaa vierailla elegantissa ravintolassa, jossa on korkeat katot ja tilava merin\u00e4k\u00f6ala sek\u00e4 upea makuel\u00e4mys. Haluaisit istua ravintolan merin\u00e4k\u00f6alalla kes\u00e4terassilla auringonnoususta auringonlaskuun. RUOKALISTA","og_url":"https:\/\/rannahotell.ee\/fi\/ravintola\/","og_site_name":"P\u00e4rnu Rannahotell","article_modified_time":"2026-04-07T11:16:03+00:00","og_image":[{"width":2560,"height":1707,"url":"https:\/\/rannahotell.ee\/wp-content\/uploads\/2025\/07\/suve_resto_rannahotell-scaled.jpg","type":"image\/jpeg"}],"twitter_card":"summary_large_image","twitter_misc":{"Arvioitu lukuaika":"1 minuutti"},"schema":{"@context":"https:\/\/schema.org","@graph":[{"@type":"WebPage","@id":"https:\/\/rannahotell.ee\/fi\/ravintola\/","url":"https:\/\/rannahotell.ee\/fi\/ravintola\/","name":"Ravintola - P\u00e4rnu Rannahotell","isPartOf":{"@id":"https:\/\/rannahotell.ee\/fi\/#website"},"primaryImageOfPage":{"@id":"https:\/\/rannahotell.ee\/fi\/ravintola\/#primaryimage"},"image":{"@id":"https:\/\/rannahotell.ee\/fi\/ravintola\/#primaryimage"},"thumbnailUrl":"https:\/\/rannahotell.ee\/wp-content\/uploads\/2025\/07\/suve_resto_rannahotell-scaled.jpg","datePublished":"2025-07-17T06:59:14+00:00","dateModified":"2026-04-07T11:16:03+00:00","breadcrumb":{"@id":"https:\/\/rannahotell.ee\/fi\/ravintola\/#breadcrumb"},"inLanguage":"fi","potentialAction":[{"@type":"ReadAction","target":["https:\/\/rannahotell.ee\/fi\/ravintola\/"]}]},{"@type":"ImageObject","inLanguage":"fi","@id":"https:\/\/rannahotell.ee\/fi\/ravintola\/#primaryimage","url":"https:\/\/rannahotell.ee\/wp-content\/uploads\/2025\/07\/suve_resto_rannahotell-scaled.jpg","contentUrl":"https:\/\/rannahotell.ee\/wp-content\/uploads\/2025\/07\/suve_resto_rannahotell-scaled.jpg"},{"@type":"BreadcrumbList","@id":"https:\/\/rannahotell.ee\/fi\/ravintola\/#breadcrumb","itemListElement":[{"@type":"ListItem","position":1,"name":"Home","item":"https:\/\/rannahotell.ee\/fi\/"},{"@type":"ListItem","position":2,"name":"Ravintola"}]},{"@type":"WebSite","@id":"https:\/\/rannahotell.ee\/fi\/#website","url":"https:\/\/rannahotell.ee\/fi\/","name":"P\u00e4rnu Rannahotell","description":"Arhitektuurip\u00e4rl P\u00e4rnu parima restoraniga","potentialAction":[{"@type":"SearchAction","target":{"@type":"EntryPoint","urlTemplate":"https:\/\/rannahotell.ee\/fi\/?s={search_term_string}"},"query-input":{"@type":"PropertyValueSpecification","valueRequired":true,"valueName":"search_term_string"}}],"inLanguage":"fi"}]}},"_links":{"self":[{"href":"https:\/\/rannahotell.ee\/fi\/wp-json\/wp\/v2\/pages\/1340","targetHints":{"allow":["GET"]}}],"collection":[{"href":"https:\/\/rannahotell.ee\/fi\/wp-json\/wp\/v2\/pages"}],"about":[{"href":"https:\/\/rannahotell.ee\/fi\/wp-json\/wp\/v2\/types\/page"}],"author":[{"embeddable":true,"href":"https:\/\/rannahotell.ee\/fi\/wp-json\/wp\/v2\/users\/3"}],"replies":[{"embeddable":true,"href":"https:\/\/rannahotell.ee\/fi\/wp-json\/wp\/v2\/comments?post=1340"}],"version-history":[{"count":8,"href":"https:\/\/rannahotell.ee\/fi\/wp-json\/wp\/v2\/pages\/1340\/revisions"}],"predecessor-version":[{"id":1948,"href":"https:\/\/rannahotell.ee\/fi\/wp-json\/wp\/v2\/pages\/1340\/revisions\/1948"}],"wp:attachment":[{"href":"https:\/\/rannahotell.ee\/fi\/wp-json\/wp\/v2\/media?parent=1340"}],"curies":[{"name":"wp","href":"https:\/\/api.w.org\/{rel}","templated":true}]}}