{"id":1242,"date":"2025-08-22T08:17:25","date_gmt":"2025-08-22T08:17:25","guid":{"rendered":"https:\/\/rannahotell.ee\/green-key\/"},"modified":"2025-09-19T11:40:48","modified_gmt":"2025-09-19T11:40:48","slug":"green-key","status":"publish","type":"page","link":"https:\/\/rannahotell.ee\/en\/green-key\/","title":{"rendered":"Green Key"},"content":{"rendered":"\n<div class=\"wp-block-cover alignfull\"><img loading=\"lazy\" decoding=\"async\" width=\"1000\" height=\"667\" class=\"wp-block-cover__image-background wp-image-494 size-full\" alt=\"\" src=\"https:\/\/rannahotell.ee\/wp-content\/uploads\/2025\/08\/estonia-ranna-hotel-outside-111.jpg\" style=\"object-position:70% 70%\" data-object-fit=\"cover\" data-object-position=\"70% 70%\" srcset=\"https:\/\/rannahotell.ee\/wp-content\/uploads\/2025\/08\/estonia-ranna-hotel-outside-111.jpg 1000w, https:\/\/rannahotell.ee\/wp-content\/uploads\/2025\/08\/estonia-ranna-hotel-outside-111-300x200.jpg 300w, https:\/\/rannahotell.ee\/wp-content\/uploads\/2025\/08\/estonia-ranna-hotel-outside-111-768x512.jpg 768w\" sizes=\"auto, (max-width: 1000px) 100vw, 1000px\" \/><span aria-hidden=\"true\" class=\"wp-block-cover__background has-background-dim-0 has-background-dim\"><\/span><div class=\"wp-block-cover__inner-container is-layout-flow wp-block-cover-is-layout-flow\">\n<p class=\"has-text-align-center has-large-font-size\"><\/p>\n<\/div><\/div>\n\n\n\n<div style=\"height:30px\" aria-hidden=\"true\" class=\"wp-block-spacer\"><\/div>\n\n\n\n<h1 class=\"wp-block-heading has-text-align-center\">GREEN KEY<\/h1>\n\n\n\n<hr class=\"wp-block-separator has-alpha-channel-opacity\"\/>\n\n\n\n<p class=\"has-text-align-center\" style=\"font-size:18px\">We are delighted to share that Rannahotell has received the international Green Key eco-<br>label! This recognition signifies our commitment to creating a more environmentally friendly<br>and sustainable hotel experience.<\/p>\n\n\n\n<p class=\"has-text-align-center\" style=\"font-size:18px\">Our hotel is a special part of P\u00e4rnu\u2019s history and beach culture, but we also look to the<br>future\u2014finding ways to offer our guests comfort while preserving nature and supporting the<br>local community. The Green Key certification confirms that we operate responsibly and<br>actively contribute to environmental sustainability.<\/p>\n\n\n\n<figure class=\"wp-block-image aligncenter size-full is-resized\"><img loading=\"lazy\" decoding=\"async\" width=\"265\" height=\"334\" src=\"https:\/\/rannahotell.ee\/wp-content\/uploads\/2025\/08\/greenkey_logo_varviline.png\" alt=\"\" class=\"wp-image-496\" style=\"width:100px\" srcset=\"https:\/\/rannahotell.ee\/wp-content\/uploads\/2025\/08\/greenkey_logo_varviline.png 265w, https:\/\/rannahotell.ee\/wp-content\/uploads\/2025\/08\/greenkey_logo_varviline-238x300.png 238w\" sizes=\"auto, (max-width: 265px) 100vw, 265px\" \/><\/figure>\n\n\n\n<div style=\"height:10px\" aria-hidden=\"true\" class=\"wp-block-spacer\"><\/div>\n\n\n\n<div class=\"wp-block-columns alignwide is-layout-flex wp-container-core-columns-is-layout-706b8d5c wp-block-columns-is-layout-flex\" style=\"padding-top:var(--wp--preset--spacing--30);padding-right:var(--wp--preset--spacing--40);padding-bottom:var(--wp--preset--spacing--30);padding-left:var(--wp--preset--spacing--40)\">\n<div class=\"wp-block-column animated rotateInDownLeft slow has-light-beige-background-color has-background is-layout-flow wp-block-column-is-layout-flow\" style=\"padding-top:var(--wp--preset--spacing--40);padding-bottom:var(--wp--preset--spacing--40)\">\n<div class=\"wp-block-cover is-light\" style=\"min-height:288px;aspect-ratio:unset;\"><img loading=\"lazy\" decoding=\"async\" width=\"768\" height=\"1024\" class=\"wp-block-cover__image-background wp-image-145 size-large\" alt=\"\" src=\"https:\/\/rannahotell.ee\/wp-content\/uploads\/2025\/07\/toad_rannahotellis-768x1024.jpg\" data-object-fit=\"cover\" srcset=\"https:\/\/rannahotell.ee\/wp-content\/uploads\/2025\/07\/toad_rannahotellis-768x1024.jpg 768w, https:\/\/rannahotell.ee\/wp-content\/uploads\/2025\/07\/toad_rannahotellis-225x300.jpg 225w, https:\/\/rannahotell.ee\/wp-content\/uploads\/2025\/07\/toad_rannahotellis-1152x1536.jpg 1152w, https:\/\/rannahotell.ee\/wp-content\/uploads\/2025\/07\/toad_rannahotellis.jpg 1536w\" sizes=\"auto, (max-width: 768px) 100vw, 768px\" \/><span aria-hidden=\"true\" class=\"wp-block-cover__background has-background-dim-0 has-background-dim\" style=\"background-color:#8a8b83\"><\/span><div class=\"wp-block-cover__inner-container is-layout-constrained wp-block-cover-is-layout-constrained\">\n<p class=\"has-text-align-center has-large-font-size\"><\/p>\n<\/div><\/div>\n\n\n\n<ul class=\"wp-block-list\">\n<li>Towels \u2013 If you hang your towel on the rack we won\u2019t replace it, helping to reduce water consumption from laundry.<\/li>\n<\/ul>\n<\/div>\n\n\n\n<div class=\"wp-block-column is-layout-flow wp-block-column-is-layout-flow\" style=\"padding-top:var(--wp--preset--spacing--40);padding-bottom:var(--wp--preset--spacing--40)\">\n<div class=\"wp-block-cover is-light\" style=\"min-height:284px;aspect-ratio:unset;\"><img loading=\"lazy\" decoding=\"async\" width=\"768\" height=\"1024\" class=\"wp-block-cover__image-background wp-image-495 size-large\" alt=\"\" src=\"https:\/\/rannahotell.ee\/wp-content\/uploads\/2025\/08\/green_key_rannahotellis-768x1024.jpg\" data-object-fit=\"cover\" srcset=\"https:\/\/rannahotell.ee\/wp-content\/uploads\/2025\/08\/green_key_rannahotellis-768x1024.jpg 768w, https:\/\/rannahotell.ee\/wp-content\/uploads\/2025\/08\/green_key_rannahotellis-225x300.jpg 225w, https:\/\/rannahotell.ee\/wp-content\/uploads\/2025\/08\/green_key_rannahotellis-1152x1536.jpg 1152w, https:\/\/rannahotell.ee\/wp-content\/uploads\/2025\/08\/green_key_rannahotellis.jpg 1536w\" sizes=\"auto, (max-width: 768px) 100vw, 768px\" \/><span aria-hidden=\"true\" class=\"wp-block-cover__background has-background-dim-0 has-background-dim\" style=\"background-color:#708e8e\"><\/span><div class=\"wp-block-cover__inner-container is-layout-constrained wp-block-cover-is-layout-constrained\">\n<p class=\"has-text-align-center has-large-font-size\"><\/p>\n<\/div><\/div>\n\n\n\n<ul class=\"wp-block-list\">\n<li>Refillable toiletries \u2013 We have replaced single-use shampoo and shower gel bottles with refillable dispensers in all rooms, reducing plastic waste.<\/li>\n<\/ul>\n<\/div>\n\n\n\n<div class=\"wp-block-column has-light-beige-background-color has-background is-layout-flow wp-block-column-is-layout-flow\" style=\"padding-top:var(--wp--preset--spacing--40);padding-bottom:var(--wp--preset--spacing--40)\">\n<div class=\"wp-block-cover\" style=\"min-height:285px;aspect-ratio:unset;\"><img decoding=\"async\" class=\"wp-block-cover__image-background wp-image-662 size-full\" alt=\"\" src=\"https:\/\/rannahotell.ee\/wp-content\/uploads\/2025\/08\/kastmine.jpg\" data-object-fit=\"cover\"\/><span aria-hidden=\"true\" class=\"wp-block-cover__background has-background-dim-0 has-background-dim\" style=\"background-color:#555c5e\"><\/span><div class=\"wp-block-cover__inner-container is-layout-constrained wp-block-cover-is-layout-constrained\">\n<p class=\"has-text-align-center has-large-font-size\"><\/p>\n<\/div><\/div>\n\n\n\n<ul class=\"wp-block-list\">\n<li>Water conservation in landscaping \u2013 Our flowers and green areas are watered in the morning to minimize evaporation and save resources.<\/li>\n<\/ul>\n<\/div>\n\n\n\n<div class=\"wp-block-column animated rotateInDownRight slow is-layout-flow wp-block-column-is-layout-flow\" style=\"padding-top:var(--wp--preset--spacing--40);padding-bottom:var(--wp--preset--spacing--40)\">\n<div class=\"wp-block-cover is-light\" style=\"min-height:284px;aspect-ratio:unset;\"><img loading=\"lazy\" decoding=\"async\" width=\"940\" height=\"788\" class=\"wp-block-cover__image-background wp-image-497 size-full\" alt=\"\" src=\"https:\/\/rannahotell.ee\/wp-content\/uploads\/2025\/08\/kraan-1.png\" data-object-fit=\"cover\" srcset=\"https:\/\/rannahotell.ee\/wp-content\/uploads\/2025\/08\/kraan-1.png 940w, https:\/\/rannahotell.ee\/wp-content\/uploads\/2025\/08\/kraan-1-300x251.png 300w, https:\/\/rannahotell.ee\/wp-content\/uploads\/2025\/08\/kraan-1-768x644.png 768w\" sizes=\"auto, (max-width: 940px) 100vw, 940px\" \/><span aria-hidden=\"true\" class=\"wp-block-cover__background has-background-dim-0 has-background-dim\" style=\"background-color:#ced2db\"><\/span><div class=\"wp-block-cover__inner-container is-layout-constrained wp-block-cover-is-layout-constrained\">\n<p class=\"has-text-align-center has-large-font-size\"><\/p>\n<\/div><\/div>\n\n\n\n<ul class=\"wp-block-list\">\n<li>Drink tap water \u2013 Our tap water is high-quality and safe to drink. Enjoy it straight from the tap and help reduce plastic bottle consumption.<\/li>\n<\/ul>\n<\/div>\n<\/div>\n\n\n\n<div class=\"wp-block-columns alignwide is-layout-flex wp-container-core-columns-is-layout-ef350914 wp-block-columns-is-layout-flex\" style=\"padding-top:var(--wp--preset--spacing--30);padding-bottom:var(--wp--preset--spacing--30)\">\n<div class=\"wp-block-column animated rotateInDownLeft slow is-layout-flow wp-block-column-is-layout-flow\" style=\"padding-top:var(--wp--preset--spacing--40);padding-bottom:var(--wp--preset--spacing--40)\">\n<div class=\"wp-block-cover is-light\" style=\"min-height:288px;aspect-ratio:unset;\"><img decoding=\"async\" class=\"wp-block-cover__image-background wp-image-663 size-full\" alt=\"\" src=\"https:\/\/rannahotell.ee\/wp-content\/uploads\/2025\/08\/toit.jpg\" data-object-fit=\"cover\"\/><span aria-hidden=\"true\" class=\"wp-block-cover__background has-background-dim-0 has-background-dim\" style=\"background-color:#bca3a0\"><\/span><div class=\"wp-block-cover__inner-container is-layout-constrained wp-block-cover-is-layout-constrained\">\n<p class=\"has-text-align-center has-large-font-size\"><\/p>\n<\/div><\/div>\n\n\n\n<ul class=\"wp-block-list\">\n<li>Local food sourcing \u2013 We collaborate with local food producers to ensure that our restaurant serves as much locally sourced food as possible.<\/li>\n<\/ul>\n\n\n\n<p><\/p>\n<\/div>\n\n\n\n<div class=\"wp-block-column has-light-beige-background-color has-background is-layout-flow wp-block-column-is-layout-flow\" style=\"padding-top:var(--wp--preset--spacing--40);padding-bottom:var(--wp--preset--spacing--40)\">\n<div class=\"wp-block-cover is-light\" style=\"min-height:284px;aspect-ratio:unset;\"><img loading=\"lazy\" decoding=\"async\" width=\"1024\" height=\"738\" class=\"wp-block-cover__image-background wp-image-664 size-large\" alt=\"\" src=\"https:\/\/rannahotell.ee\/wp-content\/uploads\/2025\/08\/valgus-1024x738.jpg\" data-object-fit=\"cover\" srcset=\"https:\/\/rannahotell.ee\/wp-content\/uploads\/2025\/08\/valgus-1024x738.jpg 1024w, https:\/\/rannahotell.ee\/wp-content\/uploads\/2025\/08\/valgus-300x216.jpg 300w, https:\/\/rannahotell.ee\/wp-content\/uploads\/2025\/08\/valgus-768x554.jpg 768w, https:\/\/rannahotell.ee\/wp-content\/uploads\/2025\/08\/valgus.jpg 1357w\" sizes=\"auto, (max-width: 1024px) 100vw, 1024px\" \/><span aria-hidden=\"true\" class=\"wp-block-cover__background has-background-dim-0 has-background-dim\" style=\"background-color:#d4ccc3\"><\/span><div class=\"wp-block-cover__inner-container is-layout-constrained wp-block-cover-is-layout-constrained\">\n<p class=\"has-text-align-center has-large-font-size\"><\/p>\n<\/div><\/div>\n\n\n\n<ul class=\"wp-block-list\">\n<li>Energy-efficient lighting \u2013 We use LED lighting in rooms and common areas, and where possible, motion-sensor lights to prevent unnecessary energy use.<\/li>\n<\/ul>\n<\/div>\n\n\n\n<div class=\"wp-block-column is-layout-flow wp-block-column-is-layout-flow\" style=\"padding-top:var(--wp--preset--spacing--40);padding-bottom:var(--wp--preset--spacing--40)\">\n<div class=\"wp-block-cover is-light\" style=\"min-height:285px;aspect-ratio:unset;\"><img decoding=\"async\" class=\"wp-block-cover__image-background wp-image-665 size-full\" alt=\"\" src=\"https:\/\/rannahotell.ee\/wp-content\/uploads\/2025\/08\/voodipesu-ja-ratikud-1.jpg\" data-object-fit=\"cover\"\/><span aria-hidden=\"true\" class=\"wp-block-cover__background has-background-dim-0 has-background-dim\" style=\"background-color:#aea39f\"><\/span><div class=\"wp-block-cover__inner-container is-layout-constrained wp-block-cover-is-layout-constrained\">\n<p class=\"has-text-align-center has-large-font-size\"><\/p>\n<\/div><\/div>\n\n\n\n<ul class=\"wp-block-list\">\n<li>Linen change policy \u2013 Bed linens are changed every four days or upon departure. If you prefer more frequent changes just let us know.<\/li>\n<\/ul>\n<\/div>\n\n\n\n<div class=\"wp-block-column animated rotateInDownRight slow has-light-beige-background-color has-background is-layout-flow wp-block-column-is-layout-flow\" style=\"padding-top:var(--wp--preset--spacing--40);padding-bottom:var(--wp--preset--spacing--40)\">\n<div class=\"wp-block-cover\" style=\"min-height:286px;aspect-ratio:unset;\"><img decoding=\"async\" class=\"wp-block-cover__image-background wp-image-667 size-full\" alt=\"\" src=\"https:\/\/rannahotell.ee\/wp-content\/uploads\/2025\/08\/AdobeStock_847588752.jpeg\" data-object-fit=\"cover\"\/><span aria-hidden=\"true\" class=\"wp-block-cover__background has-background-dim-0 has-background-dim\" style=\"background-color:#778281\"><\/span><div class=\"wp-block-cover__inner-container is-layout-constrained wp-block-cover-is-layout-constrained\">\n<p class=\"has-text-align-center has-large-font-size\"><\/p>\n<\/div><\/div>\n\n\n\n<ul class=\"wp-block-list\">\n<li>Environmentally friendly cleaning products \u2013 We use sustainable cleaning products to keep both our hotel\u2019s indoor spaces and the surrounding nature chemical-free.<\/li>\n<\/ul>\n<\/div>\n<\/div>\n\n\n\n<div style=\"height:30px\" aria-hidden=\"true\" class=\"wp-block-spacer\"><\/div>\n\n\n\n<p class=\"has-text-align-center\">Our goal is to offer a relaxing beachside getaway in P\u00e4rnu while acting responsibly and<br>sustainably. Learn more about <a href=\"https:\/\/www.greenkey.global\/\" target=\"_blank\" rel=\"noreferrer noopener\"><strong>Green Key<\/strong><\/a>.<\/p>\n\n\n\n<div style=\"height:20px\" aria-hidden=\"true\" class=\"wp-block-spacer\"><\/div>\n\n\n\n<p><\/p>\n","protected":false},"excerpt":{"rendered":"<p>GREEN KEY We are delighted to share that Rannahotell has received the international Green Key eco-label! This recognition signifies our commitment to creating a more environmentally friendlyand sustainable hotel experience. Our hotel is a special part of P\u00e4rnu\u2019s history and beach culture, but we also look to thefuture\u2014finding ways to offer our guests comfort while [&hellip;]<\/p>\n","protected":false},"author":3,"featured_media":0,"parent":0,"menu_order":0,"comment_status":"closed","ping_status":"closed","template":"","meta":{"footnotes":""},"class_list":["post-1242","page","type-page","status-publish","hentry"],"yoast_head":"<!-- This site is optimized with the Yoast SEO plugin v27.0 - https:\/\/yoast.com\/product\/yoast-seo-wordpress\/ -->\n<title>Green Key - P\u00e4rnu Rannahotell<\/title>\n<meta name=\"robots\" content=\"index, follow, max-snippet:-1, max-image-preview:large, max-video-preview:-1\" \/>\n<link rel=\"canonical\" href=\"https:\/\/rannahotell.ee\/en\/green-key\/\" \/>\n<meta property=\"og:locale\" content=\"en_US\" \/>\n<meta property=\"og:type\" content=\"article\" \/>\n<meta property=\"og:title\" content=\"Green Key - P\u00e4rnu Rannahotell\" \/>\n<meta property=\"og:description\" content=\"GREEN KEY We are delighted to share that Rannahotell has received the international Green Key eco-label! This recognition signifies our commitment to creating a more environmentally friendlyand sustainable hotel experience. Our hotel is a special part of P\u00e4rnu\u2019s history and beach culture, but we also look to thefuture\u2014finding ways to offer our guests comfort while [&hellip;]\" \/>\n<meta property=\"og:url\" content=\"https:\/\/rannahotell.ee\/en\/green-key\/\" \/>\n<meta property=\"og:site_name\" content=\"P\u00e4rnu Rannahotell\" \/>\n<meta property=\"article:modified_time\" content=\"2025-09-19T11:40:48+00:00\" \/>\n<meta property=\"og:image\" content=\"https:\/\/rannahotell.ee\/wp-content\/uploads\/2025\/08\/estonia-ranna-hotel-outside-111.jpg\" \/>\n<meta name=\"twitter:card\" content=\"summary_large_image\" \/>\n<meta name=\"twitter:label1\" content=\"Est. reading time\" \/>\n\t<meta name=\"twitter:data1\" content=\"4 minutes\" \/>\n<script type=\"application\/ld+json\" class=\"yoast-schema-graph\">{\"@context\":\"https:\/\/schema.org\",\"@graph\":[{\"@type\":\"WebPage\",\"@id\":\"https:\/\/rannahotell.ee\/en\/green-key\/\",\"url\":\"https:\/\/rannahotell.ee\/en\/green-key\/\",\"name\":\"Green Key - P\u00e4rnu Rannahotell\",\"isPartOf\":{\"@id\":\"https:\/\/rannahotell.ee\/en\/#website\"},\"primaryImageOfPage\":{\"@id\":\"https:\/\/rannahotell.ee\/en\/green-key\/#primaryimage\"},\"image\":{\"@id\":\"https:\/\/rannahotell.ee\/en\/green-key\/#primaryimage\"},\"thumbnailUrl\":\"https:\/\/rannahotell.ee\/wp-content\/uploads\/2025\/08\/estonia-ranna-hotel-outside-111.jpg\",\"datePublished\":\"2025-08-22T08:17:25+00:00\",\"dateModified\":\"2025-09-19T11:40:48+00:00\",\"breadcrumb\":{\"@id\":\"https:\/\/rannahotell.ee\/en\/green-key\/#breadcrumb\"},\"inLanguage\":\"en-US\",\"potentialAction\":[{\"@type\":\"ReadAction\",\"target\":[\"https:\/\/rannahotell.ee\/en\/green-key\/\"]}]},{\"@type\":\"ImageObject\",\"inLanguage\":\"en-US\",\"@id\":\"https:\/\/rannahotell.ee\/en\/green-key\/#primaryimage\",\"url\":\"https:\/\/rannahotell.ee\/wp-content\/uploads\/2025\/08\/estonia-ranna-hotel-outside-111.jpg\",\"contentUrl\":\"https:\/\/rannahotell.ee\/wp-content\/uploads\/2025\/08\/estonia-ranna-hotel-outside-111.jpg\"},{\"@type\":\"BreadcrumbList\",\"@id\":\"https:\/\/rannahotell.ee\/en\/green-key\/#breadcrumb\",\"itemListElement\":[{\"@type\":\"ListItem\",\"position\":1,\"name\":\"Home\",\"item\":\"https:\/\/rannahotell.ee\/en\/\"},{\"@type\":\"ListItem\",\"position\":2,\"name\":\"Green Key\"}]},{\"@type\":\"WebSite\",\"@id\":\"https:\/\/rannahotell.ee\/en\/#website\",\"url\":\"https:\/\/rannahotell.ee\/en\/\",\"name\":\"P\u00e4rnu Rannahotell\",\"description\":\"Arhitektuurip\u00e4rl P\u00e4rnu parima restoraniga\",\"potentialAction\":[{\"@type\":\"SearchAction\",\"target\":{\"@type\":\"EntryPoint\",\"urlTemplate\":\"https:\/\/rannahotell.ee\/en\/?s={search_term_string}\"},\"query-input\":{\"@type\":\"PropertyValueSpecification\",\"valueRequired\":true,\"valueName\":\"search_term_string\"}}],\"inLanguage\":\"en-US\"}]}<\/script>\n<!-- \/ Yoast SEO plugin. -->","yoast_head_json":{"title":"Green Key - P\u00e4rnu Rannahotell","robots":{"index":"index","follow":"follow","max-snippet":"max-snippet:-1","max-image-preview":"max-image-preview:large","max-video-preview":"max-video-preview:-1"},"canonical":"https:\/\/rannahotell.ee\/en\/green-key\/","og_locale":"en_US","og_type":"article","og_title":"Green Key - P\u00e4rnu Rannahotell","og_description":"GREEN KEY We are delighted to share that Rannahotell has received the international Green Key eco-label! This recognition signifies our commitment to creating a more environmentally friendlyand sustainable hotel experience. Our hotel is a special part of P\u00e4rnu\u2019s history and beach culture, but we also look to thefuture\u2014finding ways to offer our guests comfort while [&hellip;]","og_url":"https:\/\/rannahotell.ee\/en\/green-key\/","og_site_name":"P\u00e4rnu Rannahotell","article_modified_time":"2025-09-19T11:40:48+00:00","og_image":[{"url":"https:\/\/rannahotell.ee\/wp-content\/uploads\/2025\/08\/estonia-ranna-hotel-outside-111.jpg","type":"","width":"","height":""}],"twitter_card":"summary_large_image","twitter_misc":{"Est. reading time":"4 minutes"},"schema":{"@context":"https:\/\/schema.org","@graph":[{"@type":"WebPage","@id":"https:\/\/rannahotell.ee\/en\/green-key\/","url":"https:\/\/rannahotell.ee\/en\/green-key\/","name":"Green Key - P\u00e4rnu Rannahotell","isPartOf":{"@id":"https:\/\/rannahotell.ee\/en\/#website"},"primaryImageOfPage":{"@id":"https:\/\/rannahotell.ee\/en\/green-key\/#primaryimage"},"image":{"@id":"https:\/\/rannahotell.ee\/en\/green-key\/#primaryimage"},"thumbnailUrl":"https:\/\/rannahotell.ee\/wp-content\/uploads\/2025\/08\/estonia-ranna-hotel-outside-111.jpg","datePublished":"2025-08-22T08:17:25+00:00","dateModified":"2025-09-19T11:40:48+00:00","breadcrumb":{"@id":"https:\/\/rannahotell.ee\/en\/green-key\/#breadcrumb"},"inLanguage":"en-US","potentialAction":[{"@type":"ReadAction","target":["https:\/\/rannahotell.ee\/en\/green-key\/"]}]},{"@type":"ImageObject","inLanguage":"en-US","@id":"https:\/\/rannahotell.ee\/en\/green-key\/#primaryimage","url":"https:\/\/rannahotell.ee\/wp-content\/uploads\/2025\/08\/estonia-ranna-hotel-outside-111.jpg","contentUrl":"https:\/\/rannahotell.ee\/wp-content\/uploads\/2025\/08\/estonia-ranna-hotel-outside-111.jpg"},{"@type":"BreadcrumbList","@id":"https:\/\/rannahotell.ee\/en\/green-key\/#breadcrumb","itemListElement":[{"@type":"ListItem","position":1,"name":"Home","item":"https:\/\/rannahotell.ee\/en\/"},{"@type":"ListItem","position":2,"name":"Green Key"}]},{"@type":"WebSite","@id":"https:\/\/rannahotell.ee\/en\/#website","url":"https:\/\/rannahotell.ee\/en\/","name":"P\u00e4rnu Rannahotell","description":"Arhitektuurip\u00e4rl P\u00e4rnu parima restoraniga","potentialAction":[{"@type":"SearchAction","target":{"@type":"EntryPoint","urlTemplate":"https:\/\/rannahotell.ee\/en\/?s={search_term_string}"},"query-input":{"@type":"PropertyValueSpecification","valueRequired":true,"valueName":"search_term_string"}}],"inLanguage":"en-US"}]}},"_links":{"self":[{"href":"https:\/\/rannahotell.ee\/en\/wp-json\/wp\/v2\/pages\/1242","targetHints":{"allow":["GET"]}}],"collection":[{"href":"https:\/\/rannahotell.ee\/en\/wp-json\/wp\/v2\/pages"}],"about":[{"href":"https:\/\/rannahotell.ee\/en\/wp-json\/wp\/v2\/types\/page"}],"author":[{"embeddable":true,"href":"https:\/\/rannahotell.ee\/en\/wp-json\/wp\/v2\/users\/3"}],"replies":[{"embeddable":true,"href":"https:\/\/rannahotell.ee\/en\/wp-json\/wp\/v2\/comments?post=1242"}],"version-history":[{"count":5,"href":"https:\/\/rannahotell.ee\/en\/wp-json\/wp\/v2\/pages\/1242\/revisions"}],"predecessor-version":[{"id":1608,"href":"https:\/\/rannahotell.ee\/en\/wp-json\/wp\/v2\/pages\/1242\/revisions\/1608"}],"wp:attachment":[{"href":"https:\/\/rannahotell.ee\/en\/wp-json\/wp\/v2\/media?parent=1242"}],"curies":[{"name":"wp","href":"https:\/\/api.w.org\/{rel}","templated":true}]}}