{"id":1211,"date":"2025-08-22T10:20:55","date_gmt":"2025-08-22T10:20:55","guid":{"rendered":"https:\/\/rannahotell.ee\/blogi\/"},"modified":"2025-09-09T10:28:37","modified_gmt":"2025-09-09T10:28:37","slug":"blog","status":"publish","type":"page","link":"https:\/\/rannahotell.ee\/en\/blog\/","title":{"rendered":"Blog"},"content":{"rendered":"\n<div class=\"wp-block-cover alignfull is-light\"><img loading=\"lazy\" decoding=\"async\" width=\"2560\" height=\"1705\" class=\"wp-block-cover__image-background wp-image-126 size-full\" alt=\"\" src=\"https:\/\/rannahotell.ee\/wp-content\/uploads\/2025\/07\/rannahotell-x-droon-54-scaled.jpg\" data-object-fit=\"cover\" srcset=\"https:\/\/rannahotell.ee\/wp-content\/uploads\/2025\/07\/rannahotell-x-droon-54-scaled.jpg 2560w, https:\/\/rannahotell.ee\/wp-content\/uploads\/2025\/07\/rannahotell-x-droon-54-300x200.jpg 300w, https:\/\/rannahotell.ee\/wp-content\/uploads\/2025\/07\/rannahotell-x-droon-54-1024x682.jpg 1024w, https:\/\/rannahotell.ee\/wp-content\/uploads\/2025\/07\/rannahotell-x-droon-54-768x512.jpg 768w, https:\/\/rannahotell.ee\/wp-content\/uploads\/2025\/07\/rannahotell-x-droon-54-1536x1023.jpg 1536w, https:\/\/rannahotell.ee\/wp-content\/uploads\/2025\/07\/rannahotell-x-droon-54-2048x1364.jpg 2048w, https:\/\/rannahotell.ee\/wp-content\/uploads\/2025\/07\/rannahotell-x-droon-54-1568x1045.jpg 1568w\" sizes=\"auto, (max-width: 2560px) 100vw, 2560px\" \/><span aria-hidden=\"true\" class=\"wp-block-cover__background has-background-dim-0 has-background-dim\"><\/span><div class=\"wp-block-cover__inner-container is-layout-flow wp-block-cover-is-layout-flow\">\n<p class=\"has-text-align-center has-large-font-size\"><\/p>\n<\/div><\/div>\n\n\n\n<div style=\"height:30px\" aria-hidden=\"true\" class=\"wp-block-spacer\"><\/div>\n\n\n\n<h1 class=\"wp-block-heading has-text-align-center\">BLOG<\/h1>\n\n\n\n<hr class=\"wp-block-separator has-alpha-channel-opacity\"\/>\n\n\n\n<div style=\"height:13px\" aria-hidden=\"true\" class=\"wp-block-spacer\"><\/div>\n\n\n\n<div class=\"wp-block-edhotels-news-block alignfull custom-three-blocks offers manual\"><div class=\"wp-offer-columns\">\t<div class=\"wp-news-column \">\n\t\t<div class=\"news-inner\" style=\"background-color: #d9d2c591;\">\n\t\t\t\t\t\t<h4>\n\t\t\t\t<span>August 25, 2025<\/span>\n\t\t\t\t\n\t\t\t<\/h4>\n\t\t\t<a href=\"https:\/\/rannahotell.ee\/en\/weatherproof-birthday-party-in-rannahotell\/\">\n\t\t\t\t<figure class=\"wp-block-image\" style=\"height: 230px;\">\n\t\t\t\t\t<img loading=\"lazy\" decoding=\"async\" width=\"2560\" height=\"1707\" src=\"https:\/\/rannahotell.ee\/wp-content\/uploads\/2025\/07\/resto_parnu-scaled.jpg\" class=\"attachment- size- wp-post-image\" alt=\"\" style=\"object-position: 50% 50%;\" srcset=\"https:\/\/rannahotell.ee\/wp-content\/uploads\/2025\/07\/resto_parnu-scaled.jpg 2560w, https:\/\/rannahotell.ee\/wp-content\/uploads\/2025\/07\/resto_parnu-300x200.jpg 300w, https:\/\/rannahotell.ee\/wp-content\/uploads\/2025\/07\/resto_parnu-1024x683.jpg 1024w, https:\/\/rannahotell.ee\/wp-content\/uploads\/2025\/07\/resto_parnu-768x512.jpg 768w, https:\/\/rannahotell.ee\/wp-content\/uploads\/2025\/07\/resto_parnu-1536x1024.jpg 1536w, https:\/\/rannahotell.ee\/wp-content\/uploads\/2025\/07\/resto_parnu-2048x1365.jpg 2048w, https:\/\/rannahotell.ee\/wp-content\/uploads\/2025\/07\/resto_parnu-1568x1045.jpg 1568w\" sizes=\"auto, (max-width: 2560px) 100vw, 2560px\" \/>\t\t\t\t<\/figure>\n\t\t\t<\/a>\n\t\t\t<div class=\"news-text-wrapper\">\n\t\t\t\t<h3><a href=\"https:\/\/rannahotell.ee\/en\/weatherproof-birthday-party-in-rannahotell\/\">Weatherproof birthday party in Rannahotell<\/a><\/h3>\n\t\t\t\t<p>You have birthday coming up in August but you are worried about the unpredictable summer weather that could ruin your birthday plans? You have planned a cozy garden party but the situation makes you look at the weather forecast every second?\u00a0<\/p>\n\t\t\t\t\t\t\t\t\t<div class=\"button-wrapper\">\n\t\t\t\t\t\t\t\t\t\t\t\t\t<div class=\"wp-block-button\">\n\t\t\t\t\t\t\t\t<a class=\"wp-block-button__link\" href=\"https:\/\/rannahotell.ee\/en\/weatherproof-birthday-party-in-rannahotell\/\">Read more<\/a>\n\t\t\t\t\t\t\t<\/div>\n\t\t\t\t\t\t\t\t\t\t\t<\/div>\n\t\t\t\t\t\t\t<\/div>\n\t\t<\/div>\n\t<\/div>\n\n\t\n\n\t<div class=\"wp-news-column \">\n\t\t<div class=\"news-inner\" style=\"background-color: #d9d2c591;\">\n\t\t\t\t\t\t<h4>\n\t\t\t\t<span>August 25, 2025<\/span>\n\t\t\t\t\n\t\t\t<\/h4>\n\t\t\t<a href=\"https:\/\/rannahotell.ee\/en\/modern-team-events-and-hosting-them-at-rannahotell\/\">\n\t\t\t\t<figure class=\"wp-block-image\" style=\"height: 230px;\">\n\t\t\t\t\t<img loading=\"lazy\" decoding=\"async\" width=\"2560\" height=\"1707\" src=\"https:\/\/rannahotell.ee\/wp-content\/uploads\/2025\/07\/2nd-Day-Magnum-Parnu-12.-14.02.2020-6758-scaled.jpg\" class=\"attachment- size- wp-post-image\" alt=\"\" style=\"object-position: 50% 50%;\" srcset=\"https:\/\/rannahotell.ee\/wp-content\/uploads\/2025\/07\/2nd-Day-Magnum-Parnu-12.-14.02.2020-6758-scaled.jpg 2560w, https:\/\/rannahotell.ee\/wp-content\/uploads\/2025\/07\/2nd-Day-Magnum-Parnu-12.-14.02.2020-6758-300x200.jpg 300w, https:\/\/rannahotell.ee\/wp-content\/uploads\/2025\/07\/2nd-Day-Magnum-Parnu-12.-14.02.2020-6758-1024x683.jpg 1024w, https:\/\/rannahotell.ee\/wp-content\/uploads\/2025\/07\/2nd-Day-Magnum-Parnu-12.-14.02.2020-6758-768x512.jpg 768w, https:\/\/rannahotell.ee\/wp-content\/uploads\/2025\/07\/2nd-Day-Magnum-Parnu-12.-14.02.2020-6758-1536x1024.jpg 1536w, https:\/\/rannahotell.ee\/wp-content\/uploads\/2025\/07\/2nd-Day-Magnum-Parnu-12.-14.02.2020-6758-2048x1365.jpg 2048w, https:\/\/rannahotell.ee\/wp-content\/uploads\/2025\/07\/2nd-Day-Magnum-Parnu-12.-14.02.2020-6758-1568x1045.jpg 1568w\" sizes=\"auto, (max-width: 2560px) 100vw, 2560px\" \/>\t\t\t\t<\/figure>\n\t\t\t<\/a>\n\t\t\t<div class=\"news-text-wrapper\">\n\t\t\t\t<h3><a href=\"https:\/\/rannahotell.ee\/en\/modern-team-events-and-hosting-them-at-rannahotell\/\">Modern team events and hosting them at rannahotell<\/a><\/h3>\n\t\t\t\t<p>In today\u2019s fast-paced business environment, companies must constantly adapt and maintain strong teams. One effective way to achieve this is by organizing team events.\u00a0<\/p>\n\t\t\t\t\t\t\t\t\t<div class=\"button-wrapper\">\n\t\t\t\t\t\t\t\t\t\t\t\t\t<div class=\"wp-block-button\">\n\t\t\t\t\t\t\t\t<a class=\"wp-block-button__link\" href=\"https:\/\/rannahotell.ee\/en\/modern-team-events-and-hosting-them-at-rannahotell\/\">Read more<\/a>\n\t\t\t\t\t\t\t<\/div>\n\t\t\t\t\t\t\t\t\t\t\t<\/div>\n\t\t\t\t\t\t\t<\/div>\n\t\t<\/div>\n\t<\/div>\n\n\t\n\n\t<div class=\"wp-news-column \">\n\t\t<div class=\"news-inner\" style=\"background-color: #d9d2c591;\">\n\t\t\t\t\t\t<h4>\n\t\t\t\t<span>August 25, 2025<\/span>\n\t\t\t\t\n\t\t\t<\/h4>\n\t\t\t<a href=\"https:\/\/rannahotell.ee\/en\/rannahotell-through-the-ages\/\">\n\t\t\t\t<figure class=\"wp-block-image\" style=\"height: 230px;\">\n\t\t\t\t\t<img loading=\"lazy\" decoding=\"async\" width=\"768\" height=\"452\" src=\"https:\/\/rannahotell.ee\/wp-content\/uploads\/2025\/08\/Ajalooline_rannahotell-768x452-1.png\" class=\"attachment- size- wp-post-image\" alt=\"\" style=\"object-position: 50% 50%;\" srcset=\"https:\/\/rannahotell.ee\/wp-content\/uploads\/2025\/08\/Ajalooline_rannahotell-768x452-1.png 768w, https:\/\/rannahotell.ee\/wp-content\/uploads\/2025\/08\/Ajalooline_rannahotell-768x452-1-300x177.png 300w\" sizes=\"auto, (max-width: 768px) 100vw, 768px\" \/>\t\t\t\t<\/figure>\n\t\t\t<\/a>\n\t\t\t<div class=\"news-text-wrapper\">\n\t\t\t\t<h3><a href=\"https:\/\/rannahotell.ee\/en\/rannahotell-through-the-ages\/\">Rannahotell through the ages<\/a><\/h3>\n\t\t\t\t<p>\u201cThere is no hotel like it in half of Europe!\u201d the newspapers announced. The editor of Copenhagen\u2019s \u201cExtrabladet\u201d wrote about his visit to Estonia in 1938: \u201cI stayed at the Rannahotell, the likes of which cannot even be found in Denmark!\u201d\u00a0\u00a0<\/p>\n\t\t\t\t\t\t\t\t\t<div class=\"button-wrapper\">\n\t\t\t\t\t\t\t\t\t\t\t\t\t<div class=\"wp-block-button\">\n\t\t\t\t\t\t\t\t<a class=\"wp-block-button__link\" href=\"https:\/\/rannahotell.ee\/en\/rannahotell-through-the-ages\/\">Read more<\/a>\n\t\t\t\t\t\t\t<\/div>\n\t\t\t\t\t\t\t\t\t\t\t<\/div>\n\t\t\t\t\t\t\t<\/div>\n\t\t<\/div>\n\t<\/div>\n\n\t\n\n\t<div class=\"wp-news-column \">\n\t\t<div class=\"news-inner\" style=\"background-color: #d9d2c591;\">\n\t\t\t\t\t\t<h4>\n\t\t\t\t<span>July 17, 2025<\/span>\n\t\t\t\t\n\t\t\t<\/h4>\n\t\t\t<a href=\"https:\/\/rannahotell.ee\/en\/fun-golf-weekend-in-parnu\/\">\n\t\t\t\t<figure class=\"wp-block-image\" style=\"height: 230px;\">\n\t\t\t\t\t<img loading=\"lazy\" decoding=\"async\" width=\"1125\" height=\"750\" src=\"https:\/\/rannahotell.ee\/wp-content\/uploads\/2025\/08\/GOLF_BAY.jpg\" class=\"attachment- size- wp-post-image\" alt=\"\" style=\"object-position: 50% 50%;\" srcset=\"https:\/\/rannahotell.ee\/wp-content\/uploads\/2025\/08\/GOLF_BAY.jpg 1125w, https:\/\/rannahotell.ee\/wp-content\/uploads\/2025\/08\/GOLF_BAY-300x200.jpg 300w, https:\/\/rannahotell.ee\/wp-content\/uploads\/2025\/08\/GOLF_BAY-1024x683.jpg 1024w, https:\/\/rannahotell.ee\/wp-content\/uploads\/2025\/08\/GOLF_BAY-768x512.jpg 768w\" sizes=\"auto, (max-width: 1125px) 100vw, 1125px\" \/>\t\t\t\t<\/figure>\n\t\t\t<\/a>\n\t\t\t<div class=\"news-text-wrapper\">\n\t\t\t\t<h3><a href=\"https:\/\/rannahotell.ee\/en\/fun-golf-weekend-in-parnu\/\">Fun golf weekend in P\u00e4rnu<\/a><\/h3>\n\t\t\t\t<p>Please find reasons why you should have your next golf holiday in P\u00e4rnu.<\/p>\n\t\t\t\t\t\t\t\t\t<div class=\"button-wrapper\">\n\t\t\t\t\t\t\t\t\t\t\t\t\t<div class=\"wp-block-button\">\n\t\t\t\t\t\t\t\t<a class=\"wp-block-button__link\" href=\"https:\/\/rannahotell.ee\/en\/fun-golf-weekend-in-parnu\/\">Read more<\/a>\n\t\t\t\t\t\t\t<\/div>\n\t\t\t\t\t\t\t\t\t\t\t<\/div>\n\t\t\t\t\t\t\t<\/div>\n\t\t<\/div>\n\t<\/div>\n\n\t\n\n\t<div class=\"wp-news-column \">\n\t\t<div class=\"news-inner\" style=\"background-color: #d9d2c591;\">\n\t\t\t\t\t\t<h4>\n\t\t\t\t<span>June 30, 2025<\/span>\n\t\t\t\t\n\t\t\t<\/h4>\n\t\t\t<a href=\"https:\/\/rannahotell.ee\/en\/your-corporate-summer-days-in-rannahotell\/\">\n\t\t\t\t<figure class=\"wp-block-image\" style=\"height: 230px;\">\n\t\t\t\t\t<img loading=\"lazy\" decoding=\"async\" width=\"2560\" height=\"1707\" src=\"https:\/\/rannahotell.ee\/wp-content\/uploads\/2025\/07\/rannahotell_seltskond_restoranis-scaled.jpg\" class=\"attachment- size- wp-post-image\" alt=\"\" style=\"object-position: 50% 50%;\" srcset=\"https:\/\/rannahotell.ee\/wp-content\/uploads\/2025\/07\/rannahotell_seltskond_restoranis-scaled.jpg 2560w, https:\/\/rannahotell.ee\/wp-content\/uploads\/2025\/07\/rannahotell_seltskond_restoranis-300x200.jpg 300w, https:\/\/rannahotell.ee\/wp-content\/uploads\/2025\/07\/rannahotell_seltskond_restoranis-1024x683.jpg 1024w, https:\/\/rannahotell.ee\/wp-content\/uploads\/2025\/07\/rannahotell_seltskond_restoranis-768x512.jpg 768w, https:\/\/rannahotell.ee\/wp-content\/uploads\/2025\/07\/rannahotell_seltskond_restoranis-1536x1024.jpg 1536w, https:\/\/rannahotell.ee\/wp-content\/uploads\/2025\/07\/rannahotell_seltskond_restoranis-2048x1365.jpg 2048w, https:\/\/rannahotell.ee\/wp-content\/uploads\/2025\/07\/rannahotell_seltskond_restoranis-1568x1045.jpg 1568w\" sizes=\"auto, (max-width: 2560px) 100vw, 2560px\" \/>\t\t\t\t<\/figure>\n\t\t\t<\/a>\n\t\t\t<div class=\"news-text-wrapper\">\n\t\t\t\t<h3><a href=\"https:\/\/rannahotell.ee\/en\/your-corporate-summer-days-in-rannahotell\/\">Your corporate summer days in Rannahotell<\/a><\/h3>\n\t\t\t\t<p>Find the reasons why you should have your corporate event in P\u00e4rnu Rannahotell.<\/p>\n\t\t\t\t\t\t\t\t\t<div class=\"button-wrapper\">\n\t\t\t\t\t\t\t\t\t\t\t\t\t<div class=\"wp-block-button\">\n\t\t\t\t\t\t\t\t<a class=\"wp-block-button__link\" href=\"https:\/\/rannahotell.ee\/en\/your-corporate-summer-days-in-rannahotell\/\">Read more<\/a>\n\t\t\t\t\t\t\t<\/div>\n\t\t\t\t\t\t\t\t\t\t\t<\/div>\n\t\t\t\t\t\t\t<\/div>\n\t\t<\/div>\n\t<\/div>\n\n\t\n\n\t<div class=\"wp-news-column \">\n\t\t<div class=\"news-inner\" style=\"background-color: #d9d2c591;\">\n\t\t\t\t\t\t<h4>\n\t\t\t\t<span>June 1, 2025<\/span>\n\t\t\t\t\n\t\t\t<\/h4>\n\t\t\t<a href=\"https:\/\/rannahotell.ee\/en\/discover-summer-capital-parnu\/\">\n\t\t\t\t<figure class=\"wp-block-image\" style=\"height: 230px;\">\n\t\t\t\t\t<img loading=\"lazy\" decoding=\"async\" width=\"2047\" height=\"1364\" src=\"https:\/\/rannahotell.ee\/wp-content\/uploads\/2025\/07\/Parnu_rand.jpg\" class=\"attachment- size- wp-post-image\" alt=\"\" style=\"object-position: 50% 50%;\" srcset=\"https:\/\/rannahotell.ee\/wp-content\/uploads\/2025\/07\/Parnu_rand.jpg 2047w, https:\/\/rannahotell.ee\/wp-content\/uploads\/2025\/07\/Parnu_rand-300x200.jpg 300w, https:\/\/rannahotell.ee\/wp-content\/uploads\/2025\/07\/Parnu_rand-1024x682.jpg 1024w, https:\/\/rannahotell.ee\/wp-content\/uploads\/2025\/07\/Parnu_rand-768x512.jpg 768w, https:\/\/rannahotell.ee\/wp-content\/uploads\/2025\/07\/Parnu_rand-1536x1023.jpg 1536w, https:\/\/rannahotell.ee\/wp-content\/uploads\/2025\/07\/Parnu_rand-1568x1045.jpg 1568w\" sizes=\"auto, (max-width: 2047px) 100vw, 2047px\" \/>\t\t\t\t<\/figure>\n\t\t\t<\/a>\n\t\t\t<div class=\"news-text-wrapper\">\n\t\t\t\t<h3><a href=\"https:\/\/rannahotell.ee\/en\/discover-summer-capital-parnu\/\">Discover summer capital P\u00e4rnu<\/a><\/h3>\n\t\t\t\t<p>If you plan to visit beautiful P\u00e4rnu and Rannahotell \u00a0get ready for a memorable experience full of sun, sea and great activities.<\/p>\n\t\t\t\t\t\t\t\t\t<div class=\"button-wrapper\">\n\t\t\t\t\t\t\t\t\t\t\t\t\t<div class=\"wp-block-button\">\n\t\t\t\t\t\t\t\t<a class=\"wp-block-button__link\" href=\"https:\/\/rannahotell.ee\/en\/discover-summer-capital-parnu\/\">Read more<\/a>\n\t\t\t\t\t\t\t<\/div>\n\t\t\t\t\t\t\t\t\t\t\t<\/div>\n\t\t\t\t\t\t\t<\/div>\n\t\t<\/div>\n\t<\/div>\n\n\t\n\n\t<div class=\"wp-news-column \">\n\t\t<div class=\"news-inner\" style=\"background-color: #d9d2c591;\">\n\t\t\t\t\t\t<h4>\n\t\t\t\t<span>May 14, 2025<\/span>\n\t\t\t\t\n\t\t\t<\/h4>\n\t\t\t<a href=\"https:\/\/rannahotell.ee\/en\/5-reasons-why-you-should-get-married-in-rannahotell\/\">\n\t\t\t\t<figure class=\"wp-block-image\" style=\"height: 230px;\">\n\t\t\t\t\t<img loading=\"lazy\" decoding=\"async\" width=\"1080\" height=\"1080\" src=\"https:\/\/rannahotell.ee\/wp-content\/uploads\/2025\/08\/pulm_rannahotellis.png\" class=\"attachment- size- wp-post-image\" alt=\"\" style=\"object-position: 50% 50%;\" srcset=\"https:\/\/rannahotell.ee\/wp-content\/uploads\/2025\/08\/pulm_rannahotellis.png 1080w, https:\/\/rannahotell.ee\/wp-content\/uploads\/2025\/08\/pulm_rannahotellis-300x300.png 300w, https:\/\/rannahotell.ee\/wp-content\/uploads\/2025\/08\/pulm_rannahotellis-1024x1024.png 1024w, https:\/\/rannahotell.ee\/wp-content\/uploads\/2025\/08\/pulm_rannahotellis-150x150.png 150w, https:\/\/rannahotell.ee\/wp-content\/uploads\/2025\/08\/pulm_rannahotellis-768x768.png 768w\" sizes=\"auto, (max-width: 1080px) 100vw, 1080px\" \/>\t\t\t\t<\/figure>\n\t\t\t<\/a>\n\t\t\t<div class=\"news-text-wrapper\">\n\t\t\t\t<h3><a href=\"https:\/\/rannahotell.ee\/en\/5-reasons-why-you-should-get-married-in-rannahotell\/\">5 reasons why you should get married in Rannahotell<\/a><\/h3>\n\t\t\t\t<p>Rannahotell, located right on the beach in P\u00e4rnu, is very popular and appreciated among brides and grooms. Here are 5 reasons why you should consider Rannahotell as your wedding venue. \u00a0<\/p>\n\t\t\t\t\t\t\t\t\t<div class=\"button-wrapper\">\n\t\t\t\t\t\t\t\t\t\t\t\t\t<div class=\"wp-block-button\">\n\t\t\t\t\t\t\t\t<a class=\"wp-block-button__link\" href=\"https:\/\/rannahotell.ee\/en\/5-reasons-why-you-should-get-married-in-rannahotell\/\">Read more<\/a>\n\t\t\t\t\t\t\t<\/div>\n\t\t\t\t\t\t\t\t\t\t\t<\/div>\n\t\t\t\t\t\t\t<\/div>\n\t\t<\/div>\n\t<\/div>\n\n\t\n\n\t<div class=\"wp-news-column \">\n\t\t<div class=\"news-inner\" style=\"background-color: #d9d2c591;\">\n\t\t\t\t\t\t<h4>\n\t\t\t\t<span>March 6, 2025<\/span>\n\t\t\t\t\n\t\t\t<\/h4>\n\t\t\t<a href=\"https:\/\/rannahotell.ee\/en\/parnu-in-springtime\/\">\n\t\t\t\t<figure class=\"wp-block-image\" style=\"height: 230px;\">\n\t\t\t\t\t<img loading=\"lazy\" decoding=\"async\" width=\"1000\" height=\"667\" src=\"https:\/\/rannahotell.ee\/wp-content\/uploads\/2025\/08\/estonia-ranna-hotel-outside-111.jpg\" class=\"attachment- size- wp-post-image\" alt=\"\" style=\"object-position: 50% 50%;\" srcset=\"https:\/\/rannahotell.ee\/wp-content\/uploads\/2025\/08\/estonia-ranna-hotel-outside-111.jpg 1000w, https:\/\/rannahotell.ee\/wp-content\/uploads\/2025\/08\/estonia-ranna-hotel-outside-111-300x200.jpg 300w, https:\/\/rannahotell.ee\/wp-content\/uploads\/2025\/08\/estonia-ranna-hotel-outside-111-768x512.jpg 768w\" sizes=\"auto, (max-width: 1000px) 100vw, 1000px\" \/>\t\t\t\t<\/figure>\n\t\t\t<\/a>\n\t\t\t<div class=\"news-text-wrapper\">\n\t\t\t\t<h3><a href=\"https:\/\/rannahotell.ee\/en\/parnu-in-springtime\/\">P\u00e4rnu in springtime<\/a><\/h3>\n\t\t\t\t<p>P\u00e4rnu is a popular summer destination thanks to its beautiful beaches and lively atmosphere. However, it is beautiful here at any time of the year including spring.<\/p>\n\t\t\t\t\t\t\t\t\t<div class=\"button-wrapper\">\n\t\t\t\t\t\t\t\t\t\t\t\t\t<div class=\"wp-block-button\">\n\t\t\t\t\t\t\t\t<a class=\"wp-block-button__link\" href=\"https:\/\/rannahotell.ee\/en\/parnu-in-springtime\/\">Read more<\/a>\n\t\t\t\t\t\t\t<\/div>\n\t\t\t\t\t\t\t\t\t\t\t<\/div>\n\t\t\t\t\t\t\t<\/div>\n\t\t<\/div>\n\t<\/div>\n\n\t\n\n\t<div class=\"wp-news-column \">\n\t\t<div class=\"news-inner\" style=\"background-color: #d9d2c591;\">\n\t\t\t\t\t\t<h4>\n\t\t\t\t<span>October 10, 2024<\/span>\n\t\t\t\t\n\t\t\t<\/h4>\n\t\t\t<a href=\"https:\/\/rannahotell.ee\/en\/book-an-entire-hotel-for-a-company-christmas-party\/\">\n\t\t\t\t<figure class=\"wp-block-image\" style=\"height: 230px;\">\n\t\t\t\t\t<img loading=\"lazy\" decoding=\"async\" width=\"2560\" height=\"1705\" src=\"https:\/\/rannahotell.ee\/wp-content\/uploads\/2025\/07\/rannahotell-x-droon-54-scaled.jpg\" class=\"attachment- size- wp-post-image\" alt=\"\" style=\"object-position: 50% 50%;\" srcset=\"https:\/\/rannahotell.ee\/wp-content\/uploads\/2025\/07\/rannahotell-x-droon-54-scaled.jpg 2560w, https:\/\/rannahotell.ee\/wp-content\/uploads\/2025\/07\/rannahotell-x-droon-54-300x200.jpg 300w, https:\/\/rannahotell.ee\/wp-content\/uploads\/2025\/07\/rannahotell-x-droon-54-1024x682.jpg 1024w, https:\/\/rannahotell.ee\/wp-content\/uploads\/2025\/07\/rannahotell-x-droon-54-768x512.jpg 768w, https:\/\/rannahotell.ee\/wp-content\/uploads\/2025\/07\/rannahotell-x-droon-54-1536x1023.jpg 1536w, https:\/\/rannahotell.ee\/wp-content\/uploads\/2025\/07\/rannahotell-x-droon-54-2048x1364.jpg 2048w, https:\/\/rannahotell.ee\/wp-content\/uploads\/2025\/07\/rannahotell-x-droon-54-1568x1045.jpg 1568w\" sizes=\"auto, (max-width: 2560px) 100vw, 2560px\" \/>\t\t\t\t<\/figure>\n\t\t\t<\/a>\n\t\t\t<div class=\"news-text-wrapper\">\n\t\t\t\t<h3><a href=\"https:\/\/rannahotell.ee\/en\/book-an-entire-hotel-for-a-company-christmas-party\/\">Book an entire hotel for a company Christmas party!<\/a><\/h3>\n\t\t\t\t<p>Elevate your next company event and book an entire hotel! Rannahotell is a wonderful seaside hotel that seamlessly blends business and pleasure offering an unparalleled setting that is sure to set your event apart from the rest.<\/p>\n\t\t\t\t\t\t\t\t\t<div class=\"button-wrapper\">\n\t\t\t\t\t\t\t\t\t\t\t\t\t<div class=\"wp-block-button\">\n\t\t\t\t\t\t\t\t<a class=\"wp-block-button__link\" href=\"https:\/\/rannahotell.ee\/en\/book-an-entire-hotel-for-a-company-christmas-party\/\">Read more<\/a>\n\t\t\t\t\t\t\t<\/div>\n\t\t\t\t\t\t\t\t\t\t\t<\/div>\n\t\t\t\t\t\t\t<\/div>\n\t\t<\/div>\n\t<\/div>\n\n\t<\/div><\/div>\n","protected":false},"excerpt":{"rendered":"<p>BLOG<\/p>\n","protected":false},"author":3,"featured_media":0,"parent":0,"menu_order":0,"comment_status":"closed","ping_status":"closed","template":"","meta":{"footnotes":""},"class_list":["post-1211","page","type-page","status-publish","hentry"],"yoast_head":"<!-- This site is optimized with the Yoast SEO plugin v27.4 - https:\/\/yoast.com\/product\/yoast-seo-wordpress\/ -->\n<title>Blog - P\u00e4rnu Rannahotell<\/title>\n<meta name=\"robots\" content=\"index, follow, max-snippet:-1, max-image-preview:large, max-video-preview:-1\" \/>\n<link rel=\"canonical\" href=\"https:\/\/rannahotell.ee\/en\/blog\/\" \/>\n<meta property=\"og:locale\" content=\"en_US\" \/>\n<meta property=\"og:type\" content=\"article\" \/>\n<meta property=\"og:title\" content=\"Blog - P\u00e4rnu Rannahotell\" \/>\n<meta property=\"og:description\" content=\"BLOG\" \/>\n<meta property=\"og:url\" content=\"https:\/\/rannahotell.ee\/en\/blog\/\" \/>\n<meta property=\"og:site_name\" content=\"P\u00e4rnu Rannahotell\" \/>\n<meta property=\"article:modified_time\" content=\"2025-09-09T10:28:37+00:00\" \/>\n<meta property=\"og:image\" content=\"https:\/\/rannahotell.ee\/wp-content\/uploads\/2025\/07\/rannahotell-x-droon-54-scaled.jpg\" \/>\n<meta name=\"twitter:card\" content=\"summary_large_image\" \/>\n<meta name=\"twitter:label1\" content=\"Est. reading time\" \/>\n\t<meta name=\"twitter:data1\" content=\"1 minute\" \/>\n<script type=\"application\/ld+json\" class=\"yoast-schema-graph\">{\"@context\":\"https:\\\/\\\/schema.org\",\"@graph\":[{\"@type\":\"WebPage\",\"@id\":\"https:\\\/\\\/rannahotell.ee\\\/en\\\/blog\\\/\",\"url\":\"https:\\\/\\\/rannahotell.ee\\\/en\\\/blog\\\/\",\"name\":\"Blog - P\u00e4rnu Rannahotell\",\"isPartOf\":{\"@id\":\"https:\\\/\\\/rannahotell.ee\\\/en\\\/#website\"},\"primaryImageOfPage\":{\"@id\":\"https:\\\/\\\/rannahotell.ee\\\/en\\\/blog\\\/#primaryimage\"},\"image\":{\"@id\":\"https:\\\/\\\/rannahotell.ee\\\/en\\\/blog\\\/#primaryimage\"},\"thumbnailUrl\":\"https:\\\/\\\/rannahotell.ee\\\/wp-content\\\/uploads\\\/2025\\\/07\\\/rannahotell-x-droon-54-scaled.jpg\",\"datePublished\":\"2025-08-22T10:20:55+00:00\",\"dateModified\":\"2025-09-09T10:28:37+00:00\",\"breadcrumb\":{\"@id\":\"https:\\\/\\\/rannahotell.ee\\\/en\\\/blog\\\/#breadcrumb\"},\"inLanguage\":\"en-US\",\"potentialAction\":[{\"@type\":\"ReadAction\",\"target\":[\"https:\\\/\\\/rannahotell.ee\\\/en\\\/blog\\\/\"]}]},{\"@type\":\"ImageObject\",\"inLanguage\":\"en-US\",\"@id\":\"https:\\\/\\\/rannahotell.ee\\\/en\\\/blog\\\/#primaryimage\",\"url\":\"https:\\\/\\\/rannahotell.ee\\\/wp-content\\\/uploads\\\/2025\\\/07\\\/rannahotell-x-droon-54-scaled.jpg\",\"contentUrl\":\"https:\\\/\\\/rannahotell.ee\\\/wp-content\\\/uploads\\\/2025\\\/07\\\/rannahotell-x-droon-54-scaled.jpg\"},{\"@type\":\"BreadcrumbList\",\"@id\":\"https:\\\/\\\/rannahotell.ee\\\/en\\\/blog\\\/#breadcrumb\",\"itemListElement\":[{\"@type\":\"ListItem\",\"position\":1,\"name\":\"Home\",\"item\":\"https:\\\/\\\/rannahotell.ee\\\/en\\\/\"},{\"@type\":\"ListItem\",\"position\":2,\"name\":\"Blog\"}]},{\"@type\":\"WebSite\",\"@id\":\"https:\\\/\\\/rannahotell.ee\\\/en\\\/#website\",\"url\":\"https:\\\/\\\/rannahotell.ee\\\/en\\\/\",\"name\":\"P\u00e4rnu Rannahotell\",\"description\":\"Arhitektuurip\u00e4rl P\u00e4rnu parima restoraniga\",\"potentialAction\":[{\"@type\":\"SearchAction\",\"target\":{\"@type\":\"EntryPoint\",\"urlTemplate\":\"https:\\\/\\\/rannahotell.ee\\\/en\\\/?s={search_term_string}\"},\"query-input\":{\"@type\":\"PropertyValueSpecification\",\"valueRequired\":true,\"valueName\":\"search_term_string\"}}],\"inLanguage\":\"en-US\"}]}<\/script>\n<!-- \/ Yoast SEO plugin. -->","yoast_head_json":{"title":"Blog - P\u00e4rnu Rannahotell","robots":{"index":"index","follow":"follow","max-snippet":"max-snippet:-1","max-image-preview":"max-image-preview:large","max-video-preview":"max-video-preview:-1"},"canonical":"https:\/\/rannahotell.ee\/en\/blog\/","og_locale":"en_US","og_type":"article","og_title":"Blog - P\u00e4rnu Rannahotell","og_description":"BLOG","og_url":"https:\/\/rannahotell.ee\/en\/blog\/","og_site_name":"P\u00e4rnu Rannahotell","article_modified_time":"2025-09-09T10:28:37+00:00","og_image":[{"url":"https:\/\/rannahotell.ee\/wp-content\/uploads\/2025\/07\/rannahotell-x-droon-54-scaled.jpg","type":"","width":"","height":""}],"twitter_card":"summary_large_image","twitter_misc":{"Est. reading time":"1 minute"},"schema":{"@context":"https:\/\/schema.org","@graph":[{"@type":"WebPage","@id":"https:\/\/rannahotell.ee\/en\/blog\/","url":"https:\/\/rannahotell.ee\/en\/blog\/","name":"Blog - P\u00e4rnu Rannahotell","isPartOf":{"@id":"https:\/\/rannahotell.ee\/en\/#website"},"primaryImageOfPage":{"@id":"https:\/\/rannahotell.ee\/en\/blog\/#primaryimage"},"image":{"@id":"https:\/\/rannahotell.ee\/en\/blog\/#primaryimage"},"thumbnailUrl":"https:\/\/rannahotell.ee\/wp-content\/uploads\/2025\/07\/rannahotell-x-droon-54-scaled.jpg","datePublished":"2025-08-22T10:20:55+00:00","dateModified":"2025-09-09T10:28:37+00:00","breadcrumb":{"@id":"https:\/\/rannahotell.ee\/en\/blog\/#breadcrumb"},"inLanguage":"en-US","potentialAction":[{"@type":"ReadAction","target":["https:\/\/rannahotell.ee\/en\/blog\/"]}]},{"@type":"ImageObject","inLanguage":"en-US","@id":"https:\/\/rannahotell.ee\/en\/blog\/#primaryimage","url":"https:\/\/rannahotell.ee\/wp-content\/uploads\/2025\/07\/rannahotell-x-droon-54-scaled.jpg","contentUrl":"https:\/\/rannahotell.ee\/wp-content\/uploads\/2025\/07\/rannahotell-x-droon-54-scaled.jpg"},{"@type":"BreadcrumbList","@id":"https:\/\/rannahotell.ee\/en\/blog\/#breadcrumb","itemListElement":[{"@type":"ListItem","position":1,"name":"Home","item":"https:\/\/rannahotell.ee\/en\/"},{"@type":"ListItem","position":2,"name":"Blog"}]},{"@type":"WebSite","@id":"https:\/\/rannahotell.ee\/en\/#website","url":"https:\/\/rannahotell.ee\/en\/","name":"P\u00e4rnu Rannahotell","description":"Arhitektuurip\u00e4rl P\u00e4rnu parima restoraniga","potentialAction":[{"@type":"SearchAction","target":{"@type":"EntryPoint","urlTemplate":"https:\/\/rannahotell.ee\/en\/?s={search_term_string}"},"query-input":{"@type":"PropertyValueSpecification","valueRequired":true,"valueName":"search_term_string"}}],"inLanguage":"en-US"}]}},"_links":{"self":[{"href":"https:\/\/rannahotell.ee\/en\/wp-json\/wp\/v2\/pages\/1211","targetHints":{"allow":["GET"]}}],"collection":[{"href":"https:\/\/rannahotell.ee\/en\/wp-json\/wp\/v2\/pages"}],"about":[{"href":"https:\/\/rannahotell.ee\/en\/wp-json\/wp\/v2\/types\/page"}],"author":[{"embeddable":true,"href":"https:\/\/rannahotell.ee\/en\/wp-json\/wp\/v2\/users\/3"}],"replies":[{"embeddable":true,"href":"https:\/\/rannahotell.ee\/en\/wp-json\/wp\/v2\/comments?post=1211"}],"version-history":[{"count":2,"href":"https:\/\/rannahotell.ee\/en\/wp-json\/wp\/v2\/pages\/1211\/revisions"}],"predecessor-version":[{"id":1215,"href":"https:\/\/rannahotell.ee\/en\/wp-json\/wp\/v2\/pages\/1211\/revisions\/1215"}],"wp:attachment":[{"href":"https:\/\/rannahotell.ee\/en\/wp-json\/wp\/v2\/media?parent=1211"}],"curies":[{"name":"wp","href":"https:\/\/api.w.org\/{rel}","templated":true}]}}