{"id":1118,"date":"2025-08-22T09:56:34","date_gmt":"2025-08-22T09:56:34","guid":{"rendered":"https:\/\/rannahotell.ee\/eripakkumised\/"},"modified":"2025-11-07T11:06:37","modified_gmt":"2025-11-07T11:06:37","slug":"special-offers","status":"publish","type":"page","link":"https:\/\/rannahotell.ee\/en\/special-offers\/","title":{"rendered":"Special offers"},"content":{"rendered":"\n<div class=\"wp-block-cover alignfull is-light\"><img loading=\"lazy\" decoding=\"async\" width=\"2560\" height=\"1705\" class=\"wp-block-cover__image-background wp-image-126 size-full\" alt=\"\" src=\"https:\/\/rannahotell.ee\/wp-content\/uploads\/2025\/07\/rannahotell-x-droon-54-scaled.jpg\" data-object-fit=\"cover\" srcset=\"https:\/\/rannahotell.ee\/wp-content\/uploads\/2025\/07\/rannahotell-x-droon-54-scaled.jpg 2560w, https:\/\/rannahotell.ee\/wp-content\/uploads\/2025\/07\/rannahotell-x-droon-54-300x200.jpg 300w, https:\/\/rannahotell.ee\/wp-content\/uploads\/2025\/07\/rannahotell-x-droon-54-1024x682.jpg 1024w, https:\/\/rannahotell.ee\/wp-content\/uploads\/2025\/07\/rannahotell-x-droon-54-768x512.jpg 768w, https:\/\/rannahotell.ee\/wp-content\/uploads\/2025\/07\/rannahotell-x-droon-54-1536x1023.jpg 1536w, https:\/\/rannahotell.ee\/wp-content\/uploads\/2025\/07\/rannahotell-x-droon-54-2048x1364.jpg 2048w, https:\/\/rannahotell.ee\/wp-content\/uploads\/2025\/07\/rannahotell-x-droon-54-1568x1045.jpg 1568w\" sizes=\"auto, (max-width: 2560px) 100vw, 2560px\" \/><span aria-hidden=\"true\" class=\"wp-block-cover__background has-background-dim-0 has-background-dim\"><\/span><div class=\"wp-block-cover__inner-container is-layout-flow wp-block-cover-is-layout-flow\">\n<p class=\"has-text-align-center has-large-font-size\"><\/p>\n<\/div><\/div>\n\n\n\n<div style=\"height:30px\" aria-hidden=\"true\" class=\"wp-block-spacer\"><\/div>\n\n\n\n<h1 class=\"wp-block-heading has-text-align-center\">SPECIAL OFFERS<\/h1>\n\n\n\n<hr class=\"wp-block-separator has-alpha-channel-opacity\"\/>\n\n\n\n<div style=\"height:13px\" aria-hidden=\"true\" class=\"wp-block-spacer\"><\/div>\n\n\n\t\t<div class=\"wp-block-edhotels-offers custom-three-blocks offers auto alignwide\"><div class=\"wp-offer-columns\">\n\t\t\t\t\t<div class=\"wp-offer-column\">\n\t\t\t\t<div class=\"offer-inner\">\n\t\t\t\t\t\t\t\t\t\t\t\t\t\t\t<h4>\n\t\t\t\t\t\t<span>From<\/span>\n\t\t\t\t\t\t300 \u20ac\t\t\t\t\t<\/h4>\n\t\t\t\t\t\t\t\t\t\t<a href=\"https:\/\/rannahotell.ee\/en\/offer\/white-beach-golf\/\"><figure class=\"wp-block-image\"><img loading=\"lazy\" decoding=\"async\" width=\"1024\" height=\"683\" src=\"https:\/\/rannahotell.ee\/wp-content\/uploads\/2025\/08\/GOLF_BAY-1024x683.jpg\" class=\"attachment-large size-large wp-post-image\" alt=\"\" srcset=\"https:\/\/rannahotell.ee\/wp-content\/uploads\/2025\/08\/GOLF_BAY-1024x683.jpg 1024w, https:\/\/rannahotell.ee\/wp-content\/uploads\/2025\/08\/GOLF_BAY-300x200.jpg 300w, https:\/\/rannahotell.ee\/wp-content\/uploads\/2025\/08\/GOLF_BAY-768x512.jpg 768w, https:\/\/rannahotell.ee\/wp-content\/uploads\/2025\/08\/GOLF_BAY.jpg 1125w\" sizes=\"auto, (max-width: 1024px) 100vw, 1024px\" \/><\/figure><\/a>\n\t\t\t\t\t<div class=\"offer-text-wrapper\">\n\t\t\t\t\t\t<h3><a href=\"https:\/\/rannahotell.ee\/en\/offer\/white-beach-golf\/\">White Beach Golf<\/a><\/h3>\n\t\t\t\t\t\t<p>The White Beach Golf course designed architect Kosti Kuronen, is a 18-hole links type course. The course was opened in 2005 and is an ample challenge for professionals, also offering the enjoyment of succeeding in golf for beginners.<\/p>\n\t\t\t\t\t\t\t\t\t\t\t\t<div class=\"button-wrapper\">\n\t\t\t\t\t\t\t\t\t\t\t\t\t\t\t<div class=\"wp-block-button is-style-outline\">\n\t\t\t\t\t\t\t\t\t<a class=\"wp-block-button__link\" href=\"https:\/\/rannahotell.ee\/en\/offer\/white-beach-golf\/\">Read more<\/a>\n\t\t\t\t\t\t\t\t<\/div>\n\t\t\t\t\t\t\t\t\t\t\t\t\t\t\t\t\t\t\t\t<\/div>\n\t\t\t\t\t\t\t\t\t\t\t<\/div>\n\t\t\t\t<\/div>\n\t\t\t<\/div>\n\t\t\t\t\t\t<div class=\"wp-offer-column\">\n\t\t\t\t<div class=\"offer-inner\">\n\t\t\t\t\t\t\t\t\t\t\t\t\t\t\t<h4>\n\t\t\t\t\t\t<span>From<\/span>\n\t\t\t\t\t\t245 \u20ac\t\t\t\t\t<\/h4>\n\t\t\t\t\t\t\t\t\t\t<a href=\"https:\/\/rannahotell.ee\/en\/offer\/bay-links-golf\/\"><figure class=\"wp-block-image\"><img loading=\"lazy\" decoding=\"async\" width=\"510\" height=\"340\" src=\"https:\/\/rannahotell.ee\/wp-content\/uploads\/2025\/08\/WBG2_veebi.jpg\" class=\"attachment-large size-large wp-post-image\" alt=\"\" srcset=\"https:\/\/rannahotell.ee\/wp-content\/uploads\/2025\/08\/WBG2_veebi.jpg 510w, https:\/\/rannahotell.ee\/wp-content\/uploads\/2025\/08\/WBG2_veebi-300x200.jpg 300w\" sizes=\"auto, (max-width: 510px) 100vw, 510px\" \/><\/figure><\/a>\n\t\t\t\t\t<div class=\"offer-text-wrapper\">\n\t\t\t\t\t\t<h3><a href=\"https:\/\/rannahotell.ee\/en\/offer\/bay-links-golf\/\">Bay Links Golf<\/a><\/h3>\n\t\t\t\t\t\t<p id=\"block-ed4b21be-4b65-452c-b2be-cd5d4023a708\" class=\"block-editor-rich-text__editable block-editor-block-list__block wp-block is-selected wp-block-paragraph rich-text\" role=\"document\" contenteditable=\"true\" aria-multiline=\"true\" aria-label=\"Block: Paragraph\" data-block=\"ed4b21be-4b65-452c-b2be-cd5d4023a708\" data-type=\"core\/paragraph\" data-title=\"L\u00f5ik\" data-empty=\"false\" data-wp-block-attribute-key=\"content\">P\u00e4rnu Bay Golf Links is a links course in the true sense of the word: a coastal stretch of land with sandy soil and fescue grasses \u2013 a true test of every golfer\u2019s abilities.<\/p>\n\t\t\t\t\t\t\t\t\t\t\t\t<div class=\"button-wrapper\">\n\t\t\t\t\t\t\t\t\t\t\t\t\t\t\t<div class=\"wp-block-button is-style-outline\">\n\t\t\t\t\t\t\t\t\t<a class=\"wp-block-button__link\" href=\"https:\/\/rannahotell.ee\/en\/offer\/bay-links-golf\/\">Read more<\/a>\n\t\t\t\t\t\t\t\t<\/div>\n\t\t\t\t\t\t\t\t\t\t\t\t\t\t\t\t\t\t\t\t<\/div>\n\t\t\t\t\t\t\t\t\t\t\t<\/div>\n\t\t\t\t<\/div>\n\t\t\t<\/div>\n\t\t\t\t\t\t<div class=\"wp-offer-column\">\n\t\t\t\t<div class=\"offer-inner\">\n\t\t\t\t\t\t\t\t\t\t\t\t\t\t\t<h4>\n\t\t\t\t\t\t<span>From<\/span>\n\t\t\t\t\t\t268 \u20ac\t\t\t\t\t<\/h4>\n\t\t\t\t\t\t\t\t\t\t<a href=\"https:\/\/rannahotell.ee\/en\/offer\/family-break\/\"><figure class=\"wp-block-image\"><img loading=\"lazy\" decoding=\"async\" width=\"1024\" height=\"683\" src=\"https:\/\/rannahotell.ee\/wp-content\/uploads\/2025\/08\/Laps-toas-1024x683.jpg\" class=\"attachment-large size-large wp-post-image\" alt=\"\" srcset=\"https:\/\/rannahotell.ee\/wp-content\/uploads\/2025\/08\/Laps-toas-1024x683.jpg 1024w, https:\/\/rannahotell.ee\/wp-content\/uploads\/2025\/08\/Laps-toas-300x200.jpg 300w, https:\/\/rannahotell.ee\/wp-content\/uploads\/2025\/08\/Laps-toas-768x512.jpg 768w, https:\/\/rannahotell.ee\/wp-content\/uploads\/2025\/08\/Laps-toas-1536x1024.jpg 1536w, https:\/\/rannahotell.ee\/wp-content\/uploads\/2025\/08\/Laps-toas-1568x1045.jpg 1568w, https:\/\/rannahotell.ee\/wp-content\/uploads\/2025\/08\/Laps-toas.jpg 1875w\" sizes=\"auto, (max-width: 1024px) 100vw, 1024px\" \/><\/figure><\/a>\n\t\t\t\t\t<div class=\"offer-text-wrapper\">\n\t\t\t\t\t\t<h3><a href=\"https:\/\/rannahotell.ee\/en\/offer\/family-break\/\">Family break<\/a><\/h3>\n\t\t\t\t\t\t<p>Take a break with the family and enjoy an unforgettable day at the Estonia Resort Hotel &amp; Spa. A stroll on the promenade, fun activities and a lot of quality time with the family is everything you could want from a well-deserved break!<\/p>\n\t\t\t\t\t\t\t\t\t\t\t\t<div class=\"button-wrapper\">\n\t\t\t\t\t\t\t\t\t\t\t\t\t\t\t<div class=\"wp-block-button is-style-outline\">\n\t\t\t\t\t\t\t\t\t<a class=\"wp-block-button__link\" href=\"https:\/\/rannahotell.ee\/en\/offer\/family-break\/\">Read more<\/a>\n\t\t\t\t\t\t\t\t<\/div>\n\t\t\t\t\t\t\t\t\t\t\t\t\t\t\t\t\t\t\t\t<\/div>\n\t\t\t\t\t\t\t\t\t\t\t<\/div>\n\t\t\t\t<\/div>\n\t\t\t<\/div>\n\t\t\t\t\t<\/div><\/div>\n\t","protected":false},"excerpt":{"rendered":"<p>SPECIAL OFFERS<\/p>\n","protected":false},"author":3,"featured_media":0,"parent":0,"menu_order":0,"comment_status":"closed","ping_status":"closed","template":"","meta":{"footnotes":""},"class_list":["post-1118","page","type-page","status-publish","hentry"],"yoast_head":"<!-- This site is optimized with the Yoast SEO plugin v27.4 - https:\/\/yoast.com\/product\/yoast-seo-wordpress\/ -->\n<title>Special offers - P\u00e4rnu Rannahotell<\/title>\n<meta name=\"robots\" content=\"index, follow, max-snippet:-1, max-image-preview:large, max-video-preview:-1\" \/>\n<link rel=\"canonical\" href=\"https:\/\/rannahotell.ee\/en\/special-offers\/\" \/>\n<meta property=\"og:locale\" content=\"en_US\" \/>\n<meta property=\"og:type\" content=\"article\" \/>\n<meta property=\"og:title\" content=\"Special offers - P\u00e4rnu Rannahotell\" \/>\n<meta property=\"og:description\" content=\"SPECIAL OFFERS\" \/>\n<meta property=\"og:url\" content=\"https:\/\/rannahotell.ee\/en\/special-offers\/\" \/>\n<meta property=\"og:site_name\" content=\"P\u00e4rnu Rannahotell\" \/>\n<meta property=\"article:modified_time\" content=\"2025-11-07T11:06:37+00:00\" \/>\n<meta property=\"og:image\" content=\"https:\/\/rannahotell.ee\/wp-content\/uploads\/2025\/07\/rannahotell-x-droon-54-scaled.jpg\" \/>\n\t<meta property=\"og:image:width\" content=\"2560\" \/>\n\t<meta property=\"og:image:height\" content=\"1705\" \/>\n\t<meta property=\"og:image:type\" content=\"image\/jpeg\" \/>\n<meta name=\"twitter:card\" content=\"summary_large_image\" \/>\n<meta name=\"twitter:label1\" content=\"Est. reading time\" \/>\n\t<meta name=\"twitter:data1\" content=\"1 minute\" \/>\n<script type=\"application\/ld+json\" class=\"yoast-schema-graph\">{\"@context\":\"https:\\\/\\\/schema.org\",\"@graph\":[{\"@type\":\"WebPage\",\"@id\":\"https:\\\/\\\/rannahotell.ee\\\/en\\\/special-offers\\\/\",\"url\":\"https:\\\/\\\/rannahotell.ee\\\/en\\\/special-offers\\\/\",\"name\":\"Special offers - P\u00e4rnu Rannahotell\",\"isPartOf\":{\"@id\":\"https:\\\/\\\/rannahotell.ee\\\/en\\\/#website\"},\"primaryImageOfPage\":{\"@id\":\"https:\\\/\\\/rannahotell.ee\\\/en\\\/special-offers\\\/#primaryimage\"},\"image\":{\"@id\":\"https:\\\/\\\/rannahotell.ee\\\/en\\\/special-offers\\\/#primaryimage\"},\"thumbnailUrl\":\"https:\\\/\\\/rannahotell.ee\\\/wp-content\\\/uploads\\\/2025\\\/07\\\/rannahotell-x-droon-54-scaled.jpg\",\"datePublished\":\"2025-08-22T09:56:34+00:00\",\"dateModified\":\"2025-11-07T11:06:37+00:00\",\"breadcrumb\":{\"@id\":\"https:\\\/\\\/rannahotell.ee\\\/en\\\/special-offers\\\/#breadcrumb\"},\"inLanguage\":\"en-US\",\"potentialAction\":[{\"@type\":\"ReadAction\",\"target\":[\"https:\\\/\\\/rannahotell.ee\\\/en\\\/special-offers\\\/\"]}]},{\"@type\":\"ImageObject\",\"inLanguage\":\"en-US\",\"@id\":\"https:\\\/\\\/rannahotell.ee\\\/en\\\/special-offers\\\/#primaryimage\",\"url\":\"https:\\\/\\\/rannahotell.ee\\\/wp-content\\\/uploads\\\/2025\\\/07\\\/rannahotell-x-droon-54-scaled.jpg\",\"contentUrl\":\"https:\\\/\\\/rannahotell.ee\\\/wp-content\\\/uploads\\\/2025\\\/07\\\/rannahotell-x-droon-54-scaled.jpg\"},{\"@type\":\"BreadcrumbList\",\"@id\":\"https:\\\/\\\/rannahotell.ee\\\/en\\\/special-offers\\\/#breadcrumb\",\"itemListElement\":[{\"@type\":\"ListItem\",\"position\":1,\"name\":\"Home\",\"item\":\"https:\\\/\\\/rannahotell.ee\\\/en\\\/\"},{\"@type\":\"ListItem\",\"position\":2,\"name\":\"Special offers\"}]},{\"@type\":\"WebSite\",\"@id\":\"https:\\\/\\\/rannahotell.ee\\\/en\\\/#website\",\"url\":\"https:\\\/\\\/rannahotell.ee\\\/en\\\/\",\"name\":\"P\u00e4rnu Rannahotell\",\"description\":\"Arhitektuurip\u00e4rl P\u00e4rnu parima restoraniga\",\"potentialAction\":[{\"@type\":\"SearchAction\",\"target\":{\"@type\":\"EntryPoint\",\"urlTemplate\":\"https:\\\/\\\/rannahotell.ee\\\/en\\\/?s={search_term_string}\"},\"query-input\":{\"@type\":\"PropertyValueSpecification\",\"valueRequired\":true,\"valueName\":\"search_term_string\"}}],\"inLanguage\":\"en-US\"}]}<\/script>\n<!-- \/ Yoast SEO plugin. -->","yoast_head_json":{"title":"Special offers - P\u00e4rnu Rannahotell","robots":{"index":"index","follow":"follow","max-snippet":"max-snippet:-1","max-image-preview":"max-image-preview:large","max-video-preview":"max-video-preview:-1"},"canonical":"https:\/\/rannahotell.ee\/en\/special-offers\/","og_locale":"en_US","og_type":"article","og_title":"Special offers - P\u00e4rnu Rannahotell","og_description":"SPECIAL OFFERS","og_url":"https:\/\/rannahotell.ee\/en\/special-offers\/","og_site_name":"P\u00e4rnu Rannahotell","article_modified_time":"2025-11-07T11:06:37+00:00","og_image":[{"width":2560,"height":1705,"url":"https:\/\/rannahotell.ee\/wp-content\/uploads\/2025\/07\/rannahotell-x-droon-54-scaled.jpg","type":"image\/jpeg"}],"twitter_card":"summary_large_image","twitter_misc":{"Est. reading time":"1 minute"},"schema":{"@context":"https:\/\/schema.org","@graph":[{"@type":"WebPage","@id":"https:\/\/rannahotell.ee\/en\/special-offers\/","url":"https:\/\/rannahotell.ee\/en\/special-offers\/","name":"Special offers - P\u00e4rnu Rannahotell","isPartOf":{"@id":"https:\/\/rannahotell.ee\/en\/#website"},"primaryImageOfPage":{"@id":"https:\/\/rannahotell.ee\/en\/special-offers\/#primaryimage"},"image":{"@id":"https:\/\/rannahotell.ee\/en\/special-offers\/#primaryimage"},"thumbnailUrl":"https:\/\/rannahotell.ee\/wp-content\/uploads\/2025\/07\/rannahotell-x-droon-54-scaled.jpg","datePublished":"2025-08-22T09:56:34+00:00","dateModified":"2025-11-07T11:06:37+00:00","breadcrumb":{"@id":"https:\/\/rannahotell.ee\/en\/special-offers\/#breadcrumb"},"inLanguage":"en-US","potentialAction":[{"@type":"ReadAction","target":["https:\/\/rannahotell.ee\/en\/special-offers\/"]}]},{"@type":"ImageObject","inLanguage":"en-US","@id":"https:\/\/rannahotell.ee\/en\/special-offers\/#primaryimage","url":"https:\/\/rannahotell.ee\/wp-content\/uploads\/2025\/07\/rannahotell-x-droon-54-scaled.jpg","contentUrl":"https:\/\/rannahotell.ee\/wp-content\/uploads\/2025\/07\/rannahotell-x-droon-54-scaled.jpg"},{"@type":"BreadcrumbList","@id":"https:\/\/rannahotell.ee\/en\/special-offers\/#breadcrumb","itemListElement":[{"@type":"ListItem","position":1,"name":"Home","item":"https:\/\/rannahotell.ee\/en\/"},{"@type":"ListItem","position":2,"name":"Special offers"}]},{"@type":"WebSite","@id":"https:\/\/rannahotell.ee\/en\/#website","url":"https:\/\/rannahotell.ee\/en\/","name":"P\u00e4rnu Rannahotell","description":"Arhitektuurip\u00e4rl P\u00e4rnu parima restoraniga","potentialAction":[{"@type":"SearchAction","target":{"@type":"EntryPoint","urlTemplate":"https:\/\/rannahotell.ee\/en\/?s={search_term_string}"},"query-input":{"@type":"PropertyValueSpecification","valueRequired":true,"valueName":"search_term_string"}}],"inLanguage":"en-US"}]}},"_links":{"self":[{"href":"https:\/\/rannahotell.ee\/en\/wp-json\/wp\/v2\/pages\/1118","targetHints":{"allow":["GET"]}}],"collection":[{"href":"https:\/\/rannahotell.ee\/en\/wp-json\/wp\/v2\/pages"}],"about":[{"href":"https:\/\/rannahotell.ee\/en\/wp-json\/wp\/v2\/types\/page"}],"author":[{"embeddable":true,"href":"https:\/\/rannahotell.ee\/en\/wp-json\/wp\/v2\/users\/3"}],"replies":[{"embeddable":true,"href":"https:\/\/rannahotell.ee\/en\/wp-json\/wp\/v2\/comments?post=1118"}],"version-history":[{"count":5,"href":"https:\/\/rannahotell.ee\/en\/wp-json\/wp\/v2\/pages\/1118\/revisions"}],"predecessor-version":[{"id":1748,"href":"https:\/\/rannahotell.ee\/en\/wp-json\/wp\/v2\/pages\/1118\/revisions\/1748"}],"wp:attachment":[{"href":"https:\/\/rannahotell.ee\/en\/wp-json\/wp\/v2\/media?parent=1118"}],"curies":[{"name":"wp","href":"https:\/\/api.w.org\/{rel}","templated":true}]}}