{"id":1115,"date":"2025-08-22T07:33:47","date_gmt":"2025-08-22T07:33:47","guid":{"rendered":"https:\/\/rannahotell.ee\/kontaktid\/"},"modified":"2026-01-02T10:37:08","modified_gmt":"2026-01-02T10:37:08","slug":"kontaktid","status":"publish","type":"page","link":"https:\/\/rannahotell.ee\/en\/kontaktid\/","title":{"rendered":"Contacts"},"content":{"rendered":"\n<div class=\"wp-block-cover alignfull is-light\"><img loading=\"lazy\" decoding=\"async\" width=\"2560\" height=\"1707\" class=\"wp-block-cover__image-background wp-image-146 size-full\" alt=\"\" src=\"https:\/\/rannahotell.ee\/wp-content\/uploads\/2025\/07\/vastuvott-scaled.jpg\" style=\"object-position:57% 32%\" data-object-fit=\"cover\" data-object-position=\"57% 32%\" srcset=\"https:\/\/rannahotell.ee\/wp-content\/uploads\/2025\/07\/vastuvott-scaled.jpg 2560w, https:\/\/rannahotell.ee\/wp-content\/uploads\/2025\/07\/vastuvott-300x200.jpg 300w, https:\/\/rannahotell.ee\/wp-content\/uploads\/2025\/07\/vastuvott-1024x683.jpg 1024w, https:\/\/rannahotell.ee\/wp-content\/uploads\/2025\/07\/vastuvott-768x512.jpg 768w, https:\/\/rannahotell.ee\/wp-content\/uploads\/2025\/07\/vastuvott-1536x1024.jpg 1536w, https:\/\/rannahotell.ee\/wp-content\/uploads\/2025\/07\/vastuvott-2048x1365.jpg 2048w, https:\/\/rannahotell.ee\/wp-content\/uploads\/2025\/07\/vastuvott-1568x1045.jpg 1568w\" sizes=\"auto, (max-width: 2560px) 100vw, 2560px\" \/><span aria-hidden=\"true\" class=\"wp-block-cover__background has-background-dim-0 has-background-dim\"><\/span><div class=\"wp-block-cover__inner-container is-layout-flow wp-block-cover-is-layout-flow\">\n<p class=\"has-text-align-center has-large-font-size\"><\/p>\n<\/div><\/div>\n\n\n\n<div style=\"height:30px\" aria-hidden=\"true\" class=\"wp-block-spacer\"><\/div>\n\n\n\n<h1 class=\"wp-block-heading has-text-align-center\">CONTACTS<\/h1>\n\n\n\n<hr class=\"wp-block-separator has-alpha-channel-opacity\"\/>\n\n\n\n<div style=\"height:30px\" aria-hidden=\"true\" class=\"wp-block-spacer\"><\/div>\n\n\n\n<div class=\"wp-block-cover alignfull is-light has-parallax\" style=\"min-height:386px;aspect-ratio:unset;\"><div class=\"wp-block-cover__image-background wp-image-1535 size-full has-parallax\" style=\"background-position:50% 50%;background-image:url(https:\/\/rannahotell.ee\/wp-content\/uploads\/2025\/09\/VASTUVOTT-scaled.jpg)\"><\/div><span aria-hidden=\"true\" class=\"wp-block-cover__background has-background-dim-40 has-background-dim\" style=\"background-color:#a39998\"><\/span><div class=\"wp-block-cover__inner-container is-layout-constrained wp-block-cover-is-layout-constrained\">\n<div class=\"wp-block-columns is-layout-flex wp-container-core-columns-is-layout-28f84493 wp-block-columns-is-layout-flex\">\n<div class=\"wp-block-column is-layout-flow wp-container-core-column-is-layout-b108c007 wp-block-column-is-layout-flow\" style=\"padding-right:0;padding-left:0\">\n<div class=\"wp-block-cover is-light\"><span aria-hidden=\"true\" class=\"wp-block-cover__background has-light-beige-background-color has-background-dim-80 has-background-dim\"><\/span><div class=\"wp-block-cover__inner-container is-layout-constrained wp-block-cover-is-layout-constrained\">\n<h2 class=\"wp-block-heading has-text-align-center has-medium-font-size\"><strong>RECEPTION<\/strong><\/h2>\n\n\n\n<p class=\"has-text-align-center has-medium-font-size\">Ranna pst. 5, P\u00e4rnu, 80010, <br>Estonia <br>Phone: <a href=\"tel:+3724444444\">+372 44 44 444<\/a><br><a href=\"mailto:info@rannahotell.ee\" target=\"_blank\" rel=\"noreferrer noopener\">info@rannahotell.ee<\/a><\/p>\n<\/div><\/div>\n<\/div>\n<\/div>\n<\/div><\/div>\n\n\n\n<div style=\"height:30px\" aria-hidden=\"true\" class=\"wp-block-spacer\"><\/div>\n\n\n\n<div class=\"wp-block-columns alignwide is-layout-flex wp-container-core-columns-is-layout-28f84493 wp-block-columns-is-layout-flex\">\n<div class=\"wp-block-column animated fadeInLeft slow has-light-beige-background-color has-background is-layout-flow wp-block-column-is-layout-flow\">\n<div style=\"height:10px\" aria-hidden=\"true\" class=\"wp-block-spacer\"><\/div>\n\n\n\n<figure class=\"wp-block-image size-large\"><img loading=\"lazy\" decoding=\"async\" width=\"1024\" height=\"632\" src=\"https:\/\/rannahotell.ee\/wp-content\/uploads\/2025\/09\/lm3-1024x632.jpg\" alt=\"\" class=\"wp-image-1641\" style=\"aspect-ratio:4\/3;object-fit:cover\" srcset=\"https:\/\/rannahotell.ee\/wp-content\/uploads\/2025\/09\/lm3-1024x632.jpg 1024w, https:\/\/rannahotell.ee\/wp-content\/uploads\/2025\/09\/lm3-300x185.jpg 300w, https:\/\/rannahotell.ee\/wp-content\/uploads\/2025\/09\/lm3-768x474.jpg 768w, https:\/\/rannahotell.ee\/wp-content\/uploads\/2025\/09\/lm3-1536x948.jpg 1536w, https:\/\/rannahotell.ee\/wp-content\/uploads\/2025\/09\/lm3-2048x1264.jpg 2048w, https:\/\/rannahotell.ee\/wp-content\/uploads\/2025\/09\/lm3-1568x967.jpg 1568w\" sizes=\"auto, (max-width: 1024px) 100vw, 1024px\" \/><\/figure>\n\n\n\n<h2 class=\"wp-block-heading has-text-align-center\">Liis-Marie Kukk<\/h2>\n\n\n\n<p class=\"has-text-align-center\">Restaurant Manager <br><a href=\"tel:+37253317630\">5<\/a>6650309<br><a href=\"mailto:liismarie@rannahotell.ee\">liismarie@rannahotell.ee<\/a><\/p>\n\n\n\n<div style=\"height:10px\" aria-hidden=\"true\" class=\"wp-block-spacer\"><\/div>\n<\/div>\n\n\n\n<div class=\"wp-block-column is-layout-flow wp-block-column-is-layout-flow\">\n<div style=\"height:10px\" aria-hidden=\"true\" class=\"wp-block-spacer\"><\/div>\n\n\n\n<figure class=\"wp-block-image size-large\"><img loading=\"lazy\" decoding=\"async\" width=\"1024\" height=\"683\" src=\"https:\/\/rannahotell.ee\/wp-content\/uploads\/2025\/08\/silver_karuks-1024x683.jpg\" alt=\"\" class=\"wp-image-480\" style=\"aspect-ratio:4\/3;object-fit:cover\" srcset=\"https:\/\/rannahotell.ee\/wp-content\/uploads\/2025\/08\/silver_karuks-1024x683.jpg 1024w, https:\/\/rannahotell.ee\/wp-content\/uploads\/2025\/08\/silver_karuks-300x200.jpg 300w, https:\/\/rannahotell.ee\/wp-content\/uploads\/2025\/08\/silver_karuks-768x512.jpg 768w, https:\/\/rannahotell.ee\/wp-content\/uploads\/2025\/08\/silver_karuks-1536x1024.jpg 1536w, https:\/\/rannahotell.ee\/wp-content\/uploads\/2025\/08\/silver_karuks-2048x1366.jpg 2048w, https:\/\/rannahotell.ee\/wp-content\/uploads\/2025\/08\/silver_karuks-1568x1046.jpg 1568w\" sizes=\"auto, (max-width: 1024px) 100vw, 1024px\" \/><\/figure>\n\n\n\n<h2 class=\"wp-block-heading has-text-align-center\">Silver Karuks<\/h2>\n\n\n\n<p class=\"has-text-align-center\">Front Office and Reservations Manager<br><a href=\"tel:+37253345549\" target=\"_blank\" rel=\"noreferrer noopener\">53345549<\/a><br><a href=\"mailto:silver.karuks@rannahotell.ee\" target=\"_blank\" rel=\"noreferrer noopener\">silver.karuks@rannahotell.ee<\/a><\/p>\n\n\n\n<div style=\"height:10px\" aria-hidden=\"true\" class=\"wp-block-spacer\"><\/div>\n<\/div>\n\n\n\n<div class=\"wp-block-column animated fadeInRight slow has-light-beige-background-color has-background is-layout-flow wp-block-column-is-layout-flow\">\n<div style=\"height:10px\" aria-hidden=\"true\" class=\"wp-block-spacer\"><\/div>\n\n\n\n<figure class=\"wp-block-image size-full\"><img loading=\"lazy\" decoding=\"async\" width=\"800\" height=\"533\" src=\"https:\/\/rannahotell.ee\/wp-content\/uploads\/2025\/08\/aveli_stimmer.png\" alt=\"\" class=\"wp-image-475\" style=\"aspect-ratio:4\/3;object-fit:cover\" srcset=\"https:\/\/rannahotell.ee\/wp-content\/uploads\/2025\/08\/aveli_stimmer.png 800w, https:\/\/rannahotell.ee\/wp-content\/uploads\/2025\/08\/aveli_stimmer-300x200.png 300w, https:\/\/rannahotell.ee\/wp-content\/uploads\/2025\/08\/aveli_stimmer-768x512.png 768w\" sizes=\"auto, (max-width: 800px) 100vw, 800px\" \/><\/figure>\n\n\n\n<h2 class=\"wp-block-heading has-text-align-center\"><strong>Aveli Stimmer<\/strong><\/h2>\n\n\n\n<p class=\"has-text-align-center\">Marketing Manager<br><a href=\"tel:+37256287168\" target=\"_blank\" rel=\"noreferrer noopener\">56287168<\/a><br><a href=\"mailto:aveli.stimmer@rannahotell.ee\" target=\"_blank\" rel=\"noreferrer noopener\">aveli.stimmer@rannahotell.ee<\/a><\/p>\n\n\n\n<div style=\"height:10px\" aria-hidden=\"true\" class=\"wp-block-spacer\"><\/div>\n<\/div>\n<\/div>\n\n\n\n<div style=\"height:20px\" aria-hidden=\"true\" class=\"wp-block-spacer mobile-spacer-0\"><\/div>\n\n\n\n<div class=\"wp-block-columns alignwide is-layout-flex wp-container-core-columns-is-layout-28f84493 wp-block-columns-is-layout-flex\">\n<div class=\"wp-block-column animated fadeInLeft slow is-layout-flow wp-block-column-is-layout-flow\">\n<div style=\"height:10px\" aria-hidden=\"true\" class=\"wp-block-spacer\"><\/div>\n\n\n\n<h2 class=\"wp-block-heading has-text-align-center\">Carl-Cristhoper Mehik<\/h2>\n\n\n\n<p class=\"has-text-align-center\">Chef de cuisine<br><a href=\"tel:+37253069161\" target=\"_blank\" rel=\"noreferrer noopener\">5<\/a>8941119<br><a href=\"mailto:mairin@rannahotell.ee\" target=\"_blank\" rel=\"noreferrer noopener\">carl@rannahotell.ee<\/a><\/p>\n\n\n\n<div style=\"height:10px\" aria-hidden=\"true\" class=\"wp-block-spacer\"><\/div>\n<\/div>\n\n\n\n<div class=\"wp-block-column has-light-beige-background-color has-background is-layout-flow wp-block-column-is-layout-flow\">\n<div style=\"height:10px\" aria-hidden=\"true\" class=\"wp-block-spacer\"><\/div>\n\n\n\n<figure class=\"wp-block-image size-large\"><img loading=\"lazy\" decoding=\"async\" width=\"1024\" height=\"683\" src=\"https:\/\/rannahotell.ee\/wp-content\/uploads\/2025\/08\/oliver_paasik-1024x683.jpg\" alt=\"\" class=\"wp-image-479\" style=\"aspect-ratio:4\/3;object-fit:cover\" srcset=\"https:\/\/rannahotell.ee\/wp-content\/uploads\/2025\/08\/oliver_paasik-1024x683.jpg 1024w, https:\/\/rannahotell.ee\/wp-content\/uploads\/2025\/08\/oliver_paasik-300x200.jpg 300w, https:\/\/rannahotell.ee\/wp-content\/uploads\/2025\/08\/oliver_paasik-768x512.jpg 768w, https:\/\/rannahotell.ee\/wp-content\/uploads\/2025\/08\/oliver_paasik-1536x1024.jpg 1536w, https:\/\/rannahotell.ee\/wp-content\/uploads\/2025\/08\/oliver_paasik-2048x1365.jpg 2048w, https:\/\/rannahotell.ee\/wp-content\/uploads\/2025\/08\/oliver_paasik-1568x1045.jpg 1568w\" sizes=\"auto, (max-width: 1024px) 100vw, 1024px\" \/><\/figure>\n\n\n\n<h2 class=\"wp-block-heading has-text-align-center\">Oliver Paasik<\/h2>\n\n\n\n<p class=\"has-text-align-center\">General Manager<br><a href=\"tel:+37253464108\" target=\"_blank\" rel=\"noreferrer noopener\">53464108<\/a><a href=\"mailto:silver.karuks@rannahotell.ee\" target=\"_blank\" rel=\"noreferrer noopener\"><br><\/a><a href=\"mailto:oliver.paasik@rannahotell.ee\" target=\"_blank\" rel=\"noreferrer noopener\">oliver.paasik@rannahotell.ee<\/a><\/p>\n\n\n\n<div style=\"height:10px\" aria-hidden=\"true\" class=\"wp-block-spacer\"><\/div>\n<\/div>\n\n\n\n<div class=\"wp-block-column animated fadeInRight slow is-layout-flow wp-block-column-is-layout-flow\">\n<div style=\"height:10px\" aria-hidden=\"true\" class=\"wp-block-spacer\"><\/div>\n\n\n\n<figure class=\"wp-block-image size-full\"><img loading=\"lazy\" decoding=\"async\" width=\"460\" height=\"250\" src=\"https:\/\/rannahotell.ee\/wp-content\/uploads\/2025\/08\/Epp_Rannahotell.jpg\" alt=\"\" class=\"wp-image-476\" style=\"aspect-ratio:4\/3;object-fit:cover\" srcset=\"https:\/\/rannahotell.ee\/wp-content\/uploads\/2025\/08\/Epp_Rannahotell.jpg 460w, https:\/\/rannahotell.ee\/wp-content\/uploads\/2025\/08\/Epp_Rannahotell-300x163.jpg 300w\" sizes=\"auto, (max-width: 460px) 100vw, 460px\" \/><\/figure>\n\n\n\n<h2 class=\"wp-block-heading has-text-align-center\"><strong>Epp L\u00e4\u00e4ne<\/strong><\/h2>\n\n\n\n<p class=\"has-text-align-center\">Hotel Manager<br><a href=\"tel:+37253433541\" target=\"_blank\" rel=\"noreferrer noopener\">53433541<\/a><a href=\"tel:+37256287168\" target=\"_blank\" rel=\"noreferrer noopener\"><br><\/a><a href=\"mailto:epp.laane@rannahotell.ee\" target=\"_blank\" rel=\"noreferrer noopener\">epp.laane@rannahotell.ee<\/a><\/p>\n\n\n\n<div style=\"height:10px\" aria-hidden=\"true\" class=\"wp-block-spacer\"><\/div>\n<\/div>\n<\/div>\n\n\n\n<p><\/p>\n","protected":false},"excerpt":{"rendered":"<p>CONTACTS Liis-Marie Kukk Restaurant Manager 56650309liismarie@rannahotell.ee Silver Karuks Front Office and Reservations Manager53345549silver.karuks@rannahotell.ee Aveli Stimmer Marketing Manager56287168aveli.stimmer@rannahotell.ee Carl-Cristhoper Mehik Chef de cuisine58941119carl@rannahotell.ee Oliver Paasik General Manager53464108oliver.paasik@rannahotell.ee Epp L\u00e4\u00e4ne Hotel Manager53433541epp.laane@rannahotell.ee<\/p>\n","protected":false},"author":3,"featured_media":0,"parent":0,"menu_order":0,"comment_status":"closed","ping_status":"closed","template":"","meta":{"footnotes":""},"class_list":["post-1115","page","type-page","status-publish","hentry"],"yoast_head":"<!-- This site is optimized with the Yoast SEO plugin v27.0 - https:\/\/yoast.com\/product\/yoast-seo-wordpress\/ -->\n<title>Contacts - P\u00e4rnu Rannahotell<\/title>\n<meta name=\"robots\" content=\"index, follow, max-snippet:-1, max-image-preview:large, max-video-preview:-1\" \/>\n<link rel=\"canonical\" href=\"https:\/\/rannahotell.ee\/en\/kontaktid\/\" \/>\n<meta property=\"og:locale\" content=\"en_US\" \/>\n<meta property=\"og:type\" content=\"article\" \/>\n<meta property=\"og:title\" content=\"Contacts - P\u00e4rnu Rannahotell\" \/>\n<meta property=\"og:description\" content=\"CONTACTS Liis-Marie Kukk Restaurant Manager 56650309liismarie@rannahotell.ee Silver Karuks Front Office and Reservations Manager53345549silver.karuks@rannahotell.ee Aveli Stimmer Marketing Manager56287168aveli.stimmer@rannahotell.ee Carl-Cristhoper Mehik Chef de cuisine58941119carl@rannahotell.ee Oliver Paasik General Manager53464108oliver.paasik@rannahotell.ee Epp L\u00e4\u00e4ne Hotel Manager53433541epp.laane@rannahotell.ee\" \/>\n<meta property=\"og:url\" content=\"https:\/\/rannahotell.ee\/en\/kontaktid\/\" \/>\n<meta property=\"og:site_name\" content=\"P\u00e4rnu Rannahotell\" \/>\n<meta property=\"article:modified_time\" content=\"2026-01-02T10:37:08+00:00\" \/>\n<meta property=\"og:image\" content=\"https:\/\/rannahotell.ee\/wp-content\/uploads\/2025\/07\/vastuvott-scaled.jpg\" \/>\n\t<meta property=\"og:image:width\" content=\"2560\" \/>\n\t<meta property=\"og:image:height\" content=\"1707\" \/>\n\t<meta property=\"og:image:type\" content=\"image\/jpeg\" \/>\n<meta name=\"twitter:card\" content=\"summary_large_image\" \/>\n<meta name=\"twitter:label1\" content=\"Est. reading time\" \/>\n\t<meta name=\"twitter:data1\" content=\"2 minutes\" \/>\n<script type=\"application\/ld+json\" class=\"yoast-schema-graph\">{\"@context\":\"https:\/\/schema.org\",\"@graph\":[{\"@type\":\"WebPage\",\"@id\":\"https:\/\/rannahotell.ee\/en\/kontaktid\/\",\"url\":\"https:\/\/rannahotell.ee\/en\/kontaktid\/\",\"name\":\"Contacts - P\u00e4rnu Rannahotell\",\"isPartOf\":{\"@id\":\"https:\/\/rannahotell.ee\/en\/#website\"},\"primaryImageOfPage\":{\"@id\":\"https:\/\/rannahotell.ee\/en\/kontaktid\/#primaryimage\"},\"image\":{\"@id\":\"https:\/\/rannahotell.ee\/en\/kontaktid\/#primaryimage\"},\"thumbnailUrl\":\"https:\/\/rannahotell.ee\/wp-content\/uploads\/2025\/07\/vastuvott-scaled.jpg\",\"datePublished\":\"2025-08-22T07:33:47+00:00\",\"dateModified\":\"2026-01-02T10:37:08+00:00\",\"breadcrumb\":{\"@id\":\"https:\/\/rannahotell.ee\/en\/kontaktid\/#breadcrumb\"},\"inLanguage\":\"en-US\",\"potentialAction\":[{\"@type\":\"ReadAction\",\"target\":[\"https:\/\/rannahotell.ee\/en\/kontaktid\/\"]}]},{\"@type\":\"ImageObject\",\"inLanguage\":\"en-US\",\"@id\":\"https:\/\/rannahotell.ee\/en\/kontaktid\/#primaryimage\",\"url\":\"https:\/\/rannahotell.ee\/wp-content\/uploads\/2025\/07\/vastuvott-scaled.jpg\",\"contentUrl\":\"https:\/\/rannahotell.ee\/wp-content\/uploads\/2025\/07\/vastuvott-scaled.jpg\"},{\"@type\":\"BreadcrumbList\",\"@id\":\"https:\/\/rannahotell.ee\/en\/kontaktid\/#breadcrumb\",\"itemListElement\":[{\"@type\":\"ListItem\",\"position\":1,\"name\":\"Home\",\"item\":\"https:\/\/rannahotell.ee\/en\/\"},{\"@type\":\"ListItem\",\"position\":2,\"name\":\"Contacts\"}]},{\"@type\":\"WebSite\",\"@id\":\"https:\/\/rannahotell.ee\/en\/#website\",\"url\":\"https:\/\/rannahotell.ee\/en\/\",\"name\":\"P\u00e4rnu Rannahotell\",\"description\":\"Arhitektuurip\u00e4rl P\u00e4rnu parima restoraniga\",\"potentialAction\":[{\"@type\":\"SearchAction\",\"target\":{\"@type\":\"EntryPoint\",\"urlTemplate\":\"https:\/\/rannahotell.ee\/en\/?s={search_term_string}\"},\"query-input\":{\"@type\":\"PropertyValueSpecification\",\"valueRequired\":true,\"valueName\":\"search_term_string\"}}],\"inLanguage\":\"en-US\"}]}<\/script>\n<!-- \/ Yoast SEO plugin. -->","yoast_head_json":{"title":"Contacts - P\u00e4rnu Rannahotell","robots":{"index":"index","follow":"follow","max-snippet":"max-snippet:-1","max-image-preview":"max-image-preview:large","max-video-preview":"max-video-preview:-1"},"canonical":"https:\/\/rannahotell.ee\/en\/kontaktid\/","og_locale":"en_US","og_type":"article","og_title":"Contacts - P\u00e4rnu Rannahotell","og_description":"CONTACTS Liis-Marie Kukk Restaurant Manager 56650309liismarie@rannahotell.ee Silver Karuks Front Office and Reservations Manager53345549silver.karuks@rannahotell.ee Aveli Stimmer Marketing Manager56287168aveli.stimmer@rannahotell.ee Carl-Cristhoper Mehik Chef de cuisine58941119carl@rannahotell.ee Oliver Paasik General Manager53464108oliver.paasik@rannahotell.ee Epp L\u00e4\u00e4ne Hotel Manager53433541epp.laane@rannahotell.ee","og_url":"https:\/\/rannahotell.ee\/en\/kontaktid\/","og_site_name":"P\u00e4rnu Rannahotell","article_modified_time":"2026-01-02T10:37:08+00:00","og_image":[{"width":2560,"height":1707,"url":"https:\/\/rannahotell.ee\/wp-content\/uploads\/2025\/07\/vastuvott-scaled.jpg","type":"image\/jpeg"}],"twitter_card":"summary_large_image","twitter_misc":{"Est. reading time":"2 minutes"},"schema":{"@context":"https:\/\/schema.org","@graph":[{"@type":"WebPage","@id":"https:\/\/rannahotell.ee\/en\/kontaktid\/","url":"https:\/\/rannahotell.ee\/en\/kontaktid\/","name":"Contacts - P\u00e4rnu Rannahotell","isPartOf":{"@id":"https:\/\/rannahotell.ee\/en\/#website"},"primaryImageOfPage":{"@id":"https:\/\/rannahotell.ee\/en\/kontaktid\/#primaryimage"},"image":{"@id":"https:\/\/rannahotell.ee\/en\/kontaktid\/#primaryimage"},"thumbnailUrl":"https:\/\/rannahotell.ee\/wp-content\/uploads\/2025\/07\/vastuvott-scaled.jpg","datePublished":"2025-08-22T07:33:47+00:00","dateModified":"2026-01-02T10:37:08+00:00","breadcrumb":{"@id":"https:\/\/rannahotell.ee\/en\/kontaktid\/#breadcrumb"},"inLanguage":"en-US","potentialAction":[{"@type":"ReadAction","target":["https:\/\/rannahotell.ee\/en\/kontaktid\/"]}]},{"@type":"ImageObject","inLanguage":"en-US","@id":"https:\/\/rannahotell.ee\/en\/kontaktid\/#primaryimage","url":"https:\/\/rannahotell.ee\/wp-content\/uploads\/2025\/07\/vastuvott-scaled.jpg","contentUrl":"https:\/\/rannahotell.ee\/wp-content\/uploads\/2025\/07\/vastuvott-scaled.jpg"},{"@type":"BreadcrumbList","@id":"https:\/\/rannahotell.ee\/en\/kontaktid\/#breadcrumb","itemListElement":[{"@type":"ListItem","position":1,"name":"Home","item":"https:\/\/rannahotell.ee\/en\/"},{"@type":"ListItem","position":2,"name":"Contacts"}]},{"@type":"WebSite","@id":"https:\/\/rannahotell.ee\/en\/#website","url":"https:\/\/rannahotell.ee\/en\/","name":"P\u00e4rnu Rannahotell","description":"Arhitektuurip\u00e4rl P\u00e4rnu parima restoraniga","potentialAction":[{"@type":"SearchAction","target":{"@type":"EntryPoint","urlTemplate":"https:\/\/rannahotell.ee\/en\/?s={search_term_string}"},"query-input":{"@type":"PropertyValueSpecification","valueRequired":true,"valueName":"search_term_string"}}],"inLanguage":"en-US"}]}},"_links":{"self":[{"href":"https:\/\/rannahotell.ee\/en\/wp-json\/wp\/v2\/pages\/1115","targetHints":{"allow":["GET"]}}],"collection":[{"href":"https:\/\/rannahotell.ee\/en\/wp-json\/wp\/v2\/pages"}],"about":[{"href":"https:\/\/rannahotell.ee\/en\/wp-json\/wp\/v2\/types\/page"}],"author":[{"embeddable":true,"href":"https:\/\/rannahotell.ee\/en\/wp-json\/wp\/v2\/users\/3"}],"replies":[{"embeddable":true,"href":"https:\/\/rannahotell.ee\/en\/wp-json\/wp\/v2\/comments?post=1115"}],"version-history":[{"count":5,"href":"https:\/\/rannahotell.ee\/en\/wp-json\/wp\/v2\/pages\/1115\/revisions"}],"predecessor-version":[{"id":1787,"href":"https:\/\/rannahotell.ee\/en\/wp-json\/wp\/v2\/pages\/1115\/revisions\/1787"}],"wp:attachment":[{"href":"https:\/\/rannahotell.ee\/en\/wp-json\/wp\/v2\/media?parent=1115"}],"curies":[{"name":"wp","href":"https:\/\/api.w.org\/{rel}","templated":true}]}}