{"id":1111,"date":"2025-08-22T08:37:08","date_gmt":"2025-08-22T08:37:08","guid":{"rendered":"https:\/\/rannahotell.ee\/korralda-sundmus-rannahotellis\/"},"modified":"2025-09-19T11:30:48","modified_gmt":"2025-09-19T11:30:48","slug":"event-in-rannahotel","status":"publish","type":"page","link":"https:\/\/rannahotell.ee\/en\/event-in-rannahotel\/","title":{"rendered":"Event in Rannahotel"},"content":{"rendered":"\n<div class=\"wp-block-cover alignfull\"><img loading=\"lazy\" decoding=\"async\" width=\"2560\" height=\"1709\" class=\"wp-block-cover__image-background wp-image-1583 size-full\" alt=\"\" src=\"https:\/\/rannahotell.ee\/wp-content\/uploads\/2025\/09\/A-H-250-scaled.jpg\" style=\"object-position:52% 33%\" data-object-fit=\"cover\" data-object-position=\"52% 33%\" srcset=\"https:\/\/rannahotell.ee\/wp-content\/uploads\/2025\/09\/A-H-250-scaled.jpg 2560w, https:\/\/rannahotell.ee\/wp-content\/uploads\/2025\/09\/A-H-250-300x200.jpg 300w, https:\/\/rannahotell.ee\/wp-content\/uploads\/2025\/09\/A-H-250-1024x684.jpg 1024w, https:\/\/rannahotell.ee\/wp-content\/uploads\/2025\/09\/A-H-250-768x513.jpg 768w, https:\/\/rannahotell.ee\/wp-content\/uploads\/2025\/09\/A-H-250-1536x1025.jpg 1536w, https:\/\/rannahotell.ee\/wp-content\/uploads\/2025\/09\/A-H-250-2048x1367.jpg 2048w, https:\/\/rannahotell.ee\/wp-content\/uploads\/2025\/09\/A-H-250-1568x1047.jpg 1568w\" sizes=\"auto, (max-width: 2560px) 100vw, 2560px\" \/><span aria-hidden=\"true\" class=\"wp-block-cover__background has-background-dim-0 has-background-dim\"><\/span><div class=\"wp-block-cover__inner-container is-layout-flow wp-block-cover-is-layout-flow\">\n<p class=\"has-text-align-center has-large-font-size\"><\/p>\n<\/div><\/div>\n\n\n\n<div style=\"height:30px\" aria-hidden=\"true\" class=\"wp-block-spacer\"><\/div>\n\n\n\n<h1 class=\"wp-block-heading has-text-align-center\">ORGANIZE YOUR EVENT IN RANNAHOTELL<\/h1>\n\n\n\n<hr class=\"wp-block-separator has-alpha-channel-opacity\"\/>\n\n\n\n<div style=\"height:10px\" aria-hidden=\"true\" class=\"wp-block-spacer\"><\/div>\n\n\n\n<div class=\"wp-block-columns alignwide is-layout-flex wp-container-core-columns-is-layout-1a2ddb66 wp-block-columns-is-layout-flex\" style=\"padding-right:var(--wp--preset--spacing--30);padding-left:var(--wp--preset--spacing--30)\">\n<div class=\"wp-block-column animated fadeInLeft slow is-layout-flow wp-block-column-is-layout-flow\" style=\"padding-right:var(--wp--preset--spacing--30);padding-left:var(--wp--preset--spacing--30)\">\n<div class=\"wp-block-cover is-light\"><img loading=\"lazy\" decoding=\"async\" width=\"1024\" height=\"682\" class=\"wp-block-cover__image-background wp-image-140 size-large\" alt=\"\" src=\"https:\/\/rannahotell.ee\/wp-content\/uploads\/2025\/07\/RH385_large-1024x682.jpg\" data-object-fit=\"cover\" srcset=\"https:\/\/rannahotell.ee\/wp-content\/uploads\/2025\/07\/RH385_large-1024x682.jpg 1024w, https:\/\/rannahotell.ee\/wp-content\/uploads\/2025\/07\/RH385_large-300x200.jpg 300w, https:\/\/rannahotell.ee\/wp-content\/uploads\/2025\/07\/RH385_large-768x512.jpg 768w, https:\/\/rannahotell.ee\/wp-content\/uploads\/2025\/07\/RH385_large.jpg 1280w\" sizes=\"auto, (max-width: 1024px) 100vw, 1024px\" \/><span aria-hidden=\"true\" class=\"wp-block-cover__background has-background-dim-0 has-background-dim\"><\/span><div class=\"wp-block-cover__inner-container is-layout-constrained wp-block-cover-is-layout-constrained\">\n<p class=\"has-text-align-center has-large-font-size\"><\/p>\n<\/div><\/div>\n\n\n\n<h2 class=\"wp-block-heading has-text-align-center\">BIRTHDAYS<\/h2>\n\n\n\n<p class=\"has-text-align-center\">Everyone\u2019s birthday should be very special! We can arrange private meeting and also fancy party.&nbsp;<\/p>\n\n\n\n<p><\/p>\n\n\n\n<div class=\"wp-block-buttons is-content-justification-center is-layout-flex wp-container-core-buttons-is-layout-a89b3969 wp-block-buttons-is-layout-flex\">\n<div class=\"wp-block-button\"><a class=\"wp-block-button__link has-text-align-center wp-element-button\" href=\"https:\/\/rannahotell.ee\/en\/birthday-request-form\/\">CONTACT US<\/a><\/div>\n<\/div>\n<\/div>\n\n\n\n<div class=\"wp-block-column is-layout-flow wp-block-column-is-layout-flow\" style=\"padding-right:var(--wp--preset--spacing--30);padding-left:var(--wp--preset--spacing--30)\">\n<div class=\"wp-block-cover\"><img loading=\"lazy\" decoding=\"async\" width=\"1024\" height=\"683\" class=\"wp-block-cover__image-background wp-image-506 size-large\" alt=\"\" src=\"https:\/\/rannahotell.ee\/wp-content\/uploads\/2025\/08\/Helena-ja-Keio-476-1024x683.jpg\" data-object-fit=\"cover\" srcset=\"https:\/\/rannahotell.ee\/wp-content\/uploads\/2025\/08\/Helena-ja-Keio-476-1024x683.jpg 1024w, https:\/\/rannahotell.ee\/wp-content\/uploads\/2025\/08\/Helena-ja-Keio-476-300x200.jpg 300w, https:\/\/rannahotell.ee\/wp-content\/uploads\/2025\/08\/Helena-ja-Keio-476-768x512.jpg 768w, https:\/\/rannahotell.ee\/wp-content\/uploads\/2025\/08\/Helena-ja-Keio-476-1536x1024.jpg 1536w\" sizes=\"auto, (max-width: 1024px) 100vw, 1024px\" \/><span aria-hidden=\"true\" class=\"wp-block-cover__background has-background-dim-0 has-background-dim\"><\/span><div class=\"wp-block-cover__inner-container is-layout-constrained wp-block-cover-is-layout-constrained\">\n<p class=\"has-text-align-center has-large-font-size\"><\/p>\n<\/div><\/div>\n\n\n\n<h2 class=\"wp-block-heading has-text-align-center\">WEDDINGS<\/h2>\n\n\n\n<p class=\"has-text-align-center\">\u00d5In happy marriage you fall in love several times into one person. For a beautiful wedding day you need good company, delicious food, a smell of the flowers and of course a long dress. Seaside Rannahotell is a truly romantic wedding venue. &nbsp;<br><\/p>\n\n\n\n<div class=\"wp-block-buttons is-content-justification-center is-layout-flex wp-container-core-buttons-is-layout-a89b3969 wp-block-buttons-is-layout-flex\">\n<div class=\"wp-block-button\"><a class=\"wp-block-button__link wp-element-button\" href=\"https:\/\/rannahotell.ee\/en\/wedding-request-form\/\">CONTACT US<\/a><\/div>\n<\/div>\n<\/div>\n\n\n\n<div class=\"wp-block-column animated fadeInRight slow is-layout-flow wp-block-column-is-layout-flow\" style=\"padding-right:var(--wp--preset--spacing--30);padding-left:var(--wp--preset--spacing--30)\">\n<div class=\"wp-block-cover\"><img loading=\"lazy\" decoding=\"async\" width=\"960\" height=\"640\" class=\"wp-block-cover__image-background wp-image-507 size-full\" alt=\"\" src=\"https:\/\/rannahotell.ee\/wp-content\/uploads\/2025\/08\/Joulud.jpg\" data-object-fit=\"cover\" srcset=\"https:\/\/rannahotell.ee\/wp-content\/uploads\/2025\/08\/Joulud.jpg 960w, https:\/\/rannahotell.ee\/wp-content\/uploads\/2025\/08\/Joulud-300x200.jpg 300w, https:\/\/rannahotell.ee\/wp-content\/uploads\/2025\/08\/Joulud-768x512.jpg 768w\" sizes=\"auto, (max-width: 960px) 100vw, 960px\" \/><span aria-hidden=\"true\" class=\"wp-block-cover__background has-background-dim-0 has-background-dim\"><\/span><div class=\"wp-block-cover__inner-container is-layout-constrained wp-block-cover-is-layout-constrained\">\n<p class=\"has-text-align-center has-large-font-size\"><\/p>\n<\/div><\/div>\n\n\n\n<h2 class=\"wp-block-heading has-text-align-center\">CHRISTMAS &amp; COMPANY PARTIES<\/h2>\n\n\n\n<p class=\"has-text-align-center\">A happy team is the foundation&nbsp; of a functioning company. In Rannahotel you can arrange a nice meeting for your employees and partners.<br><\/p>\n\n\n\n<div class=\"wp-block-buttons is-content-justification-center is-layout-flex wp-container-core-buttons-is-layout-a89b3969 wp-block-buttons-is-layout-flex\">\n<div class=\"wp-block-button\"><a class=\"wp-block-button__link wp-element-button\" href=\"https:\/\/rannahotell.ee\/en\/company-event-request-form\/\">CONTACT US<\/a><\/div>\n<\/div>\n<\/div>\n<\/div>\n\n\n\n<div style=\"height:10px\" aria-hidden=\"true\" class=\"wp-block-spacer\"><\/div>\n","protected":false},"excerpt":{"rendered":"<p>ORGANIZE YOUR EVENT IN RANNAHOTELL BIRTHDAYS Everyone\u2019s birthday should be very special! We can arrange private meeting and also fancy party.&nbsp; WEDDINGS \u00d5In happy marriage you fall in love several times into one person. For a beautiful wedding day you need good company, delicious food, a smell of the flowers and of course a long [&hellip;]<\/p>\n","protected":false},"author":3,"featured_media":0,"parent":0,"menu_order":0,"comment_status":"closed","ping_status":"closed","template":"","meta":{"footnotes":""},"class_list":["post-1111","page","type-page","status-publish","hentry"],"yoast_head":"<!-- This site is optimized with the Yoast SEO plugin v27.4 - https:\/\/yoast.com\/product\/yoast-seo-wordpress\/ -->\n<title>Event in Rannahotel - P\u00e4rnu Rannahotell<\/title>\n<meta name=\"robots\" content=\"index, follow, max-snippet:-1, max-image-preview:large, max-video-preview:-1\" \/>\n<link rel=\"canonical\" href=\"https:\/\/rannahotell.ee\/en\/event-in-rannahotel\/\" \/>\n<meta property=\"og:locale\" content=\"en_US\" \/>\n<meta property=\"og:type\" content=\"article\" \/>\n<meta property=\"og:title\" content=\"Event in Rannahotel - P\u00e4rnu Rannahotell\" \/>\n<meta property=\"og:description\" content=\"ORGANIZE YOUR EVENT IN RANNAHOTELL BIRTHDAYS Everyone\u2019s birthday should be very special! We can arrange private meeting and also fancy party.&nbsp; WEDDINGS \u00d5In happy marriage you fall in love several times into one person. For a beautiful wedding day you need good company, delicious food, a smell of the flowers and of course a long [&hellip;]\" \/>\n<meta property=\"og:url\" content=\"https:\/\/rannahotell.ee\/en\/event-in-rannahotel\/\" \/>\n<meta property=\"og:site_name\" content=\"P\u00e4rnu Rannahotell\" \/>\n<meta property=\"article:modified_time\" content=\"2025-09-19T11:30:48+00:00\" \/>\n<meta property=\"og:image\" content=\"https:\/\/rannahotell.ee\/wp-content\/uploads\/2025\/09\/A-H-250-scaled.jpg\" \/>\n<meta name=\"twitter:card\" content=\"summary_large_image\" \/>\n<meta name=\"twitter:label1\" content=\"Est. reading time\" \/>\n\t<meta name=\"twitter:data1\" content=\"2 minutes\" \/>\n<script type=\"application\/ld+json\" class=\"yoast-schema-graph\">{\"@context\":\"https:\\\/\\\/schema.org\",\"@graph\":[{\"@type\":\"WebPage\",\"@id\":\"https:\\\/\\\/rannahotell.ee\\\/en\\\/event-in-rannahotel\\\/\",\"url\":\"https:\\\/\\\/rannahotell.ee\\\/en\\\/event-in-rannahotel\\\/\",\"name\":\"Event in Rannahotel - P\u00e4rnu Rannahotell\",\"isPartOf\":{\"@id\":\"https:\\\/\\\/rannahotell.ee\\\/en\\\/#website\"},\"primaryImageOfPage\":{\"@id\":\"https:\\\/\\\/rannahotell.ee\\\/en\\\/event-in-rannahotel\\\/#primaryimage\"},\"image\":{\"@id\":\"https:\\\/\\\/rannahotell.ee\\\/en\\\/event-in-rannahotel\\\/#primaryimage\"},\"thumbnailUrl\":\"https:\\\/\\\/rannahotell.ee\\\/wp-content\\\/uploads\\\/2025\\\/09\\\/A-H-250-scaled.jpg\",\"datePublished\":\"2025-08-22T08:37:08+00:00\",\"dateModified\":\"2025-09-19T11:30:48+00:00\",\"breadcrumb\":{\"@id\":\"https:\\\/\\\/rannahotell.ee\\\/en\\\/event-in-rannahotel\\\/#breadcrumb\"},\"inLanguage\":\"en-US\",\"potentialAction\":[{\"@type\":\"ReadAction\",\"target\":[\"https:\\\/\\\/rannahotell.ee\\\/en\\\/event-in-rannahotel\\\/\"]}]},{\"@type\":\"ImageObject\",\"inLanguage\":\"en-US\",\"@id\":\"https:\\\/\\\/rannahotell.ee\\\/en\\\/event-in-rannahotel\\\/#primaryimage\",\"url\":\"https:\\\/\\\/rannahotell.ee\\\/wp-content\\\/uploads\\\/2025\\\/09\\\/A-H-250-scaled.jpg\",\"contentUrl\":\"https:\\\/\\\/rannahotell.ee\\\/wp-content\\\/uploads\\\/2025\\\/09\\\/A-H-250-scaled.jpg\"},{\"@type\":\"BreadcrumbList\",\"@id\":\"https:\\\/\\\/rannahotell.ee\\\/en\\\/event-in-rannahotel\\\/#breadcrumb\",\"itemListElement\":[{\"@type\":\"ListItem\",\"position\":1,\"name\":\"Home\",\"item\":\"https:\\\/\\\/rannahotell.ee\\\/en\\\/\"},{\"@type\":\"ListItem\",\"position\":2,\"name\":\"Event in Rannahotel\"}]},{\"@type\":\"WebSite\",\"@id\":\"https:\\\/\\\/rannahotell.ee\\\/en\\\/#website\",\"url\":\"https:\\\/\\\/rannahotell.ee\\\/en\\\/\",\"name\":\"P\u00e4rnu Rannahotell\",\"description\":\"Arhitektuurip\u00e4rl P\u00e4rnu parima restoraniga\",\"potentialAction\":[{\"@type\":\"SearchAction\",\"target\":{\"@type\":\"EntryPoint\",\"urlTemplate\":\"https:\\\/\\\/rannahotell.ee\\\/en\\\/?s={search_term_string}\"},\"query-input\":{\"@type\":\"PropertyValueSpecification\",\"valueRequired\":true,\"valueName\":\"search_term_string\"}}],\"inLanguage\":\"en-US\"}]}<\/script>\n<!-- \/ Yoast SEO plugin. -->","yoast_head_json":{"title":"Event in Rannahotel - P\u00e4rnu Rannahotell","robots":{"index":"index","follow":"follow","max-snippet":"max-snippet:-1","max-image-preview":"max-image-preview:large","max-video-preview":"max-video-preview:-1"},"canonical":"https:\/\/rannahotell.ee\/en\/event-in-rannahotel\/","og_locale":"en_US","og_type":"article","og_title":"Event in Rannahotel - P\u00e4rnu Rannahotell","og_description":"ORGANIZE YOUR EVENT IN RANNAHOTELL BIRTHDAYS Everyone\u2019s birthday should be very special! We can arrange private meeting and also fancy party.&nbsp; WEDDINGS \u00d5In happy marriage you fall in love several times into one person. For a beautiful wedding day you need good company, delicious food, a smell of the flowers and of course a long [&hellip;]","og_url":"https:\/\/rannahotell.ee\/en\/event-in-rannahotel\/","og_site_name":"P\u00e4rnu Rannahotell","article_modified_time":"2025-09-19T11:30:48+00:00","og_image":[{"url":"https:\/\/rannahotell.ee\/wp-content\/uploads\/2025\/09\/A-H-250-scaled.jpg","type":"","width":"","height":""}],"twitter_card":"summary_large_image","twitter_misc":{"Est. reading time":"2 minutes"},"schema":{"@context":"https:\/\/schema.org","@graph":[{"@type":"WebPage","@id":"https:\/\/rannahotell.ee\/en\/event-in-rannahotel\/","url":"https:\/\/rannahotell.ee\/en\/event-in-rannahotel\/","name":"Event in Rannahotel - P\u00e4rnu Rannahotell","isPartOf":{"@id":"https:\/\/rannahotell.ee\/en\/#website"},"primaryImageOfPage":{"@id":"https:\/\/rannahotell.ee\/en\/event-in-rannahotel\/#primaryimage"},"image":{"@id":"https:\/\/rannahotell.ee\/en\/event-in-rannahotel\/#primaryimage"},"thumbnailUrl":"https:\/\/rannahotell.ee\/wp-content\/uploads\/2025\/09\/A-H-250-scaled.jpg","datePublished":"2025-08-22T08:37:08+00:00","dateModified":"2025-09-19T11:30:48+00:00","breadcrumb":{"@id":"https:\/\/rannahotell.ee\/en\/event-in-rannahotel\/#breadcrumb"},"inLanguage":"en-US","potentialAction":[{"@type":"ReadAction","target":["https:\/\/rannahotell.ee\/en\/event-in-rannahotel\/"]}]},{"@type":"ImageObject","inLanguage":"en-US","@id":"https:\/\/rannahotell.ee\/en\/event-in-rannahotel\/#primaryimage","url":"https:\/\/rannahotell.ee\/wp-content\/uploads\/2025\/09\/A-H-250-scaled.jpg","contentUrl":"https:\/\/rannahotell.ee\/wp-content\/uploads\/2025\/09\/A-H-250-scaled.jpg"},{"@type":"BreadcrumbList","@id":"https:\/\/rannahotell.ee\/en\/event-in-rannahotel\/#breadcrumb","itemListElement":[{"@type":"ListItem","position":1,"name":"Home","item":"https:\/\/rannahotell.ee\/en\/"},{"@type":"ListItem","position":2,"name":"Event in Rannahotel"}]},{"@type":"WebSite","@id":"https:\/\/rannahotell.ee\/en\/#website","url":"https:\/\/rannahotell.ee\/en\/","name":"P\u00e4rnu Rannahotell","description":"Arhitektuurip\u00e4rl P\u00e4rnu parima restoraniga","potentialAction":[{"@type":"SearchAction","target":{"@type":"EntryPoint","urlTemplate":"https:\/\/rannahotell.ee\/en\/?s={search_term_string}"},"query-input":{"@type":"PropertyValueSpecification","valueRequired":true,"valueName":"search_term_string"}}],"inLanguage":"en-US"}]}},"_links":{"self":[{"href":"https:\/\/rannahotell.ee\/en\/wp-json\/wp\/v2\/pages\/1111","targetHints":{"allow":["GET"]}}],"collection":[{"href":"https:\/\/rannahotell.ee\/en\/wp-json\/wp\/v2\/pages"}],"about":[{"href":"https:\/\/rannahotell.ee\/en\/wp-json\/wp\/v2\/types\/page"}],"author":[{"embeddable":true,"href":"https:\/\/rannahotell.ee\/en\/wp-json\/wp\/v2\/users\/3"}],"replies":[{"embeddable":true,"href":"https:\/\/rannahotell.ee\/en\/wp-json\/wp\/v2\/comments?post=1111"}],"version-history":[{"count":10,"href":"https:\/\/rannahotell.ee\/en\/wp-json\/wp\/v2\/pages\/1111\/revisions"}],"predecessor-version":[{"id":1595,"href":"https:\/\/rannahotell.ee\/en\/wp-json\/wp\/v2\/pages\/1111\/revisions\/1595"}],"wp:attachment":[{"href":"https:\/\/rannahotell.ee\/en\/wp-json\/wp\/v2\/media?parent=1111"}],"curies":[{"name":"wp","href":"https:\/\/api.w.org\/{rel}","templated":true}]}}