{"id":1101,"date":"2025-08-12T19:41:48","date_gmt":"2025-08-12T19:41:48","guid":{"rendered":"https:\/\/rannahotell.ee\/anika-paevaspaa\/"},"modified":"2026-04-30T14:49:00","modified_gmt":"2026-04-30T14:49:00","slug":"anika-spa","status":"publish","type":"page","link":"https:\/\/rannahotell.ee\/en\/anika-spa\/","title":{"rendered":"Anika spa"},"content":{"rendered":"\n<div class=\"wp-block-cover alignfull\"><img loading=\"lazy\" decoding=\"async\" width=\"2560\" height=\"1707\" class=\"wp-block-cover__image-background wp-image-154 size-full\" alt=\"\" src=\"https:\/\/rannahotell.ee\/wp-content\/uploads\/2025\/07\/massage-scaled.jpeg\" style=\"object-position:46% 36%\" data-object-fit=\"cover\" data-object-position=\"46% 36%\" srcset=\"https:\/\/rannahotell.ee\/wp-content\/uploads\/2025\/07\/massage-scaled.jpeg 2560w, https:\/\/rannahotell.ee\/wp-content\/uploads\/2025\/07\/massage-300x200.jpeg 300w, https:\/\/rannahotell.ee\/wp-content\/uploads\/2025\/07\/massage-1024x683.jpeg 1024w, https:\/\/rannahotell.ee\/wp-content\/uploads\/2025\/07\/massage-768x512.jpeg 768w, https:\/\/rannahotell.ee\/wp-content\/uploads\/2025\/07\/massage-1536x1024.jpeg 1536w, https:\/\/rannahotell.ee\/wp-content\/uploads\/2025\/07\/massage-2048x1365.jpeg 2048w, https:\/\/rannahotell.ee\/wp-content\/uploads\/2025\/07\/massage-1568x1045.jpeg 1568w\" sizes=\"auto, (max-width: 2560px) 100vw, 2560px\" \/><span aria-hidden=\"true\" class=\"wp-block-cover__background has-black-background-color has-background-dim-10 has-background-dim\"><\/span><div class=\"wp-block-cover__inner-container is-layout-flow wp-block-cover-is-layout-flow\">\n<p class=\"has-text-align-center has-large-font-size\"><\/p>\n<\/div><\/div>\n\n\n\n<div style=\"height:30px\" aria-hidden=\"true\" class=\"wp-block-spacer\"><\/div>\n\n\n\n<h1 class=\"wp-block-heading has-text-align-center\">ANIKA SPA<\/h1>\n\n\n\n<hr class=\"wp-block-separator has-alpha-channel-opacity\"\/>\n\n\n\n<p class=\"has-text-align-center has-medium-font-size\">Rannahotell is pleased to invite you to our spa.<br>Anika SPA treatment menu offers a wide range of professional facial and body treatments and massages.<\/p>\n\n\n\n<div style=\"height:30px\" aria-hidden=\"true\" class=\"wp-block-spacer mobile-spacer-5\"><\/div>\n\n\n\n<div class=\"wp-block-cover alignfull has-parallax\" style=\"min-height:386px;aspect-ratio:unset;\"><div class=\"wp-block-cover__image-background wp-image-293 size-large has-parallax\" style=\"background-position:50% 50%;background-image:url(https:\/\/rannahotell.ee\/wp-content\/uploads\/2025\/08\/SPA_Rannahotell-1-1024x528.jpeg)\"><\/div><span aria-hidden=\"true\" class=\"wp-block-cover__background has-background-dim-40 has-background-dim\" style=\"background-color:#806a50\"><\/span><div class=\"wp-block-cover__inner-container is-layout-constrained wp-block-cover-is-layout-constrained\">\n<div class=\"wp-block-columns is-layout-flex wp-container-core-columns-is-layout-28f84493 wp-block-columns-is-layout-flex\">\n<div class=\"wp-block-column is-layout-flow wp-block-column-is-layout-flow\">\n<div class=\"wp-block-cover is-light\"><span aria-hidden=\"true\" class=\"wp-block-cover__background has-light-beige-background-color has-background-dim-80 has-background-dim\"><\/span><div class=\"wp-block-cover__inner-container is-layout-constrained wp-block-cover-is-layout-constrained\">\n<p class=\"has-text-align-center has-medium-font-size\"><strong>Call our spa or send an e-mail to learn more about the treatments and to make your reservation:<\/strong><\/p>\n\n\n\n<p class=\"has-text-align-center has-black-color has-text-color has-link-color wp-elements-80738e590476947b633b8d0eea617a5b\">+372 521 8152<br><a href=\"mailto:anikaspaeesti@gmail.com\" target=\"_blank\" rel=\"noreferrer noopener\">anikaspaeesti@gmail.com<\/a><\/p>\n\n\n\n<p class=\"has-text-align-center has-link-color wp-elements-475c48d98d390ee603e7f416b65c50dc\"><strong>Permanent makeup<\/strong><br>+372 53 04 51 55<\/p>\n\n\n\n<p class=\"has-text-align-center has-medium-font-size\"><br><strong>Be prepared for something very nice!<\/strong><\/p>\n<\/div><\/div>\n<\/div>\n<\/div>\n<\/div><\/div>\n\n\n\n<div style=\"height:30px\" aria-hidden=\"true\" class=\"wp-block-spacer mobile-spacer-5\"><\/div>\n\n\n\n<div class=\"wp-block-buttons alignwide is-content-justification-center is-layout-flex wp-container-core-buttons-is-layout-a89b3969 wp-block-buttons-is-layout-flex\">\n<div class=\"wp-block-button\"><a class=\"wp-block-button__link wp-element-button\" href=\"https:\/\/rannahotell.ee\/en\/anika-spa\/#facial\">FACIAL TREATMENTS<\/a><\/div>\n\n\n\n<div class=\"wp-block-button\"><a class=\"wp-block-button__link wp-element-button\" href=\"https:\/\/rannahotell.ee\/en\/anika-spa\/#manikuur\">MANICURE &amp; PEDICURE<\/a><\/div>\n\n\n\n<div class=\"wp-block-button\"><a class=\"wp-block-button__link wp-element-button\" href=\"https:\/\/rannahotell.ee\/en\/anika-spa\/#massage\">MASSAGE<\/a><\/div>\n\n\n\n<div class=\"wp-block-button\"><a class=\"wp-block-button__link wp-element-button\" href=\"https:\/\/rannahotell.ee\/en\/anika-spa\/#body\">BODY TREATMENT<\/a><\/div>\n\n\n\n<div class=\"wp-block-button\"><a class=\"wp-block-button__link wp-element-button\" href=\"https:\/\/rannahotell.ee\/en\/anika-spa\/#beauty\">BEAUTY TREATMENTS<\/a><\/div>\n<\/div>\n\n\n\n<div style=\"height:30px\" aria-hidden=\"true\" class=\"wp-block-spacer mobile-spacer-5\"><\/div>\n\n\n\n<div class=\"wp-block-cover alignwide is-light\" id=\"naohoolitsused\"><img decoding=\"async\" class=\"wp-block-cover__image-background wp-image-294 size-full\" alt=\"\" src=\"https:\/\/rannahotell.ee\/wp-content\/uploads\/2025\/08\/AdobeStock_1374974821.jpeg\" data-object-fit=\"cover\"\/><span aria-hidden=\"true\" class=\"wp-block-cover__background has-background-dim\" style=\"background-color:#a2988e\"><\/span><div class=\"wp-block-cover__inner-container is-layout-constrained wp-block-cover-is-layout-constrained\">\n<div class=\"wp-block-cover is-light\"><span aria-hidden=\"true\" class=\"wp-block-cover__background has-light-beige-background-color has-background-dim-80 has-background-dim\"><\/span><div class=\"wp-block-cover__inner-container is-layout-constrained wp-block-cover-is-layout-constrained\">\n<div style=\"height:7px\" aria-hidden=\"true\" class=\"wp-block-spacer\"><\/div>\n\n\n\n<h2 class=\"wp-block-heading has-text-align-center\" id=\"facial\" style=\"font-size:30px\">FACIAL TREATMENTS<\/h2>\n\n\n\n<div style=\"height:7px\" aria-hidden=\"true\" class=\"wp-block-spacer\"><\/div>\n\n\n\n<h3 class=\"wp-block-heading has-text-align-center\">ULTRASOUND FACIAL CLEANSING<br>50 min &#8211; 65 \u20ac<\/h3>\n\n\n\n<p class=\"has-text-align-center\" style=\"text-transform:none\">Cleansing | cleansing and massage with ultrasonic skin scrubber for face, neck and cleavage | face, neck and cleavage massage | mask | cream<\/p>\n\n\n\n<div style=\"height:7px\" aria-hidden=\"true\" class=\"wp-block-spacer\"><\/div>\n\n\n\n<h3 class=\"wp-block-heading has-text-align-center\">EXPRESS FACIAL TREATMENT<br>25 min &#8211; 35 \u20ac<\/h3>\n\n\n\n<p class=\"has-text-align-center\">Cleansing | face scrub | face, neck and cleavage massage | moisturising mask | moisturising cream<\/p>\n\n\n\n<div style=\"height:7px\" aria-hidden=\"true\" class=\"wp-block-spacer\"><\/div>\n\n\n\n<h3 class=\"wp-block-heading has-text-align-center\">CLASSICAL FACIAL TREATMENT<br>50 min &#8211; 70 \u20ac<\/h3>\n\n\n\n<div style=\"height:7px\" aria-hidden=\"true\" class=\"wp-block-spacer\"><\/div>\n\n\n\n<h3 class=\"wp-block-heading has-text-align-center\">ULTRASOUND FACIAL CLEANSING WITH MASSAGE<br>70 min &#8211; 85 \u20ac<\/h3>\n\n\n\n<p class=\"has-text-align-center\">Cleansing | cleansing and massage with ultrasonic skin scrubber for face, neck and cleavage | face, neck and cleavage massage | mask | cream &nbsp;<\/p>\n\n\n\n<div style=\"height:7px\" aria-hidden=\"true\" class=\"wp-block-spacer\"><\/div>\n\n\n\n<h3 class=\"wp-block-heading has-text-align-center\">SPA-FACIAL WITH BACK MASSAGE<br>70 min &#8211; 85 \u20ac<\/h3>\n\n\n\n<p class=\"has-text-align-center\">Foot bath | aroma back massage | cleansing routine | deep cleansing | face, neck and cleavage massage | moisturising mask | moisturising cream<\/p>\n\n\n\n<div style=\"height:7px\" aria-hidden=\"true\" class=\"wp-block-spacer\"><\/div>\n\n\n\n<h3 class=\"wp-block-heading has-text-align-center\">SPA-FACIAL WITH AROMA MASSAGE<br>110 min &#8211; 120 \u20ac<\/h3>\n\n\n\n<p class=\"has-text-align-center\">Foot bath | aroma massage | cleansing routine | deep cleansing | face, neck and cleavage massage | moisturising mask | moisturising cream<\/p>\n\n\n\n<p><\/p>\n<\/div><\/div>\n<\/div><\/div>\n\n\n\n<div class=\"wp-block-cover alignwide\" id=\"manikuur\"><img loading=\"lazy\" decoding=\"async\" width=\"2560\" height=\"1435\" class=\"wp-block-cover__image-background wp-image-299 size-full\" alt=\"\" src=\"https:\/\/rannahotell.ee\/wp-content\/uploads\/2025\/08\/manicure-scaled.jpeg\" style=\"object-position:54% 44%\" data-object-fit=\"cover\" data-object-position=\"54% 44%\" srcset=\"https:\/\/rannahotell.ee\/wp-content\/uploads\/2025\/08\/manicure-scaled.jpeg 2560w, https:\/\/rannahotell.ee\/wp-content\/uploads\/2025\/08\/manicure-300x168.jpeg 300w, https:\/\/rannahotell.ee\/wp-content\/uploads\/2025\/08\/manicure-1024x574.jpeg 1024w, https:\/\/rannahotell.ee\/wp-content\/uploads\/2025\/08\/manicure-768x430.jpeg 768w, https:\/\/rannahotell.ee\/wp-content\/uploads\/2025\/08\/manicure-1536x861.jpeg 1536w, https:\/\/rannahotell.ee\/wp-content\/uploads\/2025\/08\/manicure-2048x1148.jpeg 2048w, https:\/\/rannahotell.ee\/wp-content\/uploads\/2025\/08\/manicure-1568x879.jpeg 1568w\" sizes=\"auto, (max-width: 2560px) 100vw, 2560px\" \/><span aria-hidden=\"true\" class=\"wp-block-cover__background has-background-dim\" style=\"background-color:#756251\"><\/span><div class=\"wp-block-cover__inner-container is-layout-constrained wp-block-cover-is-layout-constrained\">\n<div class=\"wp-block-cover is-light\"><span aria-hidden=\"true\" class=\"wp-block-cover__background has-light-beige-background-color has-background-dim-80 has-background-dim\"><\/span><div class=\"wp-block-cover__inner-container is-layout-constrained wp-block-cover-is-layout-constrained\">\n<div style=\"height:7px\" aria-hidden=\"true\" class=\"wp-block-spacer\"><\/div>\n\n\n\n<h2 class=\"wp-block-heading has-text-align-center\" id=\"manicure\" style=\"font-size:30px\">MANICURE &amp; PEDICURE<\/h2>\n\n\n\n<div style=\"height:7px\" aria-hidden=\"true\" class=\"wp-block-spacer\"><\/div>\n\n\n\n<h3 class=\"wp-block-heading has-text-align-center\">REFRESHING MANICURE<br>45 min &#8211; 40 \u20ac<\/h3>\n\n\n\n<p class=\"has-text-align-center\">Hand soak | nail trimming and filing | pushing back and trimming the cuticle | scurb | cream &nbsp;<\/p>\n\n\n\n<div style=\"height:7px\" aria-hidden=\"true\" class=\"wp-block-spacer\"><\/div>\n\n\n\n<p class=\"has-text-align-center\"><strong>ADDITION TO MANICURE:<\/strong><br>NAIL POLISH<\/p>\n\n\n\n<p class=\"has-text-align-center\"> 15 min&nbsp; 5 \u20ac<\/p>\n\n\n\n<div style=\"height:7px\" aria-hidden=\"true\" class=\"wp-block-spacer\"><\/div>\n\n\n\n<h3 class=\"wp-block-heading has-text-align-center\">REFRESHING PEDICURE<br>45-60 min &#8211; 45 \u20ac<\/h3>\n\n\n\n<p class=\"has-text-align-center\">Foot bath | nail trimming and filing | pushing back and cutting the cuticles | foot rasping | scrub | cream &nbsp;<\/p>\n\n\n\n<p class=\"has-text-align-center\"><strong>ADDITION TO PEDICURE:<\/strong><br>NAIL POLISH 15 min&nbsp;&nbsp;5 \u20ac<br>GEL POLISH REMOVAL&nbsp; 20 min 5 \u20ac<\/p>\n\n\n\n<p class=\"has-text-align-center\"><\/p>\n<\/div><\/div>\n<\/div><\/div>\n\n\n\n<div class=\"wp-block-cover alignwide\" id=\"massaaz\"><img loading=\"lazy\" decoding=\"async\" width=\"2560\" height=\"1435\" class=\"wp-block-cover__image-background wp-image-310 size-full\" alt=\"\" src=\"https:\/\/rannahotell.ee\/wp-content\/uploads\/2025\/08\/MASSAAZ-scaled.jpeg\" style=\"object-position:19% 52%\" data-object-fit=\"cover\" data-object-position=\"19% 52%\" srcset=\"https:\/\/rannahotell.ee\/wp-content\/uploads\/2025\/08\/MASSAAZ-scaled.jpeg 2560w, https:\/\/rannahotell.ee\/wp-content\/uploads\/2025\/08\/MASSAAZ-300x168.jpeg 300w, https:\/\/rannahotell.ee\/wp-content\/uploads\/2025\/08\/MASSAAZ-1024x574.jpeg 1024w, https:\/\/rannahotell.ee\/wp-content\/uploads\/2025\/08\/MASSAAZ-768x430.jpeg 768w, https:\/\/rannahotell.ee\/wp-content\/uploads\/2025\/08\/MASSAAZ-1536x861.jpeg 1536w, https:\/\/rannahotell.ee\/wp-content\/uploads\/2025\/08\/MASSAAZ-2048x1148.jpeg 2048w, https:\/\/rannahotell.ee\/wp-content\/uploads\/2025\/08\/MASSAAZ-1568x879.jpeg 1568w\" sizes=\"auto, (max-width: 2560px) 100vw, 2560px\" \/><span aria-hidden=\"true\" class=\"wp-block-cover__background has-background-dim\" style=\"background-color:#967761\"><\/span><div class=\"wp-block-cover__inner-container is-layout-constrained wp-block-cover-is-layout-constrained\">\n<div class=\"wp-block-cover is-light\"><span aria-hidden=\"true\" class=\"wp-block-cover__background has-light-beige-background-color has-background-dim-80 has-background-dim\"><\/span><div class=\"wp-block-cover__inner-container is-layout-constrained wp-block-cover-is-layout-constrained\">\n<div style=\"height:7px\" aria-hidden=\"true\" class=\"wp-block-spacer\"><\/div>\n\n\n\n<h2 class=\"wp-block-heading has-text-align-center\" id=\"massage\" style=\"font-size:30px\">MASSAGE TREATMENTS<\/h2>\n\n\n\n<div style=\"height:7px\" aria-hidden=\"true\" class=\"wp-block-spacer\"><\/div>\n\n\n\n<h3 class=\"wp-block-heading has-text-align-center\">CHILDREN&#8217;S MASSAGE<br>(up to 12 years old)<br>30 min &#8211; 25 \u20ac<br>45 min &#8211; 35 \u20ac<\/h3>\n\n\n\n<h3 class=\"wp-block-heading has-text-align-center\"><\/h3>\n\n\n\n<h3 class=\"wp-block-heading has-text-align-center\">AROMA MASSAGE<br>60 min &#8211; 60 \u20ac<\/h3>\n\n\n\n<div style=\"height:7px\" aria-hidden=\"true\" class=\"wp-block-spacer\"><\/div>\n\n\n\n<h3 class=\"wp-block-heading has-text-align-center\">SWEDISH MASSAGE<br>60 min- 60 \u20ac<\/h3>\n\n\n\n<div style=\"height:7px\" aria-hidden=\"true\" class=\"wp-block-spacer\"><\/div>\n\n\n\n<h3 class=\"wp-block-heading has-text-align-center\">BACK AND SHOULDERS MASSAGE<br>30 min- 40 \u20ac<\/h3>\n\n\n\n<div style=\"height:7px\" aria-hidden=\"true\" class=\"wp-block-spacer\"><\/div>\n\n\n\n<h3 class=\"wp-block-heading has-text-align-center\">THAI FOOT MASSAGE<br>75 minutit- 60 \u20ac<\/h3>\n<\/div><\/div>\n<\/div><\/div>\n\n\n\n<div class=\"wp-block-cover alignwide is-light\" id=\"kehahoolitsused\"><img loading=\"lazy\" decoding=\"async\" width=\"2464\" height=\"1856\" class=\"wp-block-cover__image-background wp-image-312 size-full\" alt=\"\" src=\"https:\/\/rannahotell.ee\/wp-content\/uploads\/2025\/08\/Kehahoolitsus.jpeg\" data-object-fit=\"cover\" srcset=\"https:\/\/rannahotell.ee\/wp-content\/uploads\/2025\/08\/Kehahoolitsus.jpeg 2464w, https:\/\/rannahotell.ee\/wp-content\/uploads\/2025\/08\/Kehahoolitsus-300x226.jpeg 300w, https:\/\/rannahotell.ee\/wp-content\/uploads\/2025\/08\/Kehahoolitsus-1024x771.jpeg 1024w, https:\/\/rannahotell.ee\/wp-content\/uploads\/2025\/08\/Kehahoolitsus-768x578.jpeg 768w, https:\/\/rannahotell.ee\/wp-content\/uploads\/2025\/08\/Kehahoolitsus-1536x1157.jpeg 1536w, https:\/\/rannahotell.ee\/wp-content\/uploads\/2025\/08\/Kehahoolitsus-2048x1543.jpeg 2048w, https:\/\/rannahotell.ee\/wp-content\/uploads\/2025\/08\/Kehahoolitsus-1568x1181.jpeg 1568w\" sizes=\"auto, (max-width: 2464px) 100vw, 2464px\" \/><span aria-hidden=\"true\" class=\"wp-block-cover__background has-background-dim\" style=\"background-color:#d7b9a9\"><\/span><div class=\"wp-block-cover__inner-container is-layout-constrained wp-block-cover-is-layout-constrained\">\n<div class=\"wp-block-cover is-light\"><span aria-hidden=\"true\" class=\"wp-block-cover__background has-light-beige-background-color has-background-dim-80 has-background-dim\"><\/span><div class=\"wp-block-cover__inner-container is-layout-constrained wp-block-cover-is-layout-constrained\">\n<div style=\"height:7px\" aria-hidden=\"true\" class=\"wp-block-spacer\"><\/div>\n\n\n\n<h2 class=\"wp-block-heading has-text-align-center\" id=\"body\" style=\"font-size:30px\">BODY TREATMENTS<\/h2>\n\n\n\n<div style=\"height:7px\" aria-hidden=\"true\" class=\"wp-block-spacer\"><\/div>\n\n\n\n<h3 class=\"wp-block-heading has-text-align-center\">ANTI CELLULITE BODY WRAP<br>90 min &#8211; 80 \u20ac<\/h3>\n\n\n\n<p class=\"has-text-align-center\">Active body scrub | body wrap | anti cellulite cream<\/p>\n\n\n\n<div style=\"height:7px\" aria-hidden=\"true\" class=\"wp-block-spacer\"><\/div>\n\n\n\n<h3 class=\"wp-block-heading has-text-align-center\">SLIMMING BODY WRAP WITH BANDAGES<br>120-180 min &#8211; 95 \u20ac<\/h3>\n\n\n\n<p class=\"has-text-align-center\">Active body scrub | body wrap with bandages | anti cellulite cream<\/p>\n<\/div><\/div>\n<\/div><\/div>\n\n\n\n<div class=\"wp-block-cover alignwide is-light\" id=\"lisateenused\"><img decoding=\"async\" class=\"wp-block-cover__image-background wp-image-315 size-full\" alt=\"\" src=\"https:\/\/rannahotell.ee\/wp-content\/uploads\/2025\/08\/vahatamine.jpeg\" data-object-fit=\"cover\"\/><span aria-hidden=\"true\" class=\"wp-block-cover__background has-background-dim\" style=\"background-color:#f0e4dc\"><\/span><div class=\"wp-block-cover__inner-container is-layout-constrained wp-block-cover-is-layout-constrained\">\n<div class=\"wp-block-cover is-light\"><span aria-hidden=\"true\" class=\"wp-block-cover__background has-light-beige-background-color has-background-dim-80 has-background-dim\"><\/span><div class=\"wp-block-cover__inner-container is-layout-constrained wp-block-cover-is-layout-constrained\">\n<div style=\"height:7px\" aria-hidden=\"true\" class=\"wp-block-spacer\"><\/div>\n\n\n\n<h2 class=\"wp-block-heading has-text-align-center has-large-font-size\" id=\"beauty\">BEAUTY TREATMENTS<\/h2>\n\n\n\n<div style=\"height:7px\" aria-hidden=\"true\" class=\"wp-block-spacer\"><\/div>\n\n\n\n<h3 class=\"wp-block-heading has-text-align-center\">WAXING<br>10-35 \u20ac<\/h3>\n\n\n\n<div style=\"height:7px\" aria-hidden=\"true\" class=\"wp-block-spacer\"><\/div>\n\n\n\n<h3 class=\"wp-block-heading has-text-align-center\">EYEBROW AND EYELASH TREATMENTS<br>10-25 \u20ac<\/h3>\n\n\n\n<p class=\"has-text-align-center\">Eyebrow shaping &amp; tinting | eyelash tinting<\/p>\n<\/div><\/div>\n<\/div><\/div>\n\n\n\n<p><\/p>\n","protected":false},"excerpt":{"rendered":"<p>ANIKA SPA Rannahotell is pleased to invite you to our spa.Anika SPA treatment menu offers a wide range of professional facial and body treatments and massages.<\/p>\n","protected":false},"author":3,"featured_media":0,"parent":0,"menu_order":0,"comment_status":"closed","ping_status":"closed","template":"","meta":{"footnotes":""},"class_list":["post-1101","page","type-page","status-publish","hentry"],"yoast_head":"<!-- This site is optimized with the Yoast SEO plugin v27.4 - https:\/\/yoast.com\/product\/yoast-seo-wordpress\/ -->\n<title>Anika spa - P\u00e4rnu Rannahotell<\/title>\n<meta name=\"robots\" content=\"index, follow, max-snippet:-1, max-image-preview:large, max-video-preview:-1\" \/>\n<link rel=\"canonical\" href=\"https:\/\/rannahotell.ee\/en\/anika-spa\/\" \/>\n<meta property=\"og:locale\" content=\"en_US\" \/>\n<meta property=\"og:type\" content=\"article\" \/>\n<meta property=\"og:title\" content=\"Anika spa - P\u00e4rnu Rannahotell\" \/>\n<meta property=\"og:description\" content=\"ANIKA SPA Rannahotell is pleased to invite you to our spa.Anika SPA treatment menu offers a wide range of professional facial and body treatments and massages.\" \/>\n<meta property=\"og:url\" content=\"https:\/\/rannahotell.ee\/en\/anika-spa\/\" \/>\n<meta property=\"og:site_name\" content=\"P\u00e4rnu Rannahotell\" \/>\n<meta property=\"article:modified_time\" content=\"2026-04-30T14:49:00+00:00\" \/>\n<meta property=\"og:image\" content=\"https:\/\/rannahotell.ee\/wp-content\/uploads\/2025\/07\/massage-scaled.jpeg\" \/>\n\t<meta property=\"og:image:width\" content=\"2560\" \/>\n\t<meta property=\"og:image:height\" content=\"1707\" \/>\n\t<meta property=\"og:image:type\" content=\"image\/jpeg\" \/>\n<meta name=\"twitter:card\" content=\"summary_large_image\" \/>\n<meta name=\"twitter:label1\" content=\"Est. reading time\" \/>\n\t<meta name=\"twitter:data1\" content=\"4 minutes\" \/>\n<script type=\"application\/ld+json\" class=\"yoast-schema-graph\">{\"@context\":\"https:\\\/\\\/schema.org\",\"@graph\":[{\"@type\":\"WebPage\",\"@id\":\"https:\\\/\\\/rannahotell.ee\\\/en\\\/anika-spa\\\/\",\"url\":\"https:\\\/\\\/rannahotell.ee\\\/en\\\/anika-spa\\\/\",\"name\":\"Anika spa - P\u00e4rnu Rannahotell\",\"isPartOf\":{\"@id\":\"https:\\\/\\\/rannahotell.ee\\\/en\\\/#website\"},\"primaryImageOfPage\":{\"@id\":\"https:\\\/\\\/rannahotell.ee\\\/en\\\/anika-spa\\\/#primaryimage\"},\"image\":{\"@id\":\"https:\\\/\\\/rannahotell.ee\\\/en\\\/anika-spa\\\/#primaryimage\"},\"thumbnailUrl\":\"https:\\\/\\\/rannahotell.ee\\\/wp-content\\\/uploads\\\/2025\\\/07\\\/massage-scaled.jpeg\",\"datePublished\":\"2025-08-12T19:41:48+00:00\",\"dateModified\":\"2026-04-30T14:49:00+00:00\",\"breadcrumb\":{\"@id\":\"https:\\\/\\\/rannahotell.ee\\\/en\\\/anika-spa\\\/#breadcrumb\"},\"inLanguage\":\"en-US\",\"potentialAction\":[{\"@type\":\"ReadAction\",\"target\":[\"https:\\\/\\\/rannahotell.ee\\\/en\\\/anika-spa\\\/\"]}]},{\"@type\":\"ImageObject\",\"inLanguage\":\"en-US\",\"@id\":\"https:\\\/\\\/rannahotell.ee\\\/en\\\/anika-spa\\\/#primaryimage\",\"url\":\"https:\\\/\\\/rannahotell.ee\\\/wp-content\\\/uploads\\\/2025\\\/07\\\/massage-scaled.jpeg\",\"contentUrl\":\"https:\\\/\\\/rannahotell.ee\\\/wp-content\\\/uploads\\\/2025\\\/07\\\/massage-scaled.jpeg\"},{\"@type\":\"BreadcrumbList\",\"@id\":\"https:\\\/\\\/rannahotell.ee\\\/en\\\/anika-spa\\\/#breadcrumb\",\"itemListElement\":[{\"@type\":\"ListItem\",\"position\":1,\"name\":\"Home\",\"item\":\"https:\\\/\\\/rannahotell.ee\\\/en\\\/\"},{\"@type\":\"ListItem\",\"position\":2,\"name\":\"Anika spa\"}]},{\"@type\":\"WebSite\",\"@id\":\"https:\\\/\\\/rannahotell.ee\\\/en\\\/#website\",\"url\":\"https:\\\/\\\/rannahotell.ee\\\/en\\\/\",\"name\":\"P\u00e4rnu Rannahotell\",\"description\":\"Arhitektuurip\u00e4rl P\u00e4rnu parima restoraniga\",\"potentialAction\":[{\"@type\":\"SearchAction\",\"target\":{\"@type\":\"EntryPoint\",\"urlTemplate\":\"https:\\\/\\\/rannahotell.ee\\\/en\\\/?s={search_term_string}\"},\"query-input\":{\"@type\":\"PropertyValueSpecification\",\"valueRequired\":true,\"valueName\":\"search_term_string\"}}],\"inLanguage\":\"en-US\"}]}<\/script>\n<!-- \/ Yoast SEO plugin. -->","yoast_head_json":{"title":"Anika spa - P\u00e4rnu Rannahotell","robots":{"index":"index","follow":"follow","max-snippet":"max-snippet:-1","max-image-preview":"max-image-preview:large","max-video-preview":"max-video-preview:-1"},"canonical":"https:\/\/rannahotell.ee\/en\/anika-spa\/","og_locale":"en_US","og_type":"article","og_title":"Anika spa - P\u00e4rnu Rannahotell","og_description":"ANIKA SPA Rannahotell is pleased to invite you to our spa.Anika SPA treatment menu offers a wide range of professional facial and body treatments and massages.","og_url":"https:\/\/rannahotell.ee\/en\/anika-spa\/","og_site_name":"P\u00e4rnu Rannahotell","article_modified_time":"2026-04-30T14:49:00+00:00","og_image":[{"width":2560,"height":1707,"url":"https:\/\/rannahotell.ee\/wp-content\/uploads\/2025\/07\/massage-scaled.jpeg","type":"image\/jpeg"}],"twitter_card":"summary_large_image","twitter_misc":{"Est. reading time":"4 minutes"},"schema":{"@context":"https:\/\/schema.org","@graph":[{"@type":"WebPage","@id":"https:\/\/rannahotell.ee\/en\/anika-spa\/","url":"https:\/\/rannahotell.ee\/en\/anika-spa\/","name":"Anika spa - P\u00e4rnu Rannahotell","isPartOf":{"@id":"https:\/\/rannahotell.ee\/en\/#website"},"primaryImageOfPage":{"@id":"https:\/\/rannahotell.ee\/en\/anika-spa\/#primaryimage"},"image":{"@id":"https:\/\/rannahotell.ee\/en\/anika-spa\/#primaryimage"},"thumbnailUrl":"https:\/\/rannahotell.ee\/wp-content\/uploads\/2025\/07\/massage-scaled.jpeg","datePublished":"2025-08-12T19:41:48+00:00","dateModified":"2026-04-30T14:49:00+00:00","breadcrumb":{"@id":"https:\/\/rannahotell.ee\/en\/anika-spa\/#breadcrumb"},"inLanguage":"en-US","potentialAction":[{"@type":"ReadAction","target":["https:\/\/rannahotell.ee\/en\/anika-spa\/"]}]},{"@type":"ImageObject","inLanguage":"en-US","@id":"https:\/\/rannahotell.ee\/en\/anika-spa\/#primaryimage","url":"https:\/\/rannahotell.ee\/wp-content\/uploads\/2025\/07\/massage-scaled.jpeg","contentUrl":"https:\/\/rannahotell.ee\/wp-content\/uploads\/2025\/07\/massage-scaled.jpeg"},{"@type":"BreadcrumbList","@id":"https:\/\/rannahotell.ee\/en\/anika-spa\/#breadcrumb","itemListElement":[{"@type":"ListItem","position":1,"name":"Home","item":"https:\/\/rannahotell.ee\/en\/"},{"@type":"ListItem","position":2,"name":"Anika spa"}]},{"@type":"WebSite","@id":"https:\/\/rannahotell.ee\/en\/#website","url":"https:\/\/rannahotell.ee\/en\/","name":"P\u00e4rnu Rannahotell","description":"Arhitektuurip\u00e4rl P\u00e4rnu parima restoraniga","potentialAction":[{"@type":"SearchAction","target":{"@type":"EntryPoint","urlTemplate":"https:\/\/rannahotell.ee\/en\/?s={search_term_string}"},"query-input":{"@type":"PropertyValueSpecification","valueRequired":true,"valueName":"search_term_string"}}],"inLanguage":"en-US"}]}},"_links":{"self":[{"href":"https:\/\/rannahotell.ee\/en\/wp-json\/wp\/v2\/pages\/1101","targetHints":{"allow":["GET"]}}],"collection":[{"href":"https:\/\/rannahotell.ee\/en\/wp-json\/wp\/v2\/pages"}],"about":[{"href":"https:\/\/rannahotell.ee\/en\/wp-json\/wp\/v2\/types\/page"}],"author":[{"embeddable":true,"href":"https:\/\/rannahotell.ee\/en\/wp-json\/wp\/v2\/users\/3"}],"replies":[{"embeddable":true,"href":"https:\/\/rannahotell.ee\/en\/wp-json\/wp\/v2\/comments?post=1101"}],"version-history":[{"count":7,"href":"https:\/\/rannahotell.ee\/en\/wp-json\/wp\/v2\/pages\/1101\/revisions"}],"predecessor-version":[{"id":1981,"href":"https:\/\/rannahotell.ee\/en\/wp-json\/wp\/v2\/pages\/1101\/revisions\/1981"}],"wp:attachment":[{"href":"https:\/\/rannahotell.ee\/en\/wp-json\/wp\/v2\/media?parent=1101"}],"curies":[{"name":"wp","href":"https:\/\/api.w.org\/{rel}","templated":true}]}}